{"id":6176,"date":"2023-12-20T15:52:36","date_gmt":"2023-12-20T14:52:36","guid":{"rendered":"http:\/\/172.19.41.139\/hr\/?page_id=6176"},"modified":"2023-12-20T15:52:36","modified_gmt":"2023-12-20T14:52:36","slug":"nis2-direktiva","status":"publish","type":"page","link":"https:\/\/www.bccservices.com\/hr\/softverska-rjesenja\/proizvodi\/nis2-direktiva\/","title":{"rendered":"NIS2 DIREKTIVA"},"content":{"rendered":"<div class=\"fusion-fullwidth fullwidth-box fusion-builder-row-1 nonhundred-percent-fullwidth non-hundred-percent-height-scrolling\" style=\"--awb-border-radius-top-left:0px;--awb-border-radius-top-right:0px;--awb-border-radius-bottom-right:0px;--awb-border-radius-bottom-left:0px;--awb-flex-wrap:wrap;\" ><div class=\"fusion-builder-row fusion-row\"><div class=\"fusion-layout-column fusion_builder_column fusion-builder-column-0 fusion_builder_column_1_1 1_1 fusion-one-full fusion-column-first fusion-column-last\" style=\"--awb-bg-size:cover;\"><div class=\"fusion-column-wrapper fusion-column-has-shadow fusion-flex-column-wrapper-legacy\"><div class=\"fusion-clearfix\"><\/div><\/div><\/div><div class=\"fusion-layout-column fusion_builder_column fusion-builder-column-1 fusion_builder_column_1_1 1_1 fusion-one-full fusion-column-first fusion-column-last\" style=\"--awb-bg-size:cover;\"><div class=\"fusion-column-wrapper fusion-column-has-shadow fusion-flex-column-wrapper-legacy\"><div class=\"fusion-text fusion-text-1\"><h4 class=\"fusion-responsive-typography-calculated\" style=\"--fontsize: 30; line-height: 1.4;\" data-fontsize=\"30\" data-lineheight=\"42px\">The Network and Information Systems (NIS)<\/h4>\n<ul>\n<li>DIREKTIVA (EU) 2022\/2555 EUROPSKOG PARLAMENTA I VIJE\u0106A, od 14. prosinca 2022., o mjerama za visoku zajedni\u010dku razinu kibersigurnosti \u0161irom Unije, izmjeni Uredbe (EU) br. 910\/2014 i Direktive<\/li>\n<\/ul>\n<div>Direktiva NIS2 dio je \u0161ire strategije EU-a za pobolj\u0161anje kiberneti\u010dke sigurnosti diljem EU-a. Prijetnje kiberneti\u010dkoj sigurnosti, uklju\u010duju\u0107i kiberneti\u010dki kriminal, kiberneti\u010dku \u0161pijuna\u017eu i kiberneti\u010dke napade na kriti\u010dnu infrastrukturu, postaju sve u\u010destalije i slo\u017eenije te mogu imati zna\u010dajne posljedice za pojedince, tvrtke i vlade. EU prepoznaje da je kiberneti\u010dka sigurnost klju\u010dna za osiguravanje stabilnosti i otpornosti njezina gospodarstva, dru\u0161tva i demokracije. <b>Direktiva NIS2 ima za cilj odgovoriti na<\/b> te <b>izazove kiberneti\u010dke sigurnosti uspostavom sveobuhvatnog pravnog okvira za kiberneti\u010dku sigurnost u EU-u.<\/b> Direktiva name\u0107e obveze svim pru\u017eateljima kriti\u010dne infrastrukture i pru\u017eateljima digitalnih usluga koji posluju u EU da <b>provedu odgovaraju\u0107e tehni\u010dke i organizacijske mjere za upravljanje rizicima koji predstavljaju sigurnost njihove mre\u017ee i informacijskih sustava.<\/b><\/div>\n<div>\n<p>&nbsp;<\/p>\n<p>Prema novoj Direktivi, odabrani dosad neobveznici bit \u0107e du\u017eni provoditi tehni\u010dke i organizacijske sigurnosne mjere, prijavljivati kiberneti\u010dke incidente i prijetnje te se podvrgavati inspekcijama, revizijama i drugim zahtjevima nadle\u017enih tijela. Du\u017eni su <b>provoditi tehni\u010dke, operativne i organizacijske mjere za upravljanje rizicima u svojim mre\u017eama i sustavima te minimizirati utjecaj incidenata.<\/b> Podru\u010dja koja treba pokriti uklju\u010duju rukovanje incidentima, kontinuitet poslovanja i sigurnu autentifikaciju.<\/p>\n<p>U listopadu 2024. godine NIS2 biti \u0107e transponiran u Zakon. Do tog roka izvr\u0161iti \u0107e se i kategorizacija subjekata po sektorima, te \u0107e svaki subjek dobiti obavijest o svom dodijeljenom nadle\u017enom CERT-u i i dodatnim informacijama. U roku od 2 godine treba napraviti izvje\u0161\u0107e o uskla\u0111enosti, odnosno predo\u010diti \u0161to je napravljeno po pitanju uskla\u0111enosti.<\/p>\n<p>BCCServices razumije dinami\u010dnost poslovnog okru\u017eenja i uvijek smo spremni prilagoditi se promjenama kako bismo osigurali da na\u0161i partneri ostvare najbolje rezultate. Zahvalju\u0107i \u0161irokom portfelju proizvoda i usluga uz izniman tim stru\u010dnjaka koji posjeduje \u0161irok spektar vje\u0161tina, <b>mo\u017eemo vam pomo\u0107i kako bi se na vrijeme pripremili za uskla\u0111enje prema NIS2 Direktivi. <\/b><\/p>\n<\/div>\n<div>\n<p>&nbsp;<\/p>\n<p>Ne znate kako zapo\u010deti? Slobodno nam se obratite s povjerenjem.<\/p>\n<p>&nbsp;<\/p>\n<p><b>\u00a0<\/b><\/p>\n<\/div>\n<div>\n<p>&nbsp;<\/p>\n<p>&nbsp;<\/p>\n<\/div>\n<\/div><div class=\"fusion-clearfix\"><\/div><\/div><\/div><\/div><\/div>\n","protected":false},"excerpt":{"rendered":"","protected":false},"author":1,"featured_media":0,"parent":1343,"menu_order":0,"comment_status":"closed","ping_status":"closed","template":"","meta":{"footnotes":""},"class_list":["post-6176","page","type-page","status-publish","hentry"],"yoast_head":"<!-- This site is optimized with the Yoast SEO plugin v25.6 - https:\/\/yoast.com\/wordpress\/plugins\/seo\/ -->\r\n<title>NIS2 DIREKTIVA - BCC Services<\/title>\r\n<meta name=\"robots\" content=\"index, follow, max-snippet:-1, max-image-preview:large, max-video-preview:-1\" \/>\r\n<link rel=\"canonical\" href=\"https:\/\/www.bccservices.com\/hr\/softverska-rjesenja\/proizvodi\/nis2-direktiva\/\" \/>\r\n<meta property=\"og:locale\" content=\"hr_HR\" \/>\r\n<meta property=\"og:type\" content=\"article\" \/>\r\n<meta property=\"og:title\" content=\"NIS2 DIREKTIVA - BCC Services\" \/>\r\n<meta property=\"og:url\" content=\"https:\/\/www.bccservices.com\/hr\/softverska-rjesenja\/proizvodi\/nis2-direktiva\/\" \/>\r\n<meta property=\"og:site_name\" content=\"BCC Services\" \/>\r\n<meta property=\"article:publisher\" content=\"https:\/\/www.facebook.com\/BCCServiceshr\/\" \/>\r\n<meta name=\"twitter:card\" content=\"summary_large_image\" \/>\r\n<meta name=\"twitter:label1\" content=\"Procijenjeno vrijeme \u010ditanja\" \/>\n\t<meta name=\"twitter:data1\" content=\"2 minute\" \/>\r\n<script type=\"application\/ld+json\" class=\"yoast-schema-graph\">{\"@context\":\"https:\/\/schema.org\",\"@graph\":[{\"@type\":\"WebPage\",\"@id\":\"https:\/\/www.bccservices.com\/hr\/softverska-rjesenja\/proizvodi\/nis2-direktiva\/\",\"url\":\"https:\/\/www.bccservices.com\/hr\/softverska-rjesenja\/proizvodi\/nis2-direktiva\/\",\"name\":\"NIS2 DIREKTIVA - BCC Services\",\"isPartOf\":{\"@id\":\"https:\/\/www.bccservices.com\/hr\/#website\"},\"datePublished\":\"2023-12-20T14:52:36+00:00\",\"breadcrumb\":{\"@id\":\"https:\/\/www.bccservices.com\/hr\/softverska-rjesenja\/proizvodi\/nis2-direktiva\/#breadcrumb\"},\"inLanguage\":\"hr\",\"potentialAction\":[{\"@type\":\"ReadAction\",\"target\":[\"https:\/\/www.bccservices.com\/hr\/softverska-rjesenja\/proizvodi\/nis2-direktiva\/\"]}]},{\"@type\":\"BreadcrumbList\",\"@id\":\"https:\/\/www.bccservices.com\/hr\/softverska-rjesenja\/proizvodi\/nis2-direktiva\/#breadcrumb\",\"itemListElement\":[{\"@type\":\"ListItem\",\"position\":1,\"name\":\"Home\",\"item\":\"https:\/\/www.bccservices.com\/hr\/\"},{\"@type\":\"ListItem\",\"position\":2,\"name\":\"Softverska rje\u0161enja\",\"item\":\"https:\/\/www.bccservices.com\/hr\/softverska-rjesenja\/\"},{\"@type\":\"ListItem\",\"position\":3,\"name\":\"Proizvodi\",\"item\":\"https:\/\/www.bccservices.com\/hr\/softverska-rjesenja\/proizvodi\/\"},{\"@type\":\"ListItem\",\"position\":4,\"name\":\"NIS2 DIREKTIVA\"}]},{\"@type\":\"WebSite\",\"@id\":\"https:\/\/www.bccservices.com\/hr\/#website\",\"url\":\"https:\/\/www.bccservices.com\/hr\/\",\"name\":\"BCC Services\",\"description\":\"\",\"publisher\":{\"@id\":\"https:\/\/www.bccservices.com\/hr\/#organization\"},\"potentialAction\":[{\"@type\":\"SearchAction\",\"target\":{\"@type\":\"EntryPoint\",\"urlTemplate\":\"https:\/\/www.bccservices.com\/hr\/?s={search_term_string}\"},\"query-input\":{\"@type\":\"PropertyValueSpecification\",\"valueRequired\":true,\"valueName\":\"search_term_string\"}}],\"inLanguage\":\"hr\"},{\"@type\":\"Organization\",\"@id\":\"https:\/\/www.bccservices.com\/hr\/#organization\",\"name\":\"BCC Services\",\"url\":\"https:\/\/www.bccservices.com\/hr\/\",\"logo\":{\"@type\":\"ImageObject\",\"inLanguage\":\"hr\",\"@id\":\"https:\/\/www.bccservices.com\/hr\/#\/schema\/logo\/image\/\",\"url\":\"http:\/\/172.19.41.139\/hr\/wp-content\/uploads\/2022\/05\/BCC-Services_square-01.png\",\"contentUrl\":\"http:\/\/172.19.41.139\/hr\/wp-content\/uploads\/2022\/05\/BCC-Services_square-01.png\",\"width\":354,\"height\":354,\"caption\":\"BCC Services\"},\"image\":{\"@id\":\"https:\/\/www.bccservices.com\/hr\/#\/schema\/logo\/image\/\"},\"sameAs\":[\"https:\/\/www.facebook.com\/BCCServiceshr\/\"]}]}<\/script>\r\n<!-- \/ Yoast SEO plugin. -->","yoast_head_json":{"title":"NIS2 DIREKTIVA - BCC Services","robots":{"index":"index","follow":"follow","max-snippet":"max-snippet:-1","max-image-preview":"max-image-preview:large","max-video-preview":"max-video-preview:-1"},"canonical":"https:\/\/www.bccservices.com\/hr\/softverska-rjesenja\/proizvodi\/nis2-direktiva\/","og_locale":"hr_HR","og_type":"article","og_title":"NIS2 DIREKTIVA - BCC Services","og_url":"https:\/\/www.bccservices.com\/hr\/softverska-rjesenja\/proizvodi\/nis2-direktiva\/","og_site_name":"BCC Services","article_publisher":"https:\/\/www.facebook.com\/BCCServiceshr\/","twitter_card":"summary_large_image","twitter_misc":{"Procijenjeno vrijeme \u010ditanja":"2 minute"},"schema":{"@context":"https:\/\/schema.org","@graph":[{"@type":"WebPage","@id":"https:\/\/www.bccservices.com\/hr\/softverska-rjesenja\/proizvodi\/nis2-direktiva\/","url":"https:\/\/www.bccservices.com\/hr\/softverska-rjesenja\/proizvodi\/nis2-direktiva\/","name":"NIS2 DIREKTIVA - BCC Services","isPartOf":{"@id":"https:\/\/www.bccservices.com\/hr\/#website"},"datePublished":"2023-12-20T14:52:36+00:00","breadcrumb":{"@id":"https:\/\/www.bccservices.com\/hr\/softverska-rjesenja\/proizvodi\/nis2-direktiva\/#breadcrumb"},"inLanguage":"hr","potentialAction":[{"@type":"ReadAction","target":["https:\/\/www.bccservices.com\/hr\/softverska-rjesenja\/proizvodi\/nis2-direktiva\/"]}]},{"@type":"BreadcrumbList","@id":"https:\/\/www.bccservices.com\/hr\/softverska-rjesenja\/proizvodi\/nis2-direktiva\/#breadcrumb","itemListElement":[{"@type":"ListItem","position":1,"name":"Home","item":"https:\/\/www.bccservices.com\/hr\/"},{"@type":"ListItem","position":2,"name":"Softverska rje\u0161enja","item":"https:\/\/www.bccservices.com\/hr\/softverska-rjesenja\/"},{"@type":"ListItem","position":3,"name":"Proizvodi","item":"https:\/\/www.bccservices.com\/hr\/softverska-rjesenja\/proizvodi\/"},{"@type":"ListItem","position":4,"name":"NIS2 DIREKTIVA"}]},{"@type":"WebSite","@id":"https:\/\/www.bccservices.com\/hr\/#website","url":"https:\/\/www.bccservices.com\/hr\/","name":"BCC Services","description":"","publisher":{"@id":"https:\/\/www.bccservices.com\/hr\/#organization"},"potentialAction":[{"@type":"SearchAction","target":{"@type":"EntryPoint","urlTemplate":"https:\/\/www.bccservices.com\/hr\/?s={search_term_string}"},"query-input":{"@type":"PropertyValueSpecification","valueRequired":true,"valueName":"search_term_string"}}],"inLanguage":"hr"},{"@type":"Organization","@id":"https:\/\/www.bccservices.com\/hr\/#organization","name":"BCC Services","url":"https:\/\/www.bccservices.com\/hr\/","logo":{"@type":"ImageObject","inLanguage":"hr","@id":"https:\/\/www.bccservices.com\/hr\/#\/schema\/logo\/image\/","url":"http:\/\/172.19.41.139\/hr\/wp-content\/uploads\/2022\/05\/BCC-Services_square-01.png","contentUrl":"http:\/\/172.19.41.139\/hr\/wp-content\/uploads\/2022\/05\/BCC-Services_square-01.png","width":354,"height":354,"caption":"BCC Services"},"image":{"@id":"https:\/\/www.bccservices.com\/hr\/#\/schema\/logo\/image\/"},"sameAs":["https:\/\/www.facebook.com\/BCCServiceshr\/"]}]}},"_links":{"self":[{"href":"https:\/\/www.bccservices.com\/hr\/wp-json\/wp\/v2\/pages\/6176"}],"collection":[{"href":"https:\/\/www.bccservices.com\/hr\/wp-json\/wp\/v2\/pages"}],"about":[{"href":"https:\/\/www.bccservices.com\/hr\/wp-json\/wp\/v2\/types\/page"}],"author":[{"embeddable":true,"href":"https:\/\/www.bccservices.com\/hr\/wp-json\/wp\/v2\/users\/1"}],"replies":[{"embeddable":true,"href":"https:\/\/www.bccservices.com\/hr\/wp-json\/wp\/v2\/comments?post=6176"}],"version-history":[{"count":2,"href":"https:\/\/www.bccservices.com\/hr\/wp-json\/wp\/v2\/pages\/6176\/revisions"}],"predecessor-version":[{"id":6179,"href":"https:\/\/www.bccservices.com\/hr\/wp-json\/wp\/v2\/pages\/6176\/revisions\/6179"}],"up":[{"embeddable":true,"href":"https:\/\/www.bccservices.com\/hr\/wp-json\/wp\/v2\/pages\/1343"}],"wp:attachment":[{"href":"https:\/\/www.bccservices.com\/hr\/wp-json\/wp\/v2\/media?parent=6176"}],"curies":[{"name":"wp","href":"https:\/\/api.w.org\/{rel}","templated":true}]}}