{"id":5959,"date":"2023-12-27T15:25:00","date_gmt":"2023-12-27T14:25:00","guid":{"rendered":"http:\/\/172.19.41.139\/hr\/?page_id=5959"},"modified":"2023-12-27T15:25:00","modified_gmt":"2023-12-27T14:25:00","slug":"politika-privatnosti","status":"publish","type":"page","link":"https:\/\/www.bccservices.com\/hr\/politika-privatnosti\/","title":{"rendered":"Politika Privatnosti"},"content":{"rendered":"<div class=\"fusion-fullwidth fullwidth-box fusion-builder-row-1 fusion-flex-container nonhundred-percent-fullwidth non-hundred-percent-height-scrolling\" style=\"--awb-border-radius-top-left:0px;--awb-border-radius-top-right:0px;--awb-border-radius-bottom-right:0px;--awb-border-radius-bottom-left:0px;--awb-flex-wrap:wrap;\" ><div class=\"fusion-builder-row fusion-row fusion-flex-align-items-flex-start fusion-flex-content-wrap\" style=\"max-width:1216.8px;margin-left: calc(-4% \/ 2 );margin-right: calc(-4% \/ 2 );\"><div class=\"fusion-layout-column fusion_builder_column fusion-builder-column-0 fusion_builder_column_1_1 1_1 fusion-flex-column\" style=\"--awb-bg-blend:overlay;--awb-bg-size:cover;--awb-width-large:100%;--awb-margin-top-large:0px;--awb-spacing-right-large:1.92%;--awb-margin-bottom-large:0px;--awb-spacing-left-large:1.92%;--awb-width-medium:100%;--awb-spacing-right-medium:1.92%;--awb-spacing-left-medium:1.92%;--awb-width-small:100%;--awb-spacing-right-small:1.92%;--awb-spacing-left-small:1.92%;\"><div class=\"fusion-column-wrapper fusion-flex-justify-content-flex-start fusion-content-layout-column\"><div class=\"fusion-text fusion-text-1\"><h4 align=\"justify\"><strong>Politika privatnosti za BCCservices<\/strong><\/h4>\n<h4 align=\"justify\"><strong>Zadnja promjena: 30. studenog, 2023<\/strong><\/h4>\n<p align=\"justify\">Dobrodo\u0161li u BCCservices! Ova Pravila o privatnosti opisuju kako BCCservices (&#8220;mi&#8221;, &#8220;nas&#8221; ili &#8220;na\u0161&#8221;) prikuplja, koristi, otkriva i \u0161titi va\u0161e podatke kada koristite na\u0161u web stranicu ili usluge.<\/p>\n<p align=\"justify\">Ako se ne sla\u017eete s ovom politikom privatnosti, ne biste trebali pristupiti niti koristiti stranicu ili uslugu.<\/p>\n<h4 align=\"justify\"><strong>OP\u0106E INFORMACIJE<br \/>\n<\/strong><\/h4>\n<p align=\"justify\">Voditelj obrade, prema primjenjivim zakonima o za\u0161titi podataka, je fizi\u010dka ili pravna osoba, javno tijelo, agencija ili drugo tijelo koje, samostalno ili zajedno s drugima, odre\u0111uje svrhe i sredstva obrade osobnih podataka. U ovom slu\u010daju Voditelj obrade je:<\/p>\n<p><strong>BCC Services d.o.o.<\/strong><br \/>\n<strong>Ulica Damira Tomljanovi\u0107a Gavrana 7<\/strong><br \/>\n<strong>10000 Zagreb<\/strong><br \/>\n<strong>OIB: 99008810635<\/strong><\/p>\n<p align=\"justify\">Sve osobne podatke koje prikupljamo prikupljeni su izravno od vas (npr. putem obrasca za kontakt) i bitni su za pru\u017eanje tra\u017eene usluge. Osim toga, mo\u017eemo podijeliti pojedinosti o na\u0161im uslugama s vama, ali budite uvjereni, nikada ne\u0107emo trgovati ili prenositi va\u0161e osobne podatke drugim stranama za njihove marketin\u0161ke aktivnosti ili bilo koje svrhe koje nisu izri\u010dito navedene u ovim Pravilima o privatnosti.<\/p>\n<p align=\"justify\">Mogu postojati slu\u010dajevi u kojima anga\u017eiramo tre\u0107e strane da ispune usluge koje ste tra\u017eili, a pod odre\u0111enim okolnostima te tre\u0107e strane mogu pristupiti va\u0161im podacima. BCC services d.o.o. ima implementirane sna\u017ene za\u0161titne i sigurnosne mjere u suradnji s tre\u0107im stranama za upravljanje takvim interakcijama, osiguravaju\u0107i uskla\u0111enost s GDPR propisima i odr\u017eavaju\u0107i odgovaraju\u0107u razinu za\u0161tite va\u0161ih osobnih podataka.<\/p>\n<p align=\"justify\">Ova Pravila o privatnosti obuhva\u0107aju sve osobne podatke prikupljene putem na\u0161ih usluga, kao i sve povezane usluge, prodaju, marketing ili doga\u0111aje. Pozivamo vas da pa\u017eljivo pregledate ovu Politiku privatnosti kako biste stekli uvid u to kako postupamo s informacijama koje prikupljamo.<\/p>\n<h4><strong>DEFINICIJE<\/strong><\/h4>\n<p align=\"justify\"><strong>Dr\u017eava<\/strong> se odnosi na: Hrvatska<\/p>\n<p align=\"justify\"><strong>Tvrtka<\/strong> (Tvrtka, Mi, Nas ili Na\u0161i) odnosi se na BCC Services d.o.o.<\/p>\n<p align=\"justify\"><strong>Ure\u0111aj <\/strong>zna\u010di bilo koji ure\u0111aj koji mo\u017ee pristupiti Usluzi kao \u0161to je ra\u010dunalo, mobilni telefon, digitalni tablet i sli\u010dno.<\/p>\n<p align=\"justify\"><strong>Usluga<\/strong> se odnosi na web stranicu.<\/p>\n<p align=\"justify\"><strong>Usluga dru\u0161tvenih medija tre\u0107e strane <\/strong>zna\u010di sve usluge ili sadr\u017eaj (uklju\u010duju\u0107i podatke, informacije, proizvode ili usluge) koje pru\u017ea tre\u0107a strana, a koji mogu biti prikazani, uklju\u010deni ili dostupni putem Usluge.<\/p>\n<p align=\"justify\"><strong>Web stranica<\/strong> odnosi se na web adresu, dostupnu na poveznici <a href=\"http:\/\/bccservices.com\">http:\/\/bccservices.com<\/a><\/p>\n<p align=\"justify\"><strong>Vi <\/strong>ozna\u010dava pojedinca koji pristupa ili koristi uslugu, ili tvrtku ili drugu pravnu osobu u ime koje takva osoba pristupa ili koristi uslugu, prema potrebi.<\/p>\n<h4><strong>Informacije koje prikupljamo<br \/>\n<\/strong><\/h4>\n<ol>\n<li>\n<div align=\"justify\"><strong>Osobni podaci:<\/strong> kada koristite na\u0161u web stranicu ili usluge, mo\u017eemo prikupljati osobne podatke, kao \u0161to su va\u0161e ime, adresa e-po\u0161te, telefonski broj i drugi podaci za kontakt.<\/div>\n<\/li>\n<\/ol>\n<p align=\"justify\">Ova Pravila o privatnosti obuhva\u0107aju sve osobne podatke prikupljene putem na\u0161ih usluga, kao i sve povezane usluge, prodaju, marketing ili doga\u0111aje. Pozivamo vas da pa\u017eljivo pregledate ovu Politiku privatnosti kako biste stekli uvid u to kako postupamo s informacijama koje prikupljamo.<\/p>\n<ol start=\"2\">\n<li><strong>Informacije o kori\u0161tenju:<\/strong> mo\u017eemo prikupljati podatke o tome kako koristite na\u0161u web stranicu, uklju\u010duju\u0107i va\u0161u IP adresu, vrstu preglednika i informacije o ure\u0111aju.<\/li>\n<\/ol>\n<h4 align=\"justify\"><strong>Kako koristimo va\u0161e informacije<br \/>\n<\/strong><\/h4>\n<div align=\"justify\">\n<ol>\n<li><strong>Pru\u017eanje usluge:<\/strong> va\u0161e osobne podatke koristimo za pru\u017eanje usluga koje tra\u017eite i odgovaranje na upite.<\/li>\n<li><strong>Unaprje\u0111enje usluge:<\/strong> va\u0161e podatke mo\u017eemo koristiti za pobolj\u0161anje na\u0161e web stranice i usluga, uklju\u010duju\u0107i analizu pona\u0161anja i preferencija korisnika.<\/li>\n<li><strong>Komunikacija s vama:<\/strong> mo\u017eemo koristiti va\u0161e podatke za kontakt kako bismo vam slali va\u017ena a\u017euriranja, biltene ili promotivne materijale. Mo\u017eete odustati od ove komunikaciju u bilo kojem trenutku.<\/li>\n<\/ol>\n<\/div>\n<p align=\"justify\">Sve osobne podatke koje prikupljamo prikupljamo izravno od vas i bitni su za pru\u017eanje tra\u017eene usluge. Osim toga, mo\u017eemo podijeliti pojedinosti o na\u0161im uslugama s vama, ali budite uvjereni, nikada ne\u0107emo trgovati ili prenositi va\u0161e osobne podatke vanjskim stranama za njihove marketin\u0161ke aktivnosti ili bilo koje svrhe koje nisu izri\u010dito navedene u ovim Pravilima o privatnosti.<\/p>\n<h4><strong>Dijeljenje podataka<br \/>\n<\/strong><\/h4>\n<p>Ne prodajemo, razmjenjujemo ili na bilo koji drugi na\u010din prenosimo va\u0161e osobne podatke tre\u0107im stranama bez va\u0161eg pristanka, osim kako je opisano u ovim Pravilima privatnosti ili kako je propisano zakonom.<\/p>\n<p>Va\u0161e osobne podatke mo\u017eemo obra\u0111ivati, tj. dijeliti sa sljede\u0107im subjektima i u sljede\u0107im situacijama:<\/p>\n<ul>\n<li><strong>Poslovni prijenosi;<\/strong><\/li>\n<\/ul>\n<p>Va\u0161e podatke mo\u017eemo podijeliti ili prenijeti u vezi s ili tijekom pregovora o bilo kakvom spajanju, prodaji imovine tvrtke, financiranju ili stjecanju cijelog ili dijela na\u0161eg poslovanja drugoj tvrtki. U takvom slu\u010daju minimizirat \u0107emo otkrivanje osobnih podataka i osigurati da postoje odgovaraju\u0107e za\u0161titne mjere za ubla\u017eavanje bilo kakvog rizika od povrede podataka.<\/p>\n<ul>\n<li>\n<div align=\"justify\"><strong>Dobavlja\u010di, konzultanti i ostali pru\u017eatelji usluga tre\u0107ih strana<br \/>\n<\/strong><\/div>\n<\/li>\n<\/ul>\n<p align=\"justify\">Va\u0161i podaci mogu biti otkriveni dobavlja\u010dima, konzultantima i drugim pru\u017eateljima usluga tre\u0107ih strana koji su uklju\u010deni u aktivnosti kao \u0161to su obrada pla\u0107anja, analiza podataka, isporuka e-po\u0161te, usluge hostinga, korisni\u010dka podr\u0161ka i marketing u na\u0161e ime. Odr\u017eavamo ugovore s tim izvr\u0161iteljima kako bismo za\u0161titili va\u0161e osobne podatke. Ograni\u010deno im je kori\u0161tenje va\u0161ih podataka u bilo koje druge svrhe osim onih koje smo uputili i zabranjeno im je njihovo dijeljenje s bilo kojim drugim subjektom osim s nama. Osim toga, obvezuju se da \u0107e osigurati podatke kojima rukuju u na\u0161e ime i zadr\u017eati ih samo onoliko koliko je navedeno u na\u0161im uputama.<\/p>\n<p align=\"justify\">\u0160tovi\u0161e, odabrani pru\u017eatelji usluga, navedeni u nastavku, mogu koristiti tehnologiju pra\u0107enja na licu mjesta za prikupljanje informacija o va\u0161im interakcijama s na\u0161im web mjestom. Ovi se podaci koriste za analizu i pra\u0107enje pona\u0161anja korisnika, procjenu popularnosti odre\u0111enog sadr\u017eaja, stranica ili zna\u010dajki i stjecanje dubljeg razumijevanja online aktivnosti. Va\u017eno je napomenuti da, osim kako je navedeno u ovim Pravilima privatnosti, ne dijelimo, prodajemo, iznajmljujemo ili razmjenjujemo va\u0161e podatke s tre\u0107im stranama u promotivne svrhe. Va\u0161e podatke dijelimo i otkrivamo samo sa sljede\u0107im kategorijama tre\u0107ih strana:<\/p>\n<ul>\n<li>\n<div align=\"justify\"><strong>LinkedIn Social Plugin<\/strong> kojim upravlja LinkedIn Corporation. LinkedIn Social Plugin je ikona koja sadr\u017ei logotip LinkedIna, a klikom na nju posjetitelji na\u0161ih web stranica preusmjeravaju se na web stranice LinkedIna. U tom slu\u010daju LinkedIn mo\u017ee primiti informacije o na\u0161im posjetiteljima, kao \u0161to su IP adrese zbog tehni\u010dkih razloga. Odabir LinkedIn ikone omogu\u0107uje vizualni prikaz LinkedIn web stranice.<\/div>\n<\/li>\n<\/ul>\n<h4><strong>Sigurnost podataka<br \/>\n<\/strong><\/h4>\n<p align=\"justify\">Poduzimamo razumne mjere kako bismo za\u0161titili va\u0161e osobne podatke od neovla\u0161tenog pristupa, kori\u0161tenja ili otkrivanja. Me\u0111utim, nijedna metoda prijenosa putem interneta ili elektroni\u010dke pohrane nije 100% sigurna.<\/p>\n<h4><strong>Kola\u010di\u0107i<\/strong><\/h4>\n<p align=\"justify\">Koristimo kola\u010di\u0107e kako bismo pobolj\u0161ali va\u0161e iskustvo na na\u0161oj web stranici. Koristimo strogo nu\u017ene kola\u010di\u0107e koji su nu\u017eni za pravilan rad stranica i usluga. Oni uklju\u010duju sve bitne kola\u010di\u0107e za provjeru autenti\u010dnosti i autorizaciju za Usluge. Kola\u010di\u0107e mo\u017eete kontrolirati putem postavki preglednika.<\/p>\n<p>Slijedi popis kola\u010di\u0107a koje koristimo:<\/p>\n<table>\n<tbody>\n<tr>\n<td width=\"141\">Ime<\/td>\n<td width=\"65\">Vrsta<\/td>\n<td width=\"398\">Opis<\/td>\n<\/tr>\n<tr>\n<td width=\"141\">privacy_embeds<\/td>\n<td width=\"65\">Funkcionalni<\/td>\n<td width=\"398\">Ova stranica koristi ovaj kola\u010di\u0107 samo za pohranjivanje va\u0161ih preferencija u vezi s kori\u0161tenjem kola\u010di\u0107a.<\/td>\n<\/tr>\n<tr>\n<td width=\"141\">wp-settings-1<\/td>\n<td width=\"65\">Tehni\u010dki<\/td>\n<td width=\"398\">Kola\u010di\u0107 se koristi za provjeru je li web preglednik postavljen da dopu\u0161ta ili odbija kola\u010di\u0107e.<\/td>\n<\/tr>\n<tr>\n<td width=\"141\">wordpress_test_cookie<\/td>\n<td width=\"65\">Tehni\u010dki<\/td>\n<td width=\"398\">WordPress postavlja ovaj kola\u010di\u0107 kada prije\u0111ete na stranicu za prijavu. Kola\u010di\u0107 se koristi za provjeru je li va\u0161 web preglednik postavljen da dopu\u0161ta ili odbija kola\u010di\u0107e.<\/td>\n<\/tr>\n<tr>\n<td width=\"141\">wp-settings-time-1<\/td>\n<td width=\"65\">Tehni\u010dki<\/td>\n<td width=\"398\">WordPress ga koristi za prilagodbu prikaza administratorskog su\u010delja, a mo\u017eda i glavnog su\u010delja web-mjesta.<\/td>\n<\/tr>\n<\/tbody>\n<\/table>\n<p align=\"justify\">\u010clanci na ovoj web stranici mogu sadr\u017eavati ugra\u0111eni sadr\u017eaj (npr. video, slike, \u010dlanke itd.). Ugra\u0111eni sadr\u017eaj s drugih web stranica pona\u0161a se isto kao da je posjetitelj posjetio tu drugu web stranicu. Te web stranice mogu prikupljati informacije o vama, koristiti kola\u010di\u0107e, imati ugra\u0111eno dodatno pra\u0107enje tre\u0107e strane i pratiti va\u0161u interakciju s tim ugra\u0111enim sadr\u017eajem, uklju\u010duju\u0107i pra\u0107enje va\u0161e interakcije s ugra\u0111enim sadr\u017eajem ako imate ra\u010dun i prijavljeni ste na web mjesto.<\/p>\n<h4><strong>Izmjene Politike privatnosti<br \/>\n<\/strong><\/h4>\n<p>S vremena na vrijeme mo\u017eemo a\u017eurirati ovu Politiku privatnosti. Najnovija verzija bit \u0107e objavljena na na\u0161oj web stranici s datumom stupanja na snagu.<\/p>\n<h4 align=\"justify\"><strong>Prava korisnika<br \/>\n<\/strong><\/h4>\n<p align=\"justify\">Sukladno va\u017ee\u0107im propisima, imate sljede\u0107a prava i obveze u vezi s obradom Va\u0161ih osobnih podataka. Mo\u017eete kontrolirati podatke koje prikupljamo i na\u010din na koji komuniciramo s vama. Imate pravo pristupiti, ispraviti ili izbrisati svoje osobne podatke. Kontaktirajte nas na [info-at-bccservices.com] za pomo\u0107.<\/p>\n<p align=\"justify\"><strong>The right to object;<\/strong><\/p>\n<p align=\"justify\">You have the right to object to the processing of your data on grounds relating to your particular situation and if we process your personal data on the basis of our legitimate interests.<\/p>\n<p><strong>Pravo na prigovor;<\/strong><\/p>\n<p align=\"justify\">Imate pravo dobiti potvrdu obra\u0111ujemo li va\u0161e osobne podatke i, ako se takvi osobni podaci obra\u0111uju, pristup tim podacima, primanje informacija o svrhama obrade, kategorijama osobnih podataka koji se obra\u0111uju, primateljima ili kategorijama primatelja kome su osobni podaci otkriveni ili \u0107e biti otkriveni (osobito ako imaju prebivali\u0161te u tre\u0107oj zemlji), predvi\u0111eno razdoblje u kojem \u0107e podaci biti pohranjeni ili kriteriji kori\u0161teni za odre\u0111ivanje tog razdoblja te informacije o va\u0161em pravu da od nas zatra\u017eite ispravak ili brisanje osobnih podataka ili ograni\u010denje obrade osobnih podataka, pravo na podno\u0161enje pritu\u017ebe nadzornom tijelu, izvor osobnih podataka ako nisu prikupljeni od vas, postojanje automatiziranog dono\u0161enja odluka, njegova logika takve obrade, uklju\u010duju\u0107i stvaranje profila te va\u017enost i predvi\u0111ene posljedice obrade kao i implementirane mjere za\u0161tite.<\/p>\n<p><strong>Pravo na brisanje;<\/strong><\/p>\n<p>Imate pravo ishoditi brisanje va\u0161ih osobnih podataka bez nepotrebnog odga\u0111anja pod uvjetima navedenim u primjenjivim propisima o za\u0161titi podataka.<\/p>\n<p><strong>Pravo na ograni\u010denje obrade;<\/strong><\/p>\n<p>Imate pravo od nas tra\u017eiti ograni\u010denje obrade Va\u0161ih osobnih podataka pod uvjetima navedenim u va\u017ee\u0107im propisima o za\u0161titi podataka.<\/p>\n<p><strong>Pravo na ispravak;<\/strong><\/p>\n<p>Imate pravo ishoditi ispravak svojih neto\u010dnih osobnih podataka.<\/p>\n<p>Mo\u017eete se u bilo kojem trenutku slobodno odjaviti s na\u0161eg popisa marketin\u0161ke e-po\u0161te na sljede\u0107i na\u010din:<\/p>\n<p>a) klikom na poveznicu za odjavu pretplate u e-porukama koje \u0161aljemo;<\/p>\n<p>b) kontaktiraju\u0107i nas putem komunikacijskih kanala spomenutih ni\u017ee.<\/p>\n<h4><strong>Kontaktirajte nas<br \/>\n<\/strong><\/h4>\n<p>Ako imate bilo kakvih pitanja ili nedoumica u vezi s na\u0161om Politikom privatnosti, kontaktirajte nas na [<a href=\"mailto:info@bccservices.com\">info-at-bccservices.com<\/a>].<\/p>\n<\/div><\/div><\/div><\/div><\/div>\n","protected":false},"excerpt":{"rendered":"","protected":false},"author":1,"featured_media":0,"parent":0,"menu_order":0,"comment_status":"closed","ping_status":"closed","template":"","meta":{"footnotes":""},"class_list":["post-5959","page","type-page","status-publish","hentry"],"yoast_head":"<!-- This site is optimized with the Yoast SEO plugin v25.6 - https:\/\/yoast.com\/wordpress\/plugins\/seo\/ -->\r\n<title>Politika Privatnosti - BCC Services<\/title>\r\n<meta name=\"robots\" content=\"index, follow, max-snippet:-1, max-image-preview:large, max-video-preview:-1\" \/>\r\n<link rel=\"canonical\" href=\"https:\/\/www.bccservices.com\/hr\/politika-privatnosti\/\" \/>\r\n<meta property=\"og:locale\" content=\"hr_HR\" \/>\r\n<meta property=\"og:type\" content=\"article\" \/>\r\n<meta property=\"og:title\" content=\"Politika Privatnosti - BCC Services\" \/>\r\n<meta property=\"og:url\" content=\"https:\/\/www.bccservices.com\/hr\/politika-privatnosti\/\" \/>\r\n<meta property=\"og:site_name\" content=\"BCC Services\" \/>\r\n<meta property=\"article:publisher\" content=\"https:\/\/www.facebook.com\/BCCServiceshr\/\" \/>\r\n<meta name=\"twitter:card\" content=\"summary_large_image\" \/>\r\n<meta name=\"twitter:label1\" content=\"Procijenjeno vrijeme \u010ditanja\" \/>\n\t<meta name=\"twitter:data1\" content=\"9 minuta\" \/>\r\n<script type=\"application\/ld+json\" class=\"yoast-schema-graph\">{\"@context\":\"https:\/\/schema.org\",\"@graph\":[{\"@type\":\"WebPage\",\"@id\":\"https:\/\/www.bccservices.com\/hr\/politika-privatnosti\/\",\"url\":\"https:\/\/www.bccservices.com\/hr\/politika-privatnosti\/\",\"name\":\"Politika Privatnosti - BCC Services\",\"isPartOf\":{\"@id\":\"https:\/\/www.bccservices.com\/hr\/#website\"},\"datePublished\":\"2023-12-27T14:25:00+00:00\",\"breadcrumb\":{\"@id\":\"https:\/\/www.bccservices.com\/hr\/politika-privatnosti\/#breadcrumb\"},\"inLanguage\":\"hr\",\"potentialAction\":[{\"@type\":\"ReadAction\",\"target\":[\"https:\/\/www.bccservices.com\/hr\/politika-privatnosti\/\"]}]},{\"@type\":\"BreadcrumbList\",\"@id\":\"https:\/\/www.bccservices.com\/hr\/politika-privatnosti\/#breadcrumb\",\"itemListElement\":[{\"@type\":\"ListItem\",\"position\":1,\"name\":\"Home\",\"item\":\"https:\/\/www.bccservices.com\/hr\/\"},{\"@type\":\"ListItem\",\"position\":2,\"name\":\"Politika Privatnosti\"}]},{\"@type\":\"WebSite\",\"@id\":\"https:\/\/www.bccservices.com\/hr\/#website\",\"url\":\"https:\/\/www.bccservices.com\/hr\/\",\"name\":\"BCC Services\",\"description\":\"\",\"publisher\":{\"@id\":\"https:\/\/www.bccservices.com\/hr\/#organization\"},\"potentialAction\":[{\"@type\":\"SearchAction\",\"target\":{\"@type\":\"EntryPoint\",\"urlTemplate\":\"https:\/\/www.bccservices.com\/hr\/?s={search_term_string}\"},\"query-input\":{\"@type\":\"PropertyValueSpecification\",\"valueRequired\":true,\"valueName\":\"search_term_string\"}}],\"inLanguage\":\"hr\"},{\"@type\":\"Organization\",\"@id\":\"https:\/\/www.bccservices.com\/hr\/#organization\",\"name\":\"BCC Services\",\"url\":\"https:\/\/www.bccservices.com\/hr\/\",\"logo\":{\"@type\":\"ImageObject\",\"inLanguage\":\"hr\",\"@id\":\"https:\/\/www.bccservices.com\/hr\/#\/schema\/logo\/image\/\",\"url\":\"http:\/\/172.19.41.139\/hr\/wp-content\/uploads\/2022\/05\/BCC-Services_square-01.png\",\"contentUrl\":\"http:\/\/172.19.41.139\/hr\/wp-content\/uploads\/2022\/05\/BCC-Services_square-01.png\",\"width\":354,\"height\":354,\"caption\":\"BCC Services\"},\"image\":{\"@id\":\"https:\/\/www.bccservices.com\/hr\/#\/schema\/logo\/image\/\"},\"sameAs\":[\"https:\/\/www.facebook.com\/BCCServiceshr\/\"]}]}<\/script>\r\n<!-- \/ Yoast SEO plugin. -->","yoast_head_json":{"title":"Politika Privatnosti - BCC Services","robots":{"index":"index","follow":"follow","max-snippet":"max-snippet:-1","max-image-preview":"max-image-preview:large","max-video-preview":"max-video-preview:-1"},"canonical":"https:\/\/www.bccservices.com\/hr\/politika-privatnosti\/","og_locale":"hr_HR","og_type":"article","og_title":"Politika Privatnosti - BCC Services","og_url":"https:\/\/www.bccservices.com\/hr\/politika-privatnosti\/","og_site_name":"BCC Services","article_publisher":"https:\/\/www.facebook.com\/BCCServiceshr\/","twitter_card":"summary_large_image","twitter_misc":{"Procijenjeno vrijeme \u010ditanja":"9 minuta"},"schema":{"@context":"https:\/\/schema.org","@graph":[{"@type":"WebPage","@id":"https:\/\/www.bccservices.com\/hr\/politika-privatnosti\/","url":"https:\/\/www.bccservices.com\/hr\/politika-privatnosti\/","name":"Politika Privatnosti - BCC Services","isPartOf":{"@id":"https:\/\/www.bccservices.com\/hr\/#website"},"datePublished":"2023-12-27T14:25:00+00:00","breadcrumb":{"@id":"https:\/\/www.bccservices.com\/hr\/politika-privatnosti\/#breadcrumb"},"inLanguage":"hr","potentialAction":[{"@type":"ReadAction","target":["https:\/\/www.bccservices.com\/hr\/politika-privatnosti\/"]}]},{"@type":"BreadcrumbList","@id":"https:\/\/www.bccservices.com\/hr\/politika-privatnosti\/#breadcrumb","itemListElement":[{"@type":"ListItem","position":1,"name":"Home","item":"https:\/\/www.bccservices.com\/hr\/"},{"@type":"ListItem","position":2,"name":"Politika Privatnosti"}]},{"@type":"WebSite","@id":"https:\/\/www.bccservices.com\/hr\/#website","url":"https:\/\/www.bccservices.com\/hr\/","name":"BCC Services","description":"","publisher":{"@id":"https:\/\/www.bccservices.com\/hr\/#organization"},"potentialAction":[{"@type":"SearchAction","target":{"@type":"EntryPoint","urlTemplate":"https:\/\/www.bccservices.com\/hr\/?s={search_term_string}"},"query-input":{"@type":"PropertyValueSpecification","valueRequired":true,"valueName":"search_term_string"}}],"inLanguage":"hr"},{"@type":"Organization","@id":"https:\/\/www.bccservices.com\/hr\/#organization","name":"BCC Services","url":"https:\/\/www.bccservices.com\/hr\/","logo":{"@type":"ImageObject","inLanguage":"hr","@id":"https:\/\/www.bccservices.com\/hr\/#\/schema\/logo\/image\/","url":"http:\/\/172.19.41.139\/hr\/wp-content\/uploads\/2022\/05\/BCC-Services_square-01.png","contentUrl":"http:\/\/172.19.41.139\/hr\/wp-content\/uploads\/2022\/05\/BCC-Services_square-01.png","width":354,"height":354,"caption":"BCC Services"},"image":{"@id":"https:\/\/www.bccservices.com\/hr\/#\/schema\/logo\/image\/"},"sameAs":["https:\/\/www.facebook.com\/BCCServiceshr\/"]}]}},"_links":{"self":[{"href":"https:\/\/www.bccservices.com\/hr\/wp-json\/wp\/v2\/pages\/5959"}],"collection":[{"href":"https:\/\/www.bccservices.com\/hr\/wp-json\/wp\/v2\/pages"}],"about":[{"href":"https:\/\/www.bccservices.com\/hr\/wp-json\/wp\/v2\/types\/page"}],"author":[{"embeddable":true,"href":"https:\/\/www.bccservices.com\/hr\/wp-json\/wp\/v2\/users\/1"}],"replies":[{"embeddable":true,"href":"https:\/\/www.bccservices.com\/hr\/wp-json\/wp\/v2\/comments?post=5959"}],"version-history":[{"count":2,"href":"https:\/\/www.bccservices.com\/hr\/wp-json\/wp\/v2\/pages\/5959\/revisions"}],"predecessor-version":[{"id":6208,"href":"https:\/\/www.bccservices.com\/hr\/wp-json\/wp\/v2\/pages\/5959\/revisions\/6208"}],"wp:attachment":[{"href":"https:\/\/www.bccservices.com\/hr\/wp-json\/wp\/v2\/media?parent=5959"}],"curies":[{"name":"wp","href":"https:\/\/api.w.org\/{rel}","templated":true}]}}