{"id":2622,"date":"2021-03-09T14:43:38","date_gmt":"2021-03-09T13:43:38","guid":{"rendered":"http:\/\/172.19.41.139\/hr\/?page_id=2622"},"modified":"2023-12-13T13:28:02","modified_gmt":"2023-12-13T12:28:02","slug":"microfocus","status":"publish","type":"page","link":"https:\/\/www.bccservices.com\/hr\/softverska-rjesenja\/tehnoloski-partneri\/microfocus\/","title":{"rendered":"OpenText"},"content":{"rendered":"<p><div class=\"fusion-fullwidth fullwidth-box fusion-builder-row-1 nonhundred-percent-fullwidth non-hundred-percent-height-scrolling\" style=\"--awb-border-radius-top-left:0px;--awb-border-radius-top-right:0px;--awb-border-radius-bottom-right:0px;--awb-border-radius-bottom-left:0px;--awb-flex-wrap:wrap;\" ><div class=\"fusion-builder-row fusion-row\"><div class=\"fusion-layout-column fusion_builder_column fusion-builder-column-0 fusion_builder_column_1_1 1_1 fusion-one-full fusion-column-first fusion-column-last\" style=\"--awb-bg-size:cover;\"><div class=\"fusion-column-wrapper fusion-column-has-shadow fusion-flex-column-wrapper-legacy\"><div class=\"fusion-clearfix\"><\/div><\/div><\/div><\/div><\/div><div class=\"fusion-fullwidth fullwidth-box fusion-builder-row-2 nonhundred-percent-fullwidth non-hundred-percent-height-scrolling\" style=\"--awb-border-radius-top-left:0px;--awb-border-radius-top-right:0px;--awb-border-radius-bottom-right:0px;--awb-border-radius-bottom-left:0px;--awb-flex-wrap:wrap;\" ><div class=\"fusion-builder-row fusion-row\"><div class=\"fusion-layout-column fusion_builder_column fusion-builder-column-1 fusion_builder_column_1_1 1_1 fusion-one-full fusion-column-first fusion-column-last\" style=\"--awb-bg-size:cover;\"><div class=\"fusion-column-wrapper fusion-column-has-shadow fusion-flex-column-wrapper-legacy\"><div class=\"fusion-text fusion-text-1\"><p><strong>OpenText<\/strong> (nekada, Micro Focus) &#8211; skup rje\u0161enja za upravljanje informacijama je jedinstven na tr\u017ei\u0161tu po svojoj sveobuhvatnosti i mogu\u0107nosti integracije. U skladu s najboljim poslovnim praksama i brojnim zakonskim i industrijskim regulativama, ne postoji segment integriranog upravljanja informacijama od njihovog nastanka pa sve do njihovog kraja (ILM \u2013 Information Lifecycle Management) koji ne mo\u017ee podr\u017eati. OpenText strategiju razvoja temelji na inovaciji \u2013 od doba tvrtke Autonomy (kasnije HP Autonomy pa Hewlett Packard Enterprise) kada je 20% godi\u0161njeg prometa izdvajano za istra\u017eivanje i razvoj, \u0161to je rezultiralo s vi\u0161e od 170 patenata i vrhunskom tehnologijom zasnovanom na tzv. \u201eIntelligent Data Operating Layer (IDOL)\u201c, kao rezultat dugogodi\u0161njeg sveobuhvatnog istra\u017eivanja sveu\u010dili\u0161ta u Cambridgeu.<\/p>\n<p style=\"text-align: left;\">BCC Services nudi implementaciju poslovnih rje\u0161enja za sljede\u0107e proizvode:<\/p>\n<ul>\n<li><span style=\"text-align: var(--awb-content-alignment);\">Information Management and Governance: Enterprise Documents and Records Management Solutions, Content Manager, SDM Structured Data Management and Control Point<\/span><\/li>\n<li>CyberRes: sigurnosna rje\u0161enja za sigurnost podataka, elektroni\u010dke po\u0161te i aplikacija, kao Voltage, SecureData, SecureMail and Fortify<\/li>\n<li>BigData: bazirano na IDOL i Vertica Platformi<\/li>\n<\/ul>\n<p style=\"text-align: justify;\">BCC Services je OpenText Gold partner u podru\u010djima: CyberRes, Information Management &amp; Governance te BigData.<\/p>\n<p><strong>OpenText Gold partner sa <\/strong><span style=\"color: var(--awb-text-color); font-family: var(--awb-text-font-family); font-size: var(--awb-font-size); font-style: var(--awb-text-font-style); letter-spacing: var(--awb-letter-spacing); text-align: var(--awb-content-alignment); text-transform: var(--awb-text-transform); background-color: var(--awb-bg-color);\"><b>sljede\u0107im <\/b><\/span><strong style=\"color: var(--awb-text-color); font-family: var(--awb-text-font-family); font-size: var(--awb-font-size); font-style: var(--awb-text-font-style); letter-spacing: var(--awb-letter-spacing); text-align: var(--awb-content-alignment); text-transform: var(--awb-text-transform); background-color: var(--awb-bg-color);\">specijalizacijama:<\/strong><\/p>\n<\/div><ul style=\"--awb-iconcolor:#fb0000;--awb-line-height:23.8px;--awb-icon-width:23.8px;--awb-icon-height:23.8px;--awb-icon-margin:9.8px;--awb-content-margin:33.6px;\" class=\"fusion-checklist fusion-checklist-1 fusion-checklist-default type-icons\"><li class=\"fusion-li-item\" style=\"\"><span class=\"icon-wrapper circle-no\"><i class=\"fusion-li-icon fa-angle-double-right fas\" aria-hidden=\"true\"><\/i><\/span><div class=\"fusion-li-item-content\">\n<p>Gold Security Specialist<\/p>\n<\/div><\/li><li class=\"fusion-li-item\" style=\"\"><span class=\"icon-wrapper circle-no\"><i class=\"fusion-li-icon fa-angle-double-right fas\" aria-hidden=\"true\"><\/i><\/span><div class=\"fusion-li-item-content\">\n<p>Gold Information Management &amp; Governance Specialist<\/p>\n<\/div><\/li><li class=\"fusion-li-item\" style=\"\"><span class=\"icon-wrapper circle-no\"><i class=\"fusion-li-icon fa-angle-double-right fas\" aria-hidden=\"true\"><\/i><\/span><div class=\"fusion-li-item-content\">\n<p>Security Operations Portfolio Expert<\/p>\n<\/div><\/li><li class=\"fusion-li-item\" style=\"\"><span class=\"icon-wrapper circle-no\"><i class=\"fusion-li-icon fa-angle-double-right fas\" aria-hidden=\"true\"><\/i><\/span><div class=\"fusion-li-item-content\">\n<p>Application Security Portfolio Expert<\/p>\n<\/div><\/li><li class=\"fusion-li-item\" style=\"\"><span class=\"icon-wrapper circle-no\"><i class=\"fusion-li-icon fa-angle-double-right fas\" aria-hidden=\"true\"><\/i><\/span><div class=\"fusion-li-item-content\">\n<p>Data Security Portfolio Expert<\/p>\n<\/div><\/li><li class=\"fusion-li-item\" style=\"\"><span class=\"icon-wrapper circle-no\"><i class=\"fusion-li-icon fa-angle-double-right fas\" aria-hidden=\"true\"><\/i><\/span><div class=\"fusion-li-item-content\">\n<p>Secure Content Management Portfolio Expert<\/p>\n<\/div><\/li><\/ul><div class=\"fusion-clearfix\"><\/div><\/div><\/div><\/div><\/div><div class=\"fusion-fullwidth fullwidth-box fusion-builder-row-3 nonhundred-percent-fullwidth non-hundred-percent-height-scrolling\" style=\"--awb-border-radius-top-left:0px;--awb-border-radius-top-right:0px;--awb-border-radius-bottom-right:0px;--awb-border-radius-bottom-left:0px;--awb-flex-wrap:wrap;\" ><div class=\"fusion-builder-row fusion-row\"><div class=\"fusion-layout-column fusion_builder_column fusion-builder-column-2 fusion_builder_column_1_1 1_1 fusion-one-full fusion-column-first fusion-column-last\" style=\"--awb-bg-size:cover;\"><div class=\"fusion-column-wrapper fusion-column-has-shadow fusion-flex-column-wrapper-legacy\"><div class=\"fusion-sep-clear\"><\/div><div class=\"fusion-separator fusion-no-small-visibility fusion-full-width-sep\" style=\"margin-left: auto;margin-right: auto;margin-top:25px;width:100%;\"><\/div><div class=\"fusion-sep-clear\"><\/div><div class=\"fusion-clearfix\"><\/div><\/div><\/div><\/div><\/div><\/p>\n","protected":false},"excerpt":{"rendered":"","protected":false},"author":1,"featured_media":0,"parent":2641,"menu_order":0,"comment_status":"closed","ping_status":"closed","template":"","meta":{"footnotes":""},"class_list":["post-2622","page","type-page","status-publish","hentry"],"yoast_head":"<!-- This site is optimized with the Yoast SEO plugin v25.6 - https:\/\/yoast.com\/wordpress\/plugins\/seo\/ -->\r\n<title>OpenText - BCC Services<\/title>\r\n<meta name=\"robots\" content=\"index, follow, max-snippet:-1, max-image-preview:large, max-video-preview:-1\" \/>\r\n<link rel=\"canonical\" href=\"https:\/\/www.bccservices.com\/hr\/softverska-rjesenja\/tehnoloski-partneri\/microfocus\/\" \/>\r\n<meta property=\"og:locale\" content=\"hr_HR\" \/>\r\n<meta property=\"og:type\" content=\"article\" \/>\r\n<meta property=\"og:title\" content=\"OpenText - BCC Services\" \/>\r\n<meta property=\"og:url\" content=\"https:\/\/www.bccservices.com\/hr\/softverska-rjesenja\/tehnoloski-partneri\/microfocus\/\" \/>\r\n<meta property=\"og:site_name\" content=\"BCC Services\" \/>\r\n<meta property=\"article:publisher\" content=\"https:\/\/www.facebook.com\/BCCServiceshr\/\" \/>\r\n<meta property=\"article:modified_time\" content=\"2023-12-13T12:28:02+00:00\" \/>\r\n<meta name=\"twitter:card\" content=\"summary_large_image\" \/>\r\n<meta name=\"twitter:label1\" content=\"Procijenjeno vrijeme \u010ditanja\" \/>\n\t<meta name=\"twitter:data1\" content=\"2 minute\" \/>\r\n<script type=\"application\/ld+json\" class=\"yoast-schema-graph\">{\"@context\":\"https:\/\/schema.org\",\"@graph\":[{\"@type\":\"WebPage\",\"@id\":\"https:\/\/www.bccservices.com\/hr\/softverska-rjesenja\/tehnoloski-partneri\/microfocus\/\",\"url\":\"https:\/\/www.bccservices.com\/hr\/softverska-rjesenja\/tehnoloski-partneri\/microfocus\/\",\"name\":\"OpenText - BCC Services\",\"isPartOf\":{\"@id\":\"https:\/\/www.bccservices.com\/hr\/#website\"},\"datePublished\":\"2021-03-09T13:43:38+00:00\",\"dateModified\":\"2023-12-13T12:28:02+00:00\",\"breadcrumb\":{\"@id\":\"https:\/\/www.bccservices.com\/hr\/softverska-rjesenja\/tehnoloski-partneri\/microfocus\/#breadcrumb\"},\"inLanguage\":\"hr\",\"potentialAction\":[{\"@type\":\"ReadAction\",\"target\":[\"https:\/\/www.bccservices.com\/hr\/softverska-rjesenja\/tehnoloski-partneri\/microfocus\/\"]}]},{\"@type\":\"BreadcrumbList\",\"@id\":\"https:\/\/www.bccservices.com\/hr\/softverska-rjesenja\/tehnoloski-partneri\/microfocus\/#breadcrumb\",\"itemListElement\":[{\"@type\":\"ListItem\",\"position\":1,\"name\":\"Home\",\"item\":\"https:\/\/www.bccservices.com\/hr\/\"},{\"@type\":\"ListItem\",\"position\":2,\"name\":\"Softverska rje\u0161enja\",\"item\":\"https:\/\/www.bccservices.com\/hr\/softverska-rjesenja\/\"},{\"@type\":\"ListItem\",\"position\":3,\"name\":\"Tehnolo\u0161ki partneri\",\"item\":\"https:\/\/www.bccservices.com\/hr\/softverska-rjesenja\/tehnoloski-partneri\/\"},{\"@type\":\"ListItem\",\"position\":4,\"name\":\"OpenText\"}]},{\"@type\":\"WebSite\",\"@id\":\"https:\/\/www.bccservices.com\/hr\/#website\",\"url\":\"https:\/\/www.bccservices.com\/hr\/\",\"name\":\"BCC Services\",\"description\":\"\",\"publisher\":{\"@id\":\"https:\/\/www.bccservices.com\/hr\/#organization\"},\"potentialAction\":[{\"@type\":\"SearchAction\",\"target\":{\"@type\":\"EntryPoint\",\"urlTemplate\":\"https:\/\/www.bccservices.com\/hr\/?s={search_term_string}\"},\"query-input\":{\"@type\":\"PropertyValueSpecification\",\"valueRequired\":true,\"valueName\":\"search_term_string\"}}],\"inLanguage\":\"hr\"},{\"@type\":\"Organization\",\"@id\":\"https:\/\/www.bccservices.com\/hr\/#organization\",\"name\":\"BCC Services\",\"url\":\"https:\/\/www.bccservices.com\/hr\/\",\"logo\":{\"@type\":\"ImageObject\",\"inLanguage\":\"hr\",\"@id\":\"https:\/\/www.bccservices.com\/hr\/#\/schema\/logo\/image\/\",\"url\":\"http:\/\/172.19.41.139\/hr\/wp-content\/uploads\/2022\/05\/BCC-Services_square-01.png\",\"contentUrl\":\"http:\/\/172.19.41.139\/hr\/wp-content\/uploads\/2022\/05\/BCC-Services_square-01.png\",\"width\":354,\"height\":354,\"caption\":\"BCC Services\"},\"image\":{\"@id\":\"https:\/\/www.bccservices.com\/hr\/#\/schema\/logo\/image\/\"},\"sameAs\":[\"https:\/\/www.facebook.com\/BCCServiceshr\/\"]}]}<\/script>\r\n<!-- \/ Yoast SEO plugin. -->","yoast_head_json":{"title":"OpenText - BCC Services","robots":{"index":"index","follow":"follow","max-snippet":"max-snippet:-1","max-image-preview":"max-image-preview:large","max-video-preview":"max-video-preview:-1"},"canonical":"https:\/\/www.bccservices.com\/hr\/softverska-rjesenja\/tehnoloski-partneri\/microfocus\/","og_locale":"hr_HR","og_type":"article","og_title":"OpenText - BCC Services","og_url":"https:\/\/www.bccservices.com\/hr\/softverska-rjesenja\/tehnoloski-partneri\/microfocus\/","og_site_name":"BCC Services","article_publisher":"https:\/\/www.facebook.com\/BCCServiceshr\/","article_modified_time":"2023-12-13T12:28:02+00:00","twitter_card":"summary_large_image","twitter_misc":{"Procijenjeno vrijeme \u010ditanja":"2 minute"},"schema":{"@context":"https:\/\/schema.org","@graph":[{"@type":"WebPage","@id":"https:\/\/www.bccservices.com\/hr\/softverska-rjesenja\/tehnoloski-partneri\/microfocus\/","url":"https:\/\/www.bccservices.com\/hr\/softverska-rjesenja\/tehnoloski-partneri\/microfocus\/","name":"OpenText - BCC Services","isPartOf":{"@id":"https:\/\/www.bccservices.com\/hr\/#website"},"datePublished":"2021-03-09T13:43:38+00:00","dateModified":"2023-12-13T12:28:02+00:00","breadcrumb":{"@id":"https:\/\/www.bccservices.com\/hr\/softverska-rjesenja\/tehnoloski-partneri\/microfocus\/#breadcrumb"},"inLanguage":"hr","potentialAction":[{"@type":"ReadAction","target":["https:\/\/www.bccservices.com\/hr\/softverska-rjesenja\/tehnoloski-partneri\/microfocus\/"]}]},{"@type":"BreadcrumbList","@id":"https:\/\/www.bccservices.com\/hr\/softverska-rjesenja\/tehnoloski-partneri\/microfocus\/#breadcrumb","itemListElement":[{"@type":"ListItem","position":1,"name":"Home","item":"https:\/\/www.bccservices.com\/hr\/"},{"@type":"ListItem","position":2,"name":"Softverska rje\u0161enja","item":"https:\/\/www.bccservices.com\/hr\/softverska-rjesenja\/"},{"@type":"ListItem","position":3,"name":"Tehnolo\u0161ki partneri","item":"https:\/\/www.bccservices.com\/hr\/softverska-rjesenja\/tehnoloski-partneri\/"},{"@type":"ListItem","position":4,"name":"OpenText"}]},{"@type":"WebSite","@id":"https:\/\/www.bccservices.com\/hr\/#website","url":"https:\/\/www.bccservices.com\/hr\/","name":"BCC Services","description":"","publisher":{"@id":"https:\/\/www.bccservices.com\/hr\/#organization"},"potentialAction":[{"@type":"SearchAction","target":{"@type":"EntryPoint","urlTemplate":"https:\/\/www.bccservices.com\/hr\/?s={search_term_string}"},"query-input":{"@type":"PropertyValueSpecification","valueRequired":true,"valueName":"search_term_string"}}],"inLanguage":"hr"},{"@type":"Organization","@id":"https:\/\/www.bccservices.com\/hr\/#organization","name":"BCC Services","url":"https:\/\/www.bccservices.com\/hr\/","logo":{"@type":"ImageObject","inLanguage":"hr","@id":"https:\/\/www.bccservices.com\/hr\/#\/schema\/logo\/image\/","url":"http:\/\/172.19.41.139\/hr\/wp-content\/uploads\/2022\/05\/BCC-Services_square-01.png","contentUrl":"http:\/\/172.19.41.139\/hr\/wp-content\/uploads\/2022\/05\/BCC-Services_square-01.png","width":354,"height":354,"caption":"BCC Services"},"image":{"@id":"https:\/\/www.bccservices.com\/hr\/#\/schema\/logo\/image\/"},"sameAs":["https:\/\/www.facebook.com\/BCCServiceshr\/"]}]}},"_links":{"self":[{"href":"https:\/\/www.bccservices.com\/hr\/wp-json\/wp\/v2\/pages\/2622"}],"collection":[{"href":"https:\/\/www.bccservices.com\/hr\/wp-json\/wp\/v2\/pages"}],"about":[{"href":"https:\/\/www.bccservices.com\/hr\/wp-json\/wp\/v2\/types\/page"}],"author":[{"embeddable":true,"href":"https:\/\/www.bccservices.com\/hr\/wp-json\/wp\/v2\/users\/1"}],"replies":[{"embeddable":true,"href":"https:\/\/www.bccservices.com\/hr\/wp-json\/wp\/v2\/comments?post=2622"}],"version-history":[{"count":2,"href":"https:\/\/www.bccservices.com\/hr\/wp-json\/wp\/v2\/pages\/2622\/revisions"}],"predecessor-version":[{"id":6029,"href":"https:\/\/www.bccservices.com\/hr\/wp-json\/wp\/v2\/pages\/2622\/revisions\/6029"}],"up":[{"embeddable":true,"href":"https:\/\/www.bccservices.com\/hr\/wp-json\/wp\/v2\/pages\/2641"}],"wp:attachment":[{"href":"https:\/\/www.bccservices.com\/hr\/wp-json\/wp\/v2\/media?parent=2622"}],"curies":[{"name":"wp","href":"https:\/\/api.w.org\/{rel}","templated":true}]}}