{"id":2296,"date":"2021-02-26T14:42:42","date_gmt":"2021-02-26T14:42:42","guid":{"rendered":"http:\/\/172.19.41.139\/hr\/?page_id=2296"},"modified":"2021-03-01T07:45:35","modified_gmt":"2021-03-01T07:45:35","slug":"integracijske-usluge","status":"publish","type":"page","link":"https:\/\/www.bccservices.com\/hr\/infrastrukturna-rjesenja\/portfolio-usluge\/integracijske-usluge\/","title":{"rendered":"Integracijske usluge"},"content":{"rendered":"<div class=\"fusion-fullwidth fullwidth-box fusion-builder-row-1 nonhundred-percent-fullwidth non-hundred-percent-height-scrolling\" style=\"--awb-border-radius-top-left:0px;--awb-border-radius-top-right:0px;--awb-border-radius-bottom-right:0px;--awb-border-radius-bottom-left:0px;--awb-flex-wrap:wrap;\" ><div class=\"fusion-builder-row fusion-row\"><div class=\"fusion-layout-column fusion_builder_column fusion-builder-column-0 fusion_builder_column_1_1 1_1 fusion-one-full fusion-column-first fusion-column-last\" style=\"--awb-bg-size:cover;\"><div class=\"fusion-column-wrapper fusion-column-has-shadow fusion-flex-column-wrapper-legacy\"><div class=\"fusion-clearfix\"><\/div><\/div><\/div><div class=\"fusion-layout-column fusion_builder_column fusion-builder-column-1 fusion_builder_column_1_1 1_1 fusion-one-full fusion-column-first fusion-column-last\" style=\"--awb-bg-size:cover;\"><div class=\"fusion-column-wrapper fusion-column-has-shadow fusion-flex-column-wrapper-legacy\"><div class=\"fusion-text fusion-text-1\"><p>BCC Services nudi usluge integracije uklju\u010duju\u0107i: integraciju kompletne korisni\u010dke IT infrastrukture, konzultantske usluge i asistenciju na\u0161ih eksperata kod konsolidacije i migracije IT infrastrukture.<\/p>\n<p><strong>Integracijske usluge odnose se i nisu vezane samo na:<\/strong><\/p>\n<ul>\n<li>Fujitsu poslu\u017eitelje, radne stanice i specifi\u010dna radna rje\u0161enja (thin i zero klijenti)<\/li>\n<li>Sustave za masovnu pohranu podataka tvrtki NetApp i Fujitsu<\/li>\n<li>Rje\u0161enja za virtualizaciju bazirana na VMware, Citrix, Microsoft, NetApp rje\u0161enjima<\/li>\n<li>Disaster recovery rje\u0161enja bazirana na naprednim NetApp storage rje\u0161enjima<\/li>\n<li>Microsoft Exchange, Active Directory, SharePoint, SQL, System Center obitelj proizvoda<\/li>\n<li>Data Protection rje\u0161enja bazirana na NetApp integriranim SnapCenter aplikativno svjesnim rje\u0161enjima za backup, NetApp RAID-TEC (triple parity), Netapp&amp;Commvault Integrirani Complete Backup&amp;Recovery CommVault Backup Appliance with NetApp, Veritas BackupExec, NetBackup &amp; NetVault, te rje\u0161enja za arhiviranje e-maila, Symantec Enterprise Vault.<\/li>\n<li>Ra\u010dunalne mre\u017ee, komunikacijski sustavi i oprema tvrtki Cisco, Ruckus (ex Brocade), AlliedTelesys i Juniper<\/li>\n<li>Usluge integracije i podr\u0161ke za heterogena okru\u017eenja &#8211; Microsoft, Linux SuSE i RedHat<\/li>\n<li>Fujitsu Infrastrukturna rje\u0161enja za obuhvat, digitalizaciju i obradu dokumenata<\/li>\n<li>Informati\u010dki i poslovni konzalting, projektiranje i razvoj rje\u0161enja, upravljanje projektima<\/li>\n<li>Implementacija, odr\u017eavanje i podr\u0161ka u radu<\/li>\n<\/ul>\n<\/div><div class=\"fusion-clearfix\"><\/div><\/div><\/div><\/div><\/div>\n","protected":false},"excerpt":{"rendered":"","protected":false},"author":1,"featured_media":0,"parent":2261,"menu_order":0,"comment_status":"closed","ping_status":"closed","template":"","meta":{"footnotes":""},"class_list":["post-2296","page","type-page","status-publish","hentry"],"yoast_head":"<!-- This site is optimized with the Yoast SEO plugin v25.6 - https:\/\/yoast.com\/wordpress\/plugins\/seo\/ -->\r\n<title>Integracijske usluge - BCC Services<\/title>\r\n<meta name=\"robots\" content=\"index, follow, max-snippet:-1, max-image-preview:large, max-video-preview:-1\" \/>\r\n<link rel=\"canonical\" href=\"https:\/\/www.bccservices.com\/hr\/infrastrukturna-rjesenja\/portfolio-usluge\/integracijske-usluge\/\" \/>\r\n<meta property=\"og:locale\" content=\"hr_HR\" \/>\r\n<meta property=\"og:type\" content=\"article\" \/>\r\n<meta property=\"og:title\" content=\"Integracijske usluge - BCC Services\" \/>\r\n<meta property=\"og:url\" content=\"https:\/\/www.bccservices.com\/hr\/infrastrukturna-rjesenja\/portfolio-usluge\/integracijske-usluge\/\" \/>\r\n<meta property=\"og:site_name\" content=\"BCC Services\" \/>\r\n<meta property=\"article:publisher\" content=\"https:\/\/www.facebook.com\/BCCServiceshr\/\" \/>\r\n<meta property=\"article:modified_time\" content=\"2021-03-01T07:45:35+00:00\" \/>\r\n<meta name=\"twitter:card\" content=\"summary_large_image\" \/>\r\n<meta name=\"twitter:label1\" content=\"Procijenjeno vrijeme \u010ditanja\" \/>\n\t<meta name=\"twitter:data1\" content=\"4 minute\" \/>\r\n<script type=\"application\/ld+json\" class=\"yoast-schema-graph\">{\"@context\":\"https:\/\/schema.org\",\"@graph\":[{\"@type\":\"WebPage\",\"@id\":\"https:\/\/www.bccservices.com\/hr\/infrastrukturna-rjesenja\/portfolio-usluge\/integracijske-usluge\/\",\"url\":\"https:\/\/www.bccservices.com\/hr\/infrastrukturna-rjesenja\/portfolio-usluge\/integracijske-usluge\/\",\"name\":\"Integracijske usluge - BCC Services\",\"isPartOf\":{\"@id\":\"https:\/\/www.bccservices.com\/hr\/#website\"},\"datePublished\":\"2021-02-26T14:42:42+00:00\",\"dateModified\":\"2021-03-01T07:45:35+00:00\",\"breadcrumb\":{\"@id\":\"https:\/\/www.bccservices.com\/hr\/infrastrukturna-rjesenja\/portfolio-usluge\/integracijske-usluge\/#breadcrumb\"},\"inLanguage\":\"hr\",\"potentialAction\":[{\"@type\":\"ReadAction\",\"target\":[\"https:\/\/www.bccservices.com\/hr\/infrastrukturna-rjesenja\/portfolio-usluge\/integracijske-usluge\/\"]}]},{\"@type\":\"BreadcrumbList\",\"@id\":\"https:\/\/www.bccservices.com\/hr\/infrastrukturna-rjesenja\/portfolio-usluge\/integracijske-usluge\/#breadcrumb\",\"itemListElement\":[{\"@type\":\"ListItem\",\"position\":1,\"name\":\"Home\",\"item\":\"https:\/\/www.bccservices.com\/hr\/\"},{\"@type\":\"ListItem\",\"position\":2,\"name\":\"Infrastrukturna rje\u0161enja\",\"item\":\"https:\/\/www.bccservices.com\/hr\/infrastrukturna-rjesenja\/\"},{\"@type\":\"ListItem\",\"position\":3,\"name\":\"Usluge\",\"item\":\"https:\/\/www.bccservices.com\/hr\/infrastrukturna-rjesenja\/portfolio-usluge\/\"},{\"@type\":\"ListItem\",\"position\":4,\"name\":\"Integracijske usluge\"}]},{\"@type\":\"WebSite\",\"@id\":\"https:\/\/www.bccservices.com\/hr\/#website\",\"url\":\"https:\/\/www.bccservices.com\/hr\/\",\"name\":\"BCC Services\",\"description\":\"\",\"publisher\":{\"@id\":\"https:\/\/www.bccservices.com\/hr\/#organization\"},\"potentialAction\":[{\"@type\":\"SearchAction\",\"target\":{\"@type\":\"EntryPoint\",\"urlTemplate\":\"https:\/\/www.bccservices.com\/hr\/?s={search_term_string}\"},\"query-input\":{\"@type\":\"PropertyValueSpecification\",\"valueRequired\":true,\"valueName\":\"search_term_string\"}}],\"inLanguage\":\"hr\"},{\"@type\":\"Organization\",\"@id\":\"https:\/\/www.bccservices.com\/hr\/#organization\",\"name\":\"BCC Services\",\"url\":\"https:\/\/www.bccservices.com\/hr\/\",\"logo\":{\"@type\":\"ImageObject\",\"inLanguage\":\"hr\",\"@id\":\"https:\/\/www.bccservices.com\/hr\/#\/schema\/logo\/image\/\",\"url\":\"http:\/\/172.19.41.139\/hr\/wp-content\/uploads\/2022\/05\/BCC-Services_square-01.png\",\"contentUrl\":\"http:\/\/172.19.41.139\/hr\/wp-content\/uploads\/2022\/05\/BCC-Services_square-01.png\",\"width\":354,\"height\":354,\"caption\":\"BCC Services\"},\"image\":{\"@id\":\"https:\/\/www.bccservices.com\/hr\/#\/schema\/logo\/image\/\"},\"sameAs\":[\"https:\/\/www.facebook.com\/BCCServiceshr\/\"]}]}<\/script>\r\n<!-- \/ Yoast SEO plugin. -->","yoast_head_json":{"title":"Integracijske usluge - BCC Services","robots":{"index":"index","follow":"follow","max-snippet":"max-snippet:-1","max-image-preview":"max-image-preview:large","max-video-preview":"max-video-preview:-1"},"canonical":"https:\/\/www.bccservices.com\/hr\/infrastrukturna-rjesenja\/portfolio-usluge\/integracijske-usluge\/","og_locale":"hr_HR","og_type":"article","og_title":"Integracijske usluge - BCC Services","og_url":"https:\/\/www.bccservices.com\/hr\/infrastrukturna-rjesenja\/portfolio-usluge\/integracijske-usluge\/","og_site_name":"BCC Services","article_publisher":"https:\/\/www.facebook.com\/BCCServiceshr\/","article_modified_time":"2021-03-01T07:45:35+00:00","twitter_card":"summary_large_image","twitter_misc":{"Procijenjeno vrijeme \u010ditanja":"4 minute"},"schema":{"@context":"https:\/\/schema.org","@graph":[{"@type":"WebPage","@id":"https:\/\/www.bccservices.com\/hr\/infrastrukturna-rjesenja\/portfolio-usluge\/integracijske-usluge\/","url":"https:\/\/www.bccservices.com\/hr\/infrastrukturna-rjesenja\/portfolio-usluge\/integracijske-usluge\/","name":"Integracijske usluge - BCC Services","isPartOf":{"@id":"https:\/\/www.bccservices.com\/hr\/#website"},"datePublished":"2021-02-26T14:42:42+00:00","dateModified":"2021-03-01T07:45:35+00:00","breadcrumb":{"@id":"https:\/\/www.bccservices.com\/hr\/infrastrukturna-rjesenja\/portfolio-usluge\/integracijske-usluge\/#breadcrumb"},"inLanguage":"hr","potentialAction":[{"@type":"ReadAction","target":["https:\/\/www.bccservices.com\/hr\/infrastrukturna-rjesenja\/portfolio-usluge\/integracijske-usluge\/"]}]},{"@type":"BreadcrumbList","@id":"https:\/\/www.bccservices.com\/hr\/infrastrukturna-rjesenja\/portfolio-usluge\/integracijske-usluge\/#breadcrumb","itemListElement":[{"@type":"ListItem","position":1,"name":"Home","item":"https:\/\/www.bccservices.com\/hr\/"},{"@type":"ListItem","position":2,"name":"Infrastrukturna rje\u0161enja","item":"https:\/\/www.bccservices.com\/hr\/infrastrukturna-rjesenja\/"},{"@type":"ListItem","position":3,"name":"Usluge","item":"https:\/\/www.bccservices.com\/hr\/infrastrukturna-rjesenja\/portfolio-usluge\/"},{"@type":"ListItem","position":4,"name":"Integracijske usluge"}]},{"@type":"WebSite","@id":"https:\/\/www.bccservices.com\/hr\/#website","url":"https:\/\/www.bccservices.com\/hr\/","name":"BCC Services","description":"","publisher":{"@id":"https:\/\/www.bccservices.com\/hr\/#organization"},"potentialAction":[{"@type":"SearchAction","target":{"@type":"EntryPoint","urlTemplate":"https:\/\/www.bccservices.com\/hr\/?s={search_term_string}"},"query-input":{"@type":"PropertyValueSpecification","valueRequired":true,"valueName":"search_term_string"}}],"inLanguage":"hr"},{"@type":"Organization","@id":"https:\/\/www.bccservices.com\/hr\/#organization","name":"BCC Services","url":"https:\/\/www.bccservices.com\/hr\/","logo":{"@type":"ImageObject","inLanguage":"hr","@id":"https:\/\/www.bccservices.com\/hr\/#\/schema\/logo\/image\/","url":"http:\/\/172.19.41.139\/hr\/wp-content\/uploads\/2022\/05\/BCC-Services_square-01.png","contentUrl":"http:\/\/172.19.41.139\/hr\/wp-content\/uploads\/2022\/05\/BCC-Services_square-01.png","width":354,"height":354,"caption":"BCC Services"},"image":{"@id":"https:\/\/www.bccservices.com\/hr\/#\/schema\/logo\/image\/"},"sameAs":["https:\/\/www.facebook.com\/BCCServiceshr\/"]}]}},"_links":{"self":[{"href":"https:\/\/www.bccservices.com\/hr\/wp-json\/wp\/v2\/pages\/2296"}],"collection":[{"href":"https:\/\/www.bccservices.com\/hr\/wp-json\/wp\/v2\/pages"}],"about":[{"href":"https:\/\/www.bccservices.com\/hr\/wp-json\/wp\/v2\/types\/page"}],"author":[{"embeddable":true,"href":"https:\/\/www.bccservices.com\/hr\/wp-json\/wp\/v2\/users\/1"}],"replies":[{"embeddable":true,"href":"https:\/\/www.bccservices.com\/hr\/wp-json\/wp\/v2\/comments?post=2296"}],"version-history":[{"count":0,"href":"https:\/\/www.bccservices.com\/hr\/wp-json\/wp\/v2\/pages\/2296\/revisions"}],"up":[{"embeddable":true,"href":"https:\/\/www.bccservices.com\/hr\/wp-json\/wp\/v2\/pages\/2261"}],"wp:attachment":[{"href":"https:\/\/www.bccservices.com\/hr\/wp-json\/wp\/v2\/media?parent=2296"}],"curies":[{"name":"wp","href":"https:\/\/api.w.org\/{rel}","templated":true}]}}