{"id":2284,"date":"2021-02-26T14:14:47","date_gmt":"2021-02-26T14:14:47","guid":{"rendered":"http:\/\/172.19.41.139\/hr\/?page_id=2284"},"modified":"2021-09-27T13:08:47","modified_gmt":"2021-09-27T11:08:47","slug":"metrocluster-disaster-recovery-and-business-continuity","status":"publish","type":"page","link":"https:\/\/www.bccservices.com\/hr\/infrastrukturna-rjesenja\/portfolio\/metrocluster-disaster-recovery-and-business-continuity\/","title":{"rendered":"Metrocluster Disaster Recovery and Business Continuity"},"content":{"rendered":"<div class=\"fusion-fullwidth fullwidth-box fusion-builder-row-1 nonhundred-percent-fullwidth non-hundred-percent-height-scrolling\" style=\"--awb-border-radius-top-left:0px;--awb-border-radius-top-right:0px;--awb-border-radius-bottom-right:0px;--awb-border-radius-bottom-left:0px;--awb-flex-wrap:wrap;\" ><div class=\"fusion-builder-row fusion-row\"><div class=\"fusion-layout-column fusion_builder_column fusion-builder-column-0 fusion_builder_column_1_1 1_1 fusion-one-full fusion-column-first fusion-column-last\" style=\"--awb-bg-size:cover;\"><div class=\"fusion-column-wrapper fusion-column-has-shadow fusion-flex-column-wrapper-legacy\"><div class=\"fusion-clearfix\"><\/div><\/div><\/div><div class=\"fusion-layout-column fusion_builder_column fusion-builder-column-1 fusion_builder_column_1_1 1_1 fusion-one-full fusion-column-first fusion-column-last\" style=\"--awb-bg-size:cover;\"><div class=\"fusion-column-wrapper fusion-column-has-shadow fusion-flex-column-wrapper-legacy\"><div class=\"fusion-text fusion-text-1\"><p>Sam rad poslovnih korisnika direktno ovisi o mogu\u0107nostima da se njihovi IT podaci i aplikacije odr\u017ee u punoj funkciji, uz poslovni kontinuitet, uz mogu\u0107nost <strong>brzog<\/strong> povratka izgubljenih podataka, a da se uz sve to po\u0161tuju zahtjevi regulatora. Visoki porast podataka koji se moraju odr\u017eavati rezultira i sve ja\u010dim zahtjevima na operacije pohrane i za\u0161tite podataka time i na IT infrastrukturu.<\/p>\n<p>S time raste i slo\u017eenost i broj alata potrebnih za upravljanje, \u0161to sve dovodi do dodatnih operativnih tro\u0161kova i kapitalnih investicija kao pritiska na bud\u017eet. Trendovi su tako s jedne strane sve \u0161iri u vidu kompleksnosti i sve ve\u0107em broju poslovnih operacija koje treba obuhvatiti, a s druge strane sve u\u017ei u smislu raspolo\u017eivosti bud\u017eeta i potrebe rezanja tro\u0161kova.<\/p>\n<p>K tome, virtualizacija, servisi koji se sve vi\u0161e orijentiraju prema cloud-u, obuzdavanje tro\u0161kova kao i inicijative za smanjenom, u\u010dinkovitom potro\u0161njom energije \u2013 tzv. Green IT, tra\u017ee sustave pohrane podataka koji su mnogo vi\u0161e prilagodljivi nego ikada prije.<\/p>\n<p>Uzev\u0161i u obzir navedeno, u fazi tra\u017eenja novog rje\u0161enja orkestracije IT sustava i pohrane podataka, koje mora maksimizirati dostupnost, pojednostaviti za\u0161titu podataka i smanjiti tro\u0161kove kori\u0161tenja kompletnog IT sustava, dok istovremeno takav sustav mora smanjiti vrijeme pru\u017eanja bilo koje infrastrukturne IT usluge na svega nekoliko minuta, \u0161to internim, \u0161to vanjskim korisnicima, uz potpunu automatizaciju i orkestraciju.<\/p>\n<p><strong>NetApp MetroCluster<\/strong> rje\u0161enje sastoji se od dva storage kontrolera koji su me\u0111usobno povezani i \u010dine visokodostupni klaster za pohranu podataka koji se pona\u0161a kao jedan sustav, ali razdvojen na dvije lokacije. Ovakav sustav dostatan je da zamijeni postoje\u0107i sustav za pohranu podataka, ali uz mnogobrojne prednosti po pitanju efikasnosti i sigurnosti pohrane podataka koje sa sobom donosi.<\/p>\n<p>NetroCluster koristi ONTAP obilje\u017eje zvano <em>SyncMirror<\/em> da sinkrono zrcali aggregate podataka za svaku klaster kopiju na drugi klaster sustav za pohranu. Ako se pojavi zamjena (switchover) npr. kod katastrofi\u010dnog doga\u0111aja, svaka kopija podataka na preostalom klasteru postaje online i sekundarni data centar po\u010dinje isporu\u010divati podatke.<\/p>\n<\/div><div class=\"fusion-image-element fusion-image-align-center in-legacy-container\" style=\"text-align:center;--awb-caption-title-font-family:var(--h2_typography-font-family);--awb-caption-title-font-weight:var(--h2_typography-font-weight);--awb-caption-title-font-style:var(--h2_typography-font-style);--awb-caption-title-size:var(--h2_typography-font-size);--awb-caption-title-transform:var(--h2_typography-text-transform);--awb-caption-title-line-height:var(--h2_typography-line-height);--awb-caption-title-letter-spacing:var(--h2_typography-letter-spacing);\"><div class=\"imageframe-align-center\"><span class=\" fusion-imageframe imageframe-none imageframe-1 hover-type-none\"><img loading=\"lazy\" decoding=\"async\" width=\"666\" height=\"523\" alt=\"Metrocluster\" title=\"metrocluster\" src=\"http:\/\/172.19.41.139\/hr\/wp-content\/uploads\/2021\/03\/metrocluster.png\" class=\"img-responsive wp-image-2469\" srcset=\"https:\/\/www.bccservices.com\/hr\/wp-content\/uploads\/2021\/03\/metrocluster-200x157.png 200w, https:\/\/www.bccservices.com\/hr\/wp-content\/uploads\/2021\/03\/metrocluster-400x314.png 400w, https:\/\/www.bccservices.com\/hr\/wp-content\/uploads\/2021\/03\/metrocluster-600x471.png 600w, https:\/\/www.bccservices.com\/hr\/wp-content\/uploads\/2021\/03\/metrocluster.png 666w\" sizes=\"(max-width: 960px) 100vw, 666px\" \/><\/span><\/div><\/div><div class=\"fusion-text fusion-text-2\"><p>Rje\u0161enje je bazirano na tehnologiji koja je trenutno u svijetu jedina tehnologija pohrane podataka koja nema apsolutno nikakve tro\u0161kove licenciranja, a koja pru\u017ea maksimalnu dostupnost na dvije lokacije uz RPO i RTO svedenim na nulu kod pada bilo koje komponente.<\/p>\n<p>Takav sustav pojednostavljuje proces oporavka od ne\u017eeljenih kvarova na IT sustavu na nekoliko ugra\u0111enih nivoa, od integracije i mogu\u0107nosti izvr\u0161enja instantnih backupa, bez potrebe za administracijom storage ure\u0111aja, pa sve do ugra\u0111ene visoke dostupnosti na dvije lokacije.<\/p>\n<p>S MetroCluster tehnologijom mogu\u0107e je izvesti kompletno preuzimanje svih aplikacija, baza, servisa ili podataka s jedne na drugu lokaciju uz potpuno automatiziranu orkestraciju tog, ina\u010de vrlo kompleksnog i kriti\u010dnog procesa prebacivanja servisa sa lokacije na lokaciju u slu\u010daju havarije. Kako je takav proces potpuno autonomno orkestriran i transparentan za sve aplikacije i servise, ovakva funkcionalnost znatno pojednostavljuje proces oporavka u odnosu na tipi\u010dne replikacijske tehnologije sustava za pohranu podataka.<\/p>\n<\/div><div class=\"fusion-clearfix\"><\/div><\/div><\/div><\/div><\/div>\n","protected":false},"excerpt":{"rendered":"","protected":false},"author":1,"featured_media":0,"parent":1342,"menu_order":0,"comment_status":"closed","ping_status":"closed","template":"","meta":{"footnotes":""},"class_list":["post-2284","page","type-page","status-publish","hentry"],"yoast_head":"<!-- This site is optimized with the Yoast SEO plugin v25.6 - https:\/\/yoast.com\/wordpress\/plugins\/seo\/ -->\r\n<title>Metrocluster Disaster Recovery and Business Continuity - BCC Services<\/title>\r\n<meta name=\"robots\" content=\"index, follow, max-snippet:-1, max-image-preview:large, max-video-preview:-1\" \/>\r\n<link rel=\"canonical\" href=\"https:\/\/www.bccservices.com\/hr\/infrastrukturna-rjesenja\/portfolio\/metrocluster-disaster-recovery-and-business-continuity\/\" \/>\r\n<meta property=\"og:locale\" content=\"hr_HR\" \/>\r\n<meta property=\"og:type\" content=\"article\" \/>\r\n<meta property=\"og:title\" content=\"Metrocluster Disaster Recovery and Business Continuity - BCC Services\" \/>\r\n<meta property=\"og:url\" content=\"https:\/\/www.bccservices.com\/hr\/infrastrukturna-rjesenja\/portfolio\/metrocluster-disaster-recovery-and-business-continuity\/\" \/>\r\n<meta property=\"og:site_name\" content=\"BCC Services\" \/>\r\n<meta property=\"article:publisher\" content=\"https:\/\/www.facebook.com\/BCCServiceshr\/\" \/>\r\n<meta property=\"article:modified_time\" content=\"2021-09-27T11:08:47+00:00\" \/>\r\n<meta name=\"twitter:card\" content=\"summary_large_image\" \/>\r\n<meta name=\"twitter:label1\" content=\"Procijenjeno vrijeme \u010ditanja\" \/>\n\t<meta name=\"twitter:data1\" content=\"4 minute\" \/>\r\n<script type=\"application\/ld+json\" class=\"yoast-schema-graph\">{\"@context\":\"https:\/\/schema.org\",\"@graph\":[{\"@type\":\"WebPage\",\"@id\":\"https:\/\/www.bccservices.com\/hr\/infrastrukturna-rjesenja\/portfolio\/metrocluster-disaster-recovery-and-business-continuity\/\",\"url\":\"https:\/\/www.bccservices.com\/hr\/infrastrukturna-rjesenja\/portfolio\/metrocluster-disaster-recovery-and-business-continuity\/\",\"name\":\"Metrocluster Disaster Recovery and Business Continuity - BCC Services\",\"isPartOf\":{\"@id\":\"https:\/\/www.bccservices.com\/hr\/#website\"},\"datePublished\":\"2021-02-26T14:14:47+00:00\",\"dateModified\":\"2021-09-27T11:08:47+00:00\",\"breadcrumb\":{\"@id\":\"https:\/\/www.bccservices.com\/hr\/infrastrukturna-rjesenja\/portfolio\/metrocluster-disaster-recovery-and-business-continuity\/#breadcrumb\"},\"inLanguage\":\"hr\",\"potentialAction\":[{\"@type\":\"ReadAction\",\"target\":[\"https:\/\/www.bccservices.com\/hr\/infrastrukturna-rjesenja\/portfolio\/metrocluster-disaster-recovery-and-business-continuity\/\"]}]},{\"@type\":\"BreadcrumbList\",\"@id\":\"https:\/\/www.bccservices.com\/hr\/infrastrukturna-rjesenja\/portfolio\/metrocluster-disaster-recovery-and-business-continuity\/#breadcrumb\",\"itemListElement\":[{\"@type\":\"ListItem\",\"position\":1,\"name\":\"Home\",\"item\":\"https:\/\/www.bccservices.com\/hr\/\"},{\"@type\":\"ListItem\",\"position\":2,\"name\":\"Infrastrukturna rje\u0161enja\",\"item\":\"https:\/\/www.bccservices.com\/hr\/infrastrukturna-rjesenja\/\"},{\"@type\":\"ListItem\",\"position\":3,\"name\":\"Portfolio\",\"item\":\"https:\/\/www.bccservices.com\/hr\/infrastrukturna-rjesenja\/portfolio\/\"},{\"@type\":\"ListItem\",\"position\":4,\"name\":\"Metrocluster Disaster Recovery and Business Continuity\"}]},{\"@type\":\"WebSite\",\"@id\":\"https:\/\/www.bccservices.com\/hr\/#website\",\"url\":\"https:\/\/www.bccservices.com\/hr\/\",\"name\":\"BCC Services\",\"description\":\"\",\"publisher\":{\"@id\":\"https:\/\/www.bccservices.com\/hr\/#organization\"},\"potentialAction\":[{\"@type\":\"SearchAction\",\"target\":{\"@type\":\"EntryPoint\",\"urlTemplate\":\"https:\/\/www.bccservices.com\/hr\/?s={search_term_string}\"},\"query-input\":{\"@type\":\"PropertyValueSpecification\",\"valueRequired\":true,\"valueName\":\"search_term_string\"}}],\"inLanguage\":\"hr\"},{\"@type\":\"Organization\",\"@id\":\"https:\/\/www.bccservices.com\/hr\/#organization\",\"name\":\"BCC Services\",\"url\":\"https:\/\/www.bccservices.com\/hr\/\",\"logo\":{\"@type\":\"ImageObject\",\"inLanguage\":\"hr\",\"@id\":\"https:\/\/www.bccservices.com\/hr\/#\/schema\/logo\/image\/\",\"url\":\"http:\/\/172.19.41.139\/hr\/wp-content\/uploads\/2022\/05\/BCC-Services_square-01.png\",\"contentUrl\":\"http:\/\/172.19.41.139\/hr\/wp-content\/uploads\/2022\/05\/BCC-Services_square-01.png\",\"width\":354,\"height\":354,\"caption\":\"BCC Services\"},\"image\":{\"@id\":\"https:\/\/www.bccservices.com\/hr\/#\/schema\/logo\/image\/\"},\"sameAs\":[\"https:\/\/www.facebook.com\/BCCServiceshr\/\"]}]}<\/script>\r\n<!-- \/ Yoast SEO plugin. -->","yoast_head_json":{"title":"Metrocluster Disaster Recovery and Business Continuity - BCC Services","robots":{"index":"index","follow":"follow","max-snippet":"max-snippet:-1","max-image-preview":"max-image-preview:large","max-video-preview":"max-video-preview:-1"},"canonical":"https:\/\/www.bccservices.com\/hr\/infrastrukturna-rjesenja\/portfolio\/metrocluster-disaster-recovery-and-business-continuity\/","og_locale":"hr_HR","og_type":"article","og_title":"Metrocluster Disaster Recovery and Business Continuity - BCC Services","og_url":"https:\/\/www.bccservices.com\/hr\/infrastrukturna-rjesenja\/portfolio\/metrocluster-disaster-recovery-and-business-continuity\/","og_site_name":"BCC Services","article_publisher":"https:\/\/www.facebook.com\/BCCServiceshr\/","article_modified_time":"2021-09-27T11:08:47+00:00","twitter_card":"summary_large_image","twitter_misc":{"Procijenjeno vrijeme \u010ditanja":"4 minute"},"schema":{"@context":"https:\/\/schema.org","@graph":[{"@type":"WebPage","@id":"https:\/\/www.bccservices.com\/hr\/infrastrukturna-rjesenja\/portfolio\/metrocluster-disaster-recovery-and-business-continuity\/","url":"https:\/\/www.bccservices.com\/hr\/infrastrukturna-rjesenja\/portfolio\/metrocluster-disaster-recovery-and-business-continuity\/","name":"Metrocluster Disaster Recovery and Business Continuity - BCC Services","isPartOf":{"@id":"https:\/\/www.bccservices.com\/hr\/#website"},"datePublished":"2021-02-26T14:14:47+00:00","dateModified":"2021-09-27T11:08:47+00:00","breadcrumb":{"@id":"https:\/\/www.bccservices.com\/hr\/infrastrukturna-rjesenja\/portfolio\/metrocluster-disaster-recovery-and-business-continuity\/#breadcrumb"},"inLanguage":"hr","potentialAction":[{"@type":"ReadAction","target":["https:\/\/www.bccservices.com\/hr\/infrastrukturna-rjesenja\/portfolio\/metrocluster-disaster-recovery-and-business-continuity\/"]}]},{"@type":"BreadcrumbList","@id":"https:\/\/www.bccservices.com\/hr\/infrastrukturna-rjesenja\/portfolio\/metrocluster-disaster-recovery-and-business-continuity\/#breadcrumb","itemListElement":[{"@type":"ListItem","position":1,"name":"Home","item":"https:\/\/www.bccservices.com\/hr\/"},{"@type":"ListItem","position":2,"name":"Infrastrukturna rje\u0161enja","item":"https:\/\/www.bccservices.com\/hr\/infrastrukturna-rjesenja\/"},{"@type":"ListItem","position":3,"name":"Portfolio","item":"https:\/\/www.bccservices.com\/hr\/infrastrukturna-rjesenja\/portfolio\/"},{"@type":"ListItem","position":4,"name":"Metrocluster Disaster Recovery and Business Continuity"}]},{"@type":"WebSite","@id":"https:\/\/www.bccservices.com\/hr\/#website","url":"https:\/\/www.bccservices.com\/hr\/","name":"BCC Services","description":"","publisher":{"@id":"https:\/\/www.bccservices.com\/hr\/#organization"},"potentialAction":[{"@type":"SearchAction","target":{"@type":"EntryPoint","urlTemplate":"https:\/\/www.bccservices.com\/hr\/?s={search_term_string}"},"query-input":{"@type":"PropertyValueSpecification","valueRequired":true,"valueName":"search_term_string"}}],"inLanguage":"hr"},{"@type":"Organization","@id":"https:\/\/www.bccservices.com\/hr\/#organization","name":"BCC Services","url":"https:\/\/www.bccservices.com\/hr\/","logo":{"@type":"ImageObject","inLanguage":"hr","@id":"https:\/\/www.bccservices.com\/hr\/#\/schema\/logo\/image\/","url":"http:\/\/172.19.41.139\/hr\/wp-content\/uploads\/2022\/05\/BCC-Services_square-01.png","contentUrl":"http:\/\/172.19.41.139\/hr\/wp-content\/uploads\/2022\/05\/BCC-Services_square-01.png","width":354,"height":354,"caption":"BCC Services"},"image":{"@id":"https:\/\/www.bccservices.com\/hr\/#\/schema\/logo\/image\/"},"sameAs":["https:\/\/www.facebook.com\/BCCServiceshr\/"]}]}},"_links":{"self":[{"href":"https:\/\/www.bccservices.com\/hr\/wp-json\/wp\/v2\/pages\/2284"}],"collection":[{"href":"https:\/\/www.bccservices.com\/hr\/wp-json\/wp\/v2\/pages"}],"about":[{"href":"https:\/\/www.bccservices.com\/hr\/wp-json\/wp\/v2\/types\/page"}],"author":[{"embeddable":true,"href":"https:\/\/www.bccservices.com\/hr\/wp-json\/wp\/v2\/users\/1"}],"replies":[{"embeddable":true,"href":"https:\/\/www.bccservices.com\/hr\/wp-json\/wp\/v2\/comments?post=2284"}],"version-history":[{"count":0,"href":"https:\/\/www.bccservices.com\/hr\/wp-json\/wp\/v2\/pages\/2284\/revisions"}],"up":[{"embeddable":true,"href":"https:\/\/www.bccservices.com\/hr\/wp-json\/wp\/v2\/pages\/1342"}],"wp:attachment":[{"href":"https:\/\/www.bccservices.com\/hr\/wp-json\/wp\/v2\/media?parent=2284"}],"curies":[{"name":"wp","href":"https:\/\/api.w.org\/{rel}","templated":true}]}}