{"id":2261,"date":"2021-02-26T12:33:22","date_gmt":"2021-02-26T12:33:22","guid":{"rendered":"http:\/\/172.19.41.139\/hr\/?page_id=2261"},"modified":"2023-12-28T14:30:04","modified_gmt":"2023-12-28T13:30:04","slug":"portfolio-usluge","status":"publish","type":"page","link":"https:\/\/www.bccservices.com\/hr\/infrastrukturna-rjesenja\/portfolio-usluge\/","title":{"rendered":"Usluge"},"content":{"rendered":"<p><div class=\"fusion-fullwidth fullwidth-box fusion-builder-row-1 nonhundred-percent-fullwidth non-hundred-percent-height-scrolling\" style=\"--awb-border-radius-top-left:0px;--awb-border-radius-top-right:0px;--awb-border-radius-bottom-right:0px;--awb-border-radius-bottom-left:0px;--awb-flex-wrap:wrap;\" ><div class=\"fusion-builder-row fusion-row\"><div class=\"fusion-layout-column fusion_builder_column fusion-builder-column-0 fusion_builder_column_1_1 1_1 fusion-one-full fusion-column-first fusion-column-last\" style=\"--awb-bg-size:cover;\"><div class=\"fusion-column-wrapper fusion-column-has-shadow fusion-flex-column-wrapper-legacy\"><div class=\"fusion-clearfix\"><\/div><\/div><\/div><\/div><\/div><div class=\"fusion-fullwidth fullwidth-box fusion-builder-row-2 nonhundred-percent-fullwidth non-hundred-percent-height-scrolling\" style=\"--awb-border-radius-top-left:0px;--awb-border-radius-top-right:0px;--awb-border-radius-bottom-right:0px;--awb-border-radius-bottom-left:0px;--awb-flex-wrap:wrap;\" ><div class=\"fusion-builder-row fusion-row\"><div class=\"fusion-layout-column fusion_builder_column fusion-builder-column-1 fusion_builder_column_1_3 1_3 fusion-one-third fusion-column-first\" style=\"--awb-bg-size:cover;width:33.333333333333%;width:calc(33.333333333333% - ( ( 4% + 4% ) * 0.33333333333333 ) );margin-right: 4%;\"><div class=\"fusion-column-wrapper fusion-column-has-shadow fusion-flex-column-wrapper-legacy\"><div class=\"fusion-image-element in-legacy-container\" style=\"--awb-caption-title-font-family:var(--h2_typography-font-family);--awb-caption-title-font-weight:var(--h2_typography-font-weight);--awb-caption-title-font-style:var(--h2_typography-font-style);--awb-caption-title-size:var(--h2_typography-font-size);--awb-caption-title-transform:var(--h2_typography-text-transform);--awb-caption-title-line-height:var(--h2_typography-line-height);--awb-caption-title-letter-spacing:var(--h2_typography-letter-spacing);\"><span class=\" fusion-imageframe imageframe-none imageframe-1 hover-type-zoomin\"><a class=\"fusion-no-lightbox\" href=\"http:\/\/172.19.41.139\/hr\/infrastrukturna-rjesenja\/portfolio-usluge\/dizajn-sustava\/\" target=\"_self\" aria-label=\"system_design_resized\"><img loading=\"lazy\" decoding=\"async\" width=\"1024\" height=\"632\" alt=\"honey scheme for system design\" src=\"http:\/\/172.19.41.139\/hr\/wp-content\/uploads\/2021\/02\/system_design_resized-1024x632.jpg\" class=\"img-responsive wp-image-2182\" srcset=\"https:\/\/www.bccservices.com\/hr\/wp-content\/uploads\/2021\/02\/system_design_resized-200x124.jpg 200w, https:\/\/www.bccservices.com\/hr\/wp-content\/uploads\/2021\/02\/system_design_resized-400x247.jpg 400w, https:\/\/www.bccservices.com\/hr\/wp-content\/uploads\/2021\/02\/system_design_resized-600x371.jpg 600w, https:\/\/www.bccservices.com\/hr\/wp-content\/uploads\/2021\/02\/system_design_resized-800x494.jpg 800w, https:\/\/www.bccservices.com\/hr\/wp-content\/uploads\/2021\/02\/system_design_resized.jpg 1200w\" sizes=\"(max-width: 960px) 100vw, 400px\" \/><\/a><\/span><\/div><div class=\"fusion-title title fusion-title-1 fusion-title-text fusion-title-size-three\" style=\"--awb-margin-top:25px;\"><h3 class=\"fusion-title-heading title-heading-left fusion-responsive-typography-calculated\" style=\"margin:0;--fontSize:42;line-height:1.3;\"><a href=\"https:\/\/www.bccservices.com\/hr\/infrastrukturna-rjesenja\/portfolio-usluge\/dizajn-sustava\/\">Dizajn sustava<\/a><\/h3><span class=\"awb-title-spacer\"><\/span><div class=\"title-sep-container\"><div class=\"title-sep sep- sep-solid\" style=\"border-color:#edeef2;\"><\/div><\/div><\/div><div class=\"fusion-text fusion-text-1\"><p><span style=\"color: #ff0000;\"><span style=\"color: #000000;\">BCC Services osigurava implementaciju i sistemsku podr\u0161ku vezanu za infrastrukturna i aplikativna rje\u0161enja bazirana<\/span><strong>&#8230;<\/strong><\/span><\/p>\n<\/div><div class=\"fusion-clearfix\"><\/div><\/div><\/div><div class=\"fusion-layout-column fusion_builder_column fusion-builder-column-2 fusion_builder_column_1_3 1_3 fusion-one-third\" style=\"--awb-bg-size:cover;width:33.333333333333%;width:calc(33.333333333333% - ( ( 4% + 4% ) * 0.33333333333333 ) );margin-right: 4%;\"><div class=\"fusion-column-wrapper fusion-column-has-shadow fusion-flex-column-wrapper-legacy\"><div class=\"fusion-image-element in-legacy-container\" style=\"--awb-caption-title-font-family:var(--h2_typography-font-family);--awb-caption-title-font-weight:var(--h2_typography-font-weight);--awb-caption-title-font-style:var(--h2_typography-font-style);--awb-caption-title-size:var(--h2_typography-font-size);--awb-caption-title-transform:var(--h2_typography-text-transform);--awb-caption-title-line-height:var(--h2_typography-line-height);--awb-caption-title-letter-spacing:var(--h2_typography-letter-spacing);\"><span class=\" fusion-imageframe imageframe-none imageframe-2 hover-type-zoomin\"><a class=\"fusion-no-lightbox\" href=\"http:\/\/172.19.41.139\/hr\/infrastrukturna-rjesenja\/portfolio-usluge\/integracijske-usluge\/\" target=\"_self\" aria-label=\"abstract-app-social-web-service-object_resized\"><img loading=\"lazy\" decoding=\"async\" width=\"1024\" height=\"632\" alt=\"Fitting pieces of a puzzle\" src=\"http:\/\/172.19.41.139\/hr\/wp-content\/uploads\/2021\/02\/abstract-app-social-web-service-object_resized-1024x632.jpg\" class=\"img-responsive wp-image-2264\" srcset=\"https:\/\/www.bccservices.com\/hr\/wp-content\/uploads\/2021\/02\/abstract-app-social-web-service-object_resized-200x124.jpg 200w, https:\/\/www.bccservices.com\/hr\/wp-content\/uploads\/2021\/02\/abstract-app-social-web-service-object_resized-400x247.jpg 400w, https:\/\/www.bccservices.com\/hr\/wp-content\/uploads\/2021\/02\/abstract-app-social-web-service-object_resized-600x371.jpg 600w, https:\/\/www.bccservices.com\/hr\/wp-content\/uploads\/2021\/02\/abstract-app-social-web-service-object_resized-800x494.jpg 800w, https:\/\/www.bccservices.com\/hr\/wp-content\/uploads\/2021\/02\/abstract-app-social-web-service-object_resized.jpg 1200w\" sizes=\"(max-width: 960px) 100vw, 400px\" \/><\/a><\/span><\/div><div class=\"fusion-title title fusion-title-2 fusion-title-text fusion-title-size-three\" style=\"--awb-margin-top:25px;\"><h3 class=\"fusion-title-heading title-heading-left fusion-responsive-typography-calculated\" style=\"margin:0;--fontSize:42;line-height:1.3;\"><a href=\"https:\/\/www.bccservices.com\/hr\/infrastrukturna-rjesenja\/portfolio-usluge\/integracijske-usluge\/\">Integracijske usluge<\/a><\/h3><span class=\"awb-title-spacer\"><\/span><div class=\"title-sep-container\"><div class=\"title-sep sep- sep-solid\" style=\"border-color:#edeef2;\"><\/div><\/div><\/div><div class=\"fusion-text fusion-text-2\"><p><span style=\"color: #ff0000;\"><span style=\"color: #000000;\">BCC Services nudi usluge integracije uklju\u010duju\u0107i: integraciju kompletne korisni\u010dke IT infrastrukture, konzultantske usluge<\/span>&#8230;<\/span><\/p>\n<\/div><div class=\"fusion-clearfix\"><\/div><\/div><\/div><div class=\"fusion-layout-column fusion_builder_column fusion-builder-column-3 fusion_builder_column_1_3 1_3 fusion-one-third fusion-column-last\" style=\"--awb-bg-size:cover;width:33.333333333333%;width:calc(33.333333333333% - ( ( 4% + 4% ) * 0.33333333333333 ) );\"><div class=\"fusion-column-wrapper fusion-column-has-shadow fusion-flex-column-wrapper-legacy\"><div class=\"fusion-image-element in-legacy-container\" style=\"--awb-caption-title-font-family:var(--h2_typography-font-family);--awb-caption-title-font-weight:var(--h2_typography-font-weight);--awb-caption-title-font-style:var(--h2_typography-font-style);--awb-caption-title-size:var(--h2_typography-font-size);--awb-caption-title-transform:var(--h2_typography-text-transform);--awb-caption-title-line-height:var(--h2_typography-line-height);--awb-caption-title-letter-spacing:var(--h2_typography-letter-spacing);\"><span class=\" fusion-imageframe imageframe-none imageframe-3 hover-type-zoomin\"><a class=\"fusion-no-lightbox\" href=\"http:\/\/172.19.41.139\/hr\/infrastrukturna-rjesenja\/portfolio-usluge\/usluge-upravljanja\/\" target=\"_self\" aria-label=\"business-man-financial-inspector-secretary-making-report-calculating-checking-balance-internal-revenue-service-inspector-checking-document-audit-concept_resized\"><img loading=\"lazy\" decoding=\"async\" width=\"1024\" height=\"632\" alt=\"Charts and diagrams on a desk\" src=\"http:\/\/172.19.41.139\/hr\/wp-content\/uploads\/2021\/02\/business-man-financial-inspector-secretary-making-report-calculating-checking-balance-internal-revenue-service-inspector-checking-document-audit-concept_resized-1024x632.jpg\" class=\"img-responsive wp-image-2265\" srcset=\"https:\/\/www.bccservices.com\/hr\/wp-content\/uploads\/2021\/02\/business-man-financial-inspector-secretary-making-report-calculating-checking-balance-internal-revenue-service-inspector-checking-document-audit-concept_resized-200x124.jpg 200w, https:\/\/www.bccservices.com\/hr\/wp-content\/uploads\/2021\/02\/business-man-financial-inspector-secretary-making-report-calculating-checking-balance-internal-revenue-service-inspector-checking-document-audit-concept_resized-400x247.jpg 400w, https:\/\/www.bccservices.com\/hr\/wp-content\/uploads\/2021\/02\/business-man-financial-inspector-secretary-making-report-calculating-checking-balance-internal-revenue-service-inspector-checking-document-audit-concept_resized-600x371.jpg 600w, https:\/\/www.bccservices.com\/hr\/wp-content\/uploads\/2021\/02\/business-man-financial-inspector-secretary-making-report-calculating-checking-balance-internal-revenue-service-inspector-checking-document-audit-concept_resized-800x494.jpg 800w, https:\/\/www.bccservices.com\/hr\/wp-content\/uploads\/2021\/02\/business-man-financial-inspector-secretary-making-report-calculating-checking-balance-internal-revenue-service-inspector-checking-document-audit-concept_resized.jpg 1200w\" sizes=\"(max-width: 960px) 100vw, 400px\" \/><\/a><\/span><\/div><div class=\"fusion-title title fusion-title-3 fusion-title-text fusion-title-size-three\" style=\"--awb-margin-top:25px;\"><h3 class=\"fusion-title-heading title-heading-left fusion-responsive-typography-calculated\" style=\"margin:0;--fontSize:42;line-height:1.3;\"><a href=\"https:\/\/www.bccservices.com\/hr\/infrastrukturna-rjesenja\/portfolio-usluge\/usluge-upravljanja\/\">Usluge upravljanja<\/a><\/h3><span class=\"awb-title-spacer\"><\/span><div class=\"title-sep-container\"><div class=\"title-sep sep- sep-solid\" style=\"border-color:#edeef2;\"><\/div><\/div><\/div><div class=\"fusion-text fusion-text-3\"><p><span style=\"color: #ff0000;\"><span style=\"color: #000000;\">BCC Services nudi \u0161iroki raspon usluga upravljanja koje podr\u017eavaju desktop infrastrukturu i data center okru\u017eenja<\/span><strong>&#8230;<\/strong><\/span><\/p>\n<\/div><div class=\"fusion-clearfix\"><\/div><\/div><\/div><\/div><\/div><div class=\"fusion-fullwidth fullwidth-box fusion-builder-row-3 nonhundred-percent-fullwidth non-hundred-percent-height-scrolling\" style=\"--awb-border-radius-top-left:0px;--awb-border-radius-top-right:0px;--awb-border-radius-bottom-right:0px;--awb-border-radius-bottom-left:0px;--awb-flex-wrap:wrap;\" ><div class=\"fusion-builder-row fusion-row\"><div class=\"fusion-layout-column fusion_builder_column fusion-builder-column-4 fusion_builder_column_1_1 1_1 fusion-one-full fusion-column-first fusion-column-last\" style=\"--awb-bg-size:cover;\"><div class=\"fusion-column-wrapper fusion-column-has-shadow fusion-flex-column-wrapper-legacy\"><div class=\"fusion-sep-clear\"><\/div><div class=\"fusion-separator fusion-no-small-visibility fusion-full-width-sep\" style=\"margin-left: auto;margin-right: auto;margin-top:31px;margin-bottom:31px;width:100%;\"><\/div><div class=\"fusion-sep-clear\"><\/div><div class=\"fusion-clearfix\"><\/div><\/div><\/div><\/div><\/div><div class=\"fusion-fullwidth fullwidth-box fusion-builder-row-4 nonhundred-percent-fullwidth non-hundred-percent-height-scrolling\" style=\"--awb-border-radius-top-left:0px;--awb-border-radius-top-right:0px;--awb-border-radius-bottom-right:0px;--awb-border-radius-bottom-left:0px;--awb-flex-wrap:wrap;\" ><div class=\"fusion-builder-row fusion-row\"><div class=\"fusion-layout-column fusion_builder_column fusion-builder-column-5 fusion_builder_column_1_3 1_3 fusion-one-third fusion-column-first\" style=\"--awb-bg-size:cover;width:33.333333333333%;width:calc(33.333333333333% - ( ( 4% ) * 0.33333333333333 ) );margin-right: 4%;\"><div class=\"fusion-column-wrapper fusion-column-has-shadow fusion-flex-column-wrapper-legacy\"><div class=\"fusion-image-element in-legacy-container\" style=\"--awb-caption-title-font-family:var(--h2_typography-font-family);--awb-caption-title-font-weight:var(--h2_typography-font-weight);--awb-caption-title-font-style:var(--h2_typography-font-style);--awb-caption-title-size:var(--h2_typography-font-size);--awb-caption-title-transform:var(--h2_typography-text-transform);--awb-caption-title-line-height:var(--h2_typography-line-height);--awb-caption-title-letter-spacing:var(--h2_typography-letter-spacing);\"><span class=\" fusion-imageframe imageframe-none imageframe-4 hover-type-zoomin\"><a class=\"fusion-no-lightbox\" href=\"http:\/\/172.19.41.139\/hr\/infrastrukturna-rjesenja\/portfolio\/usluge-podrske\/\" target=\"_self\" aria-label=\"portfolio-support-services_resized\"><img loading=\"lazy\" decoding=\"async\" width=\"1024\" height=\"632\" alt=\"Colleagues\" src=\"http:\/\/172.19.41.139\/hr\/wp-content\/uploads\/2021\/03\/portfolio-support-services_resized-1024x632.jpg\" class=\"img-responsive wp-image-2457\" srcset=\"https:\/\/www.bccservices.com\/hr\/wp-content\/uploads\/2021\/03\/portfolio-support-services_resized-200x124.jpg 200w, https:\/\/www.bccservices.com\/hr\/wp-content\/uploads\/2021\/03\/portfolio-support-services_resized-400x247.jpg 400w, https:\/\/www.bccservices.com\/hr\/wp-content\/uploads\/2021\/03\/portfolio-support-services_resized-600x371.jpg 600w, https:\/\/www.bccservices.com\/hr\/wp-content\/uploads\/2021\/03\/portfolio-support-services_resized-800x494.jpg 800w, https:\/\/www.bccservices.com\/hr\/wp-content\/uploads\/2021\/03\/portfolio-support-services_resized.jpg 1200w\" sizes=\"(max-width: 960px) 100vw, 400px\" \/><\/a><\/span><\/div><div class=\"fusion-title title fusion-title-4 fusion-title-text fusion-title-size-three\" style=\"--awb-margin-top:25px;\"><h3 class=\"fusion-title-heading title-heading-left fusion-responsive-typography-calculated\" style=\"margin:0;--fontSize:42;line-height:1.3;\"><a href=\"https:\/\/www.bccservices.com\/hr\/infrastrukturna-rjesenja\/portfolio\/usluge-podrske\/\">Usluge odr\u017eavanja i podr\u0161ke<\/a><\/h3><span class=\"awb-title-spacer\"><\/span><div class=\"title-sep-container\"><div class=\"title-sep sep- sep-solid\" style=\"border-color:#edeef2;\"><\/div><\/div><\/div><div class=\"fusion-text fusion-text-4\"><p><span style=\"color: #000000;\">BCC Services nudi kompletni raspon usluga podr\u0161ke i odr\u017eavanja koje najbolje odgovaraju korisni\u010dkim potrebama<\/span><strong><span style=\"color: #ff0000;\">&#8230;<\/span><\/strong><\/p>\n<\/div><div class=\"fusion-clearfix\"><\/div><\/div><\/div><div class=\"fusion-layout-column fusion_builder_column fusion-builder-column-6 fusion_builder_column_1_3 1_3 fusion-one-third fusion-column-last\" style=\"--awb-bg-size:cover;width:33.333333333333%;width:calc(33.333333333333% - ( ( 4% ) * 0.33333333333333 ) );\"><div class=\"fusion-column-wrapper fusion-column-has-shadow fusion-flex-column-wrapper-legacy\"><div class=\"fusion-image-element in-legacy-container\" style=\"--awb-caption-title-font-family:var(--h2_typography-font-family);--awb-caption-title-font-weight:var(--h2_typography-font-weight);--awb-caption-title-font-style:var(--h2_typography-font-style);--awb-caption-title-size:var(--h2_typography-font-size);--awb-caption-title-transform:var(--h2_typography-text-transform);--awb-caption-title-line-height:var(--h2_typography-line-height);--awb-caption-title-letter-spacing:var(--h2_typography-letter-spacing);\"><span class=\" fusion-imageframe imageframe-none imageframe-5 hover-type-zoomin\"><a class=\"fusion-no-lightbox\" href=\"http:\/\/172.19.41.139\/hr\/infrastrukturna-rjesenja\/portfolio-usluge\/organizacija-sluzbe-odrzavanja-i-strucne-pomoci\/\" target=\"_self\" aria-label=\"female-manager-with-client_resized\"><img loading=\"lazy\" decoding=\"async\" width=\"1024\" height=\"632\" alt=\"Manager helping a client\" src=\"http:\/\/172.19.41.139\/hr\/wp-content\/uploads\/2021\/02\/female-manager-with-client_resized-1024x632.jpg\" class=\"img-responsive wp-image-2266\" srcset=\"https:\/\/www.bccservices.com\/hr\/wp-content\/uploads\/2021\/02\/female-manager-with-client_resized-200x124.jpg 200w, https:\/\/www.bccservices.com\/hr\/wp-content\/uploads\/2021\/02\/female-manager-with-client_resized-400x247.jpg 400w, https:\/\/www.bccservices.com\/hr\/wp-content\/uploads\/2021\/02\/female-manager-with-client_resized-600x371.jpg 600w, https:\/\/www.bccservices.com\/hr\/wp-content\/uploads\/2021\/02\/female-manager-with-client_resized-800x494.jpg 800w, https:\/\/www.bccservices.com\/hr\/wp-content\/uploads\/2021\/02\/female-manager-with-client_resized.jpg 1200w\" sizes=\"(max-width: 960px) 100vw, 400px\" \/><\/a><\/span><\/div><div class=\"fusion-title title fusion-title-5 fusion-title-text fusion-title-size-three\" style=\"--awb-margin-top:25px;\"><h3 class=\"fusion-title-heading title-heading-left fusion-responsive-typography-calculated\" style=\"margin:0;--fontSize:42;line-height:1.3;\"><a href=\"https:\/\/www.bccservices.com\/hr\/infrastrukturna-rjesenja\/portfolio-usluge\/organizacija-sluzbe-odrzavanja-i-strucne-pomoci\/\">Organizacija slu\u017ebe odr\u017eavanja i stru\u010dne pomo\u0107i<\/a><\/h3><span class=\"awb-title-spacer\"><\/span><div class=\"title-sep-container\"><div class=\"title-sep sep- sep-solid\" style=\"border-color:#edeef2;\"><\/div><\/div><\/div><div class=\"fusion-text fusion-text-5\"><p><span style=\"color: #ff0000;\"><span style=\"color: #000000;\">Servisna slu\u017eba u Zagrebu je prva razina servisnih usluga korisnika u Hrvatskoj<\/span><strong>&#8230;<\/strong><\/span><\/p>\n<\/div><div class=\"fusion-clearfix\"><\/div><\/div><\/div><\/div><\/div><div class=\"fusion-fullwidth fullwidth-box fusion-builder-row-5 nonhundred-percent-fullwidth non-hundred-percent-height-scrolling\" style=\"--awb-border-radius-top-left:0px;--awb-border-radius-top-right:0px;--awb-border-radius-bottom-right:0px;--awb-border-radius-bottom-left:0px;--awb-flex-wrap:wrap;\" ><div class=\"fusion-builder-row fusion-row\"><div class=\"fusion-layout-column fusion_builder_column fusion-builder-column-7 fusion_builder_column_1_1 1_1 fusion-one-full fusion-column-first fusion-column-last\" style=\"--awb-bg-size:cover;\"><div class=\"fusion-column-wrapper fusion-column-has-shadow fusion-flex-column-wrapper-legacy\"><div class=\"fusion-sep-clear\"><\/div><div class=\"fusion-separator fusion-no-small-visibility fusion-full-width-sep\" style=\"margin-left: auto;margin-right: auto;margin-top:31px;margin-bottom:31px;width:100%;\"><\/div><div class=\"fusion-sep-clear\"><\/div><div class=\"fusion-clearfix\"><\/div><\/div><\/div><\/div><\/div><\/p>\n","protected":false},"excerpt":{"rendered":"","protected":false},"author":1,"featured_media":0,"parent":1117,"menu_order":0,"comment_status":"closed","ping_status":"closed","template":"","meta":{"footnotes":""},"class_list":["post-2261","page","type-page","status-publish","hentry"],"yoast_head":"<!-- This site is optimized with the Yoast SEO plugin v25.6 - https:\/\/yoast.com\/wordpress\/plugins\/seo\/ -->\r\n<title>Usluge - BCC Services<\/title>\r\n<meta name=\"robots\" content=\"index, follow, max-snippet:-1, max-image-preview:large, max-video-preview:-1\" \/>\r\n<link rel=\"canonical\" href=\"https:\/\/www.bccservices.com\/hr\/infrastrukturna-rjesenja\/portfolio-usluge\/\" \/>\r\n<meta property=\"og:locale\" content=\"hr_HR\" \/>\r\n<meta property=\"og:type\" content=\"article\" \/>\r\n<meta property=\"og:title\" content=\"Usluge - BCC Services\" \/>\r\n<meta property=\"og:url\" content=\"https:\/\/www.bccservices.com\/hr\/infrastrukturna-rjesenja\/portfolio-usluge\/\" \/>\r\n<meta property=\"og:site_name\" content=\"BCC Services\" \/>\r\n<meta property=\"article:publisher\" content=\"https:\/\/www.facebook.com\/BCCServiceshr\/\" \/>\r\n<meta property=\"article:modified_time\" content=\"2023-12-28T13:30:04+00:00\" \/>\r\n<meta name=\"twitter:card\" content=\"summary_large_image\" \/>\r\n<meta name=\"twitter:label1\" content=\"Procijenjeno vrijeme \u010ditanja\" \/>\n\t<meta name=\"twitter:data1\" content=\"7 minuta\" \/>\r\n<script type=\"application\/ld+json\" class=\"yoast-schema-graph\">{\"@context\":\"https:\/\/schema.org\",\"@graph\":[{\"@type\":\"WebPage\",\"@id\":\"https:\/\/www.bccservices.com\/hr\/infrastrukturna-rjesenja\/portfolio-usluge\/\",\"url\":\"https:\/\/www.bccservices.com\/hr\/infrastrukturna-rjesenja\/portfolio-usluge\/\",\"name\":\"Usluge - BCC Services\",\"isPartOf\":{\"@id\":\"https:\/\/www.bccservices.com\/hr\/#website\"},\"datePublished\":\"2021-02-26T12:33:22+00:00\",\"dateModified\":\"2023-12-28T13:30:04+00:00\",\"breadcrumb\":{\"@id\":\"https:\/\/www.bccservices.com\/hr\/infrastrukturna-rjesenja\/portfolio-usluge\/#breadcrumb\"},\"inLanguage\":\"hr\",\"potentialAction\":[{\"@type\":\"ReadAction\",\"target\":[\"https:\/\/www.bccservices.com\/hr\/infrastrukturna-rjesenja\/portfolio-usluge\/\"]}]},{\"@type\":\"BreadcrumbList\",\"@id\":\"https:\/\/www.bccservices.com\/hr\/infrastrukturna-rjesenja\/portfolio-usluge\/#breadcrumb\",\"itemListElement\":[{\"@type\":\"ListItem\",\"position\":1,\"name\":\"Home\",\"item\":\"https:\/\/www.bccservices.com\/hr\/\"},{\"@type\":\"ListItem\",\"position\":2,\"name\":\"Infrastrukturna rje\u0161enja\",\"item\":\"https:\/\/www.bccservices.com\/hr\/infrastrukturna-rjesenja\/\"},{\"@type\":\"ListItem\",\"position\":3,\"name\":\"Usluge\"}]},{\"@type\":\"WebSite\",\"@id\":\"https:\/\/www.bccservices.com\/hr\/#website\",\"url\":\"https:\/\/www.bccservices.com\/hr\/\",\"name\":\"BCC Services\",\"description\":\"\",\"publisher\":{\"@id\":\"https:\/\/www.bccservices.com\/hr\/#organization\"},\"potentialAction\":[{\"@type\":\"SearchAction\",\"target\":{\"@type\":\"EntryPoint\",\"urlTemplate\":\"https:\/\/www.bccservices.com\/hr\/?s={search_term_string}\"},\"query-input\":{\"@type\":\"PropertyValueSpecification\",\"valueRequired\":true,\"valueName\":\"search_term_string\"}}],\"inLanguage\":\"hr\"},{\"@type\":\"Organization\",\"@id\":\"https:\/\/www.bccservices.com\/hr\/#organization\",\"name\":\"BCC Services\",\"url\":\"https:\/\/www.bccservices.com\/hr\/\",\"logo\":{\"@type\":\"ImageObject\",\"inLanguage\":\"hr\",\"@id\":\"https:\/\/www.bccservices.com\/hr\/#\/schema\/logo\/image\/\",\"url\":\"http:\/\/172.19.41.139\/hr\/wp-content\/uploads\/2022\/05\/BCC-Services_square-01.png\",\"contentUrl\":\"http:\/\/172.19.41.139\/hr\/wp-content\/uploads\/2022\/05\/BCC-Services_square-01.png\",\"width\":354,\"height\":354,\"caption\":\"BCC Services\"},\"image\":{\"@id\":\"https:\/\/www.bccservices.com\/hr\/#\/schema\/logo\/image\/\"},\"sameAs\":[\"https:\/\/www.facebook.com\/BCCServiceshr\/\"]}]}<\/script>\r\n<!-- \/ Yoast SEO plugin. -->","yoast_head_json":{"title":"Usluge - BCC Services","robots":{"index":"index","follow":"follow","max-snippet":"max-snippet:-1","max-image-preview":"max-image-preview:large","max-video-preview":"max-video-preview:-1"},"canonical":"https:\/\/www.bccservices.com\/hr\/infrastrukturna-rjesenja\/portfolio-usluge\/","og_locale":"hr_HR","og_type":"article","og_title":"Usluge - BCC Services","og_url":"https:\/\/www.bccservices.com\/hr\/infrastrukturna-rjesenja\/portfolio-usluge\/","og_site_name":"BCC Services","article_publisher":"https:\/\/www.facebook.com\/BCCServiceshr\/","article_modified_time":"2023-12-28T13:30:04+00:00","twitter_card":"summary_large_image","twitter_misc":{"Procijenjeno vrijeme \u010ditanja":"7 minuta"},"schema":{"@context":"https:\/\/schema.org","@graph":[{"@type":"WebPage","@id":"https:\/\/www.bccservices.com\/hr\/infrastrukturna-rjesenja\/portfolio-usluge\/","url":"https:\/\/www.bccservices.com\/hr\/infrastrukturna-rjesenja\/portfolio-usluge\/","name":"Usluge - BCC Services","isPartOf":{"@id":"https:\/\/www.bccservices.com\/hr\/#website"},"datePublished":"2021-02-26T12:33:22+00:00","dateModified":"2023-12-28T13:30:04+00:00","breadcrumb":{"@id":"https:\/\/www.bccservices.com\/hr\/infrastrukturna-rjesenja\/portfolio-usluge\/#breadcrumb"},"inLanguage":"hr","potentialAction":[{"@type":"ReadAction","target":["https:\/\/www.bccservices.com\/hr\/infrastrukturna-rjesenja\/portfolio-usluge\/"]}]},{"@type":"BreadcrumbList","@id":"https:\/\/www.bccservices.com\/hr\/infrastrukturna-rjesenja\/portfolio-usluge\/#breadcrumb","itemListElement":[{"@type":"ListItem","position":1,"name":"Home","item":"https:\/\/www.bccservices.com\/hr\/"},{"@type":"ListItem","position":2,"name":"Infrastrukturna rje\u0161enja","item":"https:\/\/www.bccservices.com\/hr\/infrastrukturna-rjesenja\/"},{"@type":"ListItem","position":3,"name":"Usluge"}]},{"@type":"WebSite","@id":"https:\/\/www.bccservices.com\/hr\/#website","url":"https:\/\/www.bccservices.com\/hr\/","name":"BCC Services","description":"","publisher":{"@id":"https:\/\/www.bccservices.com\/hr\/#organization"},"potentialAction":[{"@type":"SearchAction","target":{"@type":"EntryPoint","urlTemplate":"https:\/\/www.bccservices.com\/hr\/?s={search_term_string}"},"query-input":{"@type":"PropertyValueSpecification","valueRequired":true,"valueName":"search_term_string"}}],"inLanguage":"hr"},{"@type":"Organization","@id":"https:\/\/www.bccservices.com\/hr\/#organization","name":"BCC Services","url":"https:\/\/www.bccservices.com\/hr\/","logo":{"@type":"ImageObject","inLanguage":"hr","@id":"https:\/\/www.bccservices.com\/hr\/#\/schema\/logo\/image\/","url":"http:\/\/172.19.41.139\/hr\/wp-content\/uploads\/2022\/05\/BCC-Services_square-01.png","contentUrl":"http:\/\/172.19.41.139\/hr\/wp-content\/uploads\/2022\/05\/BCC-Services_square-01.png","width":354,"height":354,"caption":"BCC Services"},"image":{"@id":"https:\/\/www.bccservices.com\/hr\/#\/schema\/logo\/image\/"},"sameAs":["https:\/\/www.facebook.com\/BCCServiceshr\/"]}]}},"_links":{"self":[{"href":"https:\/\/www.bccservices.com\/hr\/wp-json\/wp\/v2\/pages\/2261"}],"collection":[{"href":"https:\/\/www.bccservices.com\/hr\/wp-json\/wp\/v2\/pages"}],"about":[{"href":"https:\/\/www.bccservices.com\/hr\/wp-json\/wp\/v2\/types\/page"}],"author":[{"embeddable":true,"href":"https:\/\/www.bccservices.com\/hr\/wp-json\/wp\/v2\/users\/1"}],"replies":[{"embeddable":true,"href":"https:\/\/www.bccservices.com\/hr\/wp-json\/wp\/v2\/comments?post=2261"}],"version-history":[{"count":1,"href":"https:\/\/www.bccservices.com\/hr\/wp-json\/wp\/v2\/pages\/2261\/revisions"}],"predecessor-version":[{"id":6225,"href":"https:\/\/www.bccservices.com\/hr\/wp-json\/wp\/v2\/pages\/2261\/revisions\/6225"}],"up":[{"embeddable":true,"href":"https:\/\/www.bccservices.com\/hr\/wp-json\/wp\/v2\/pages\/1117"}],"wp:attachment":[{"href":"https:\/\/www.bccservices.com\/hr\/wp-json\/wp\/v2\/media?parent=2261"}],"curies":[{"name":"wp","href":"https:\/\/api.w.org\/{rel}","templated":true}]}}