{"id":2216,"date":"2021-02-24T13:48:45","date_gmt":"2021-02-24T13:48:45","guid":{"rendered":"http:\/\/172.19.41.139\/hr\/?page_id=2216"},"modified":"2021-03-04T15:45:01","modified_gmt":"2021-03-04T14:45:01","slug":"server-virtualizacija","status":"publish","type":"page","link":"https:\/\/www.bccservices.com\/hr\/infrastrukturna-rjesenja\/portfolio\/server-virtualizacija\/","title":{"rendered":"Virtualizacija servera"},"content":{"rendered":"<div class=\"fusion-fullwidth fullwidth-box fusion-builder-row-1 nonhundred-percent-fullwidth non-hundred-percent-height-scrolling\" style=\"--awb-border-radius-top-left:0px;--awb-border-radius-top-right:0px;--awb-border-radius-bottom-right:0px;--awb-border-radius-bottom-left:0px;--awb-flex-wrap:wrap;\" ><div class=\"fusion-builder-row fusion-row\"><div class=\"fusion-layout-column fusion_builder_column fusion-builder-column-0 fusion_builder_column_1_1 1_1 fusion-one-full fusion-column-first fusion-column-last\" style=\"--awb-bg-size:cover;\"><div class=\"fusion-column-wrapper fusion-flex-column-wrapper-legacy\"><div class=\"fusion-clearfix\"><\/div><\/div><\/div><div class=\"fusion-layout-column fusion_builder_column fusion-builder-column-1 fusion_builder_column_1_1 1_1 fusion-one-full fusion-column-first fusion-column-last\" style=\"--awb-bg-size:cover;\"><div class=\"fusion-column-wrapper fusion-column-has-shadow fusion-flex-column-wrapper-legacy\"><div class=\"fusion-sep-clear\"><\/div><div class=\"fusion-separator fusion-full-width-sep\" style=\"margin-left: auto;margin-right: auto;margin-top:9px;margin-bottom:9px;width:100%;\"><\/div><div class=\"fusion-sep-clear\"><\/div><div class=\"fusion-text fusion-text-1\"><p>Virtualizacija servera optimizira HW resursa konsolidacijom servera i efikasnijom upotrebom, uz br\u017eu implementaciju novih servisa fleksibilnijim dodjeljivanjem resursa, pove\u0107anu stabilnost sustava te ostvarivanje visoke dostupnosti.<\/p>\n<p>Virtualizacija servera omogu\u0107uje brzi oporavak u slu\u010daju halvarije te jednostavne scenarije oporavka. Uz to olak\u0161ana je migracija na nove servere i sustave pohrane podataka.<\/p>\n<p>Virtualizacija omogu\u0107ava efikasniji sustav uz manji broj servera, manji \u201efootprint\u201c, ni\u017ee cijene odr\u017eavanja, smanjenu potro\u0161nju elektri\u010dne energije i sustava hla\u0111enja, pa sve rezultira znatno efikasnijem i ekonomi\u010dnijem upravljanju IT okru\u017eenja.<\/p>\n<p>BCC Services ima dugogodi\u0161nje iskustvo u virtualizacijskoj tehnologiji koriste\u0107i NetApp sustave za pohranu podataka, Fujitsu Primergy poslu\u017eitelje i hypervisor tehnologije od VMware-a, Microsoft Hyper-V i Citrix-a.<\/p>\n<\/div><div class=\"fusion-sep-clear\"><\/div><div class=\"fusion-separator fusion-full-width-sep\" style=\"margin-left: auto;margin-right: auto;margin-top:9px;margin-bottom:9px;width:100%;\"><\/div><div class=\"fusion-sep-clear\"><\/div><div class=\"fusion-clearfix\"><\/div><\/div><\/div><\/div><\/div>\n","protected":false},"excerpt":{"rendered":"","protected":false},"author":1,"featured_media":0,"parent":1342,"menu_order":0,"comment_status":"closed","ping_status":"closed","template":"","meta":{"footnotes":""},"class_list":["post-2216","page","type-page","status-publish","hentry"],"yoast_head":"<!-- This site is optimized with the Yoast SEO plugin v25.6 - https:\/\/yoast.com\/wordpress\/plugins\/seo\/ -->\r\n<title>Virtualizacija servera - BCC Services<\/title>\r\n<meta name=\"robots\" content=\"index, follow, max-snippet:-1, max-image-preview:large, max-video-preview:-1\" \/>\r\n<link rel=\"canonical\" href=\"https:\/\/www.bccservices.com\/hr\/infrastrukturna-rjesenja\/portfolio\/server-virtualizacija\/\" \/>\r\n<meta property=\"og:locale\" content=\"hr_HR\" \/>\r\n<meta property=\"og:type\" content=\"article\" \/>\r\n<meta property=\"og:title\" content=\"Virtualizacija servera - BCC Services\" \/>\r\n<meta property=\"og:url\" content=\"https:\/\/www.bccservices.com\/hr\/infrastrukturna-rjesenja\/portfolio\/server-virtualizacija\/\" \/>\r\n<meta property=\"og:site_name\" content=\"BCC Services\" \/>\r\n<meta property=\"article:publisher\" content=\"https:\/\/www.facebook.com\/BCCServiceshr\/\" \/>\r\n<meta property=\"article:modified_time\" content=\"2021-03-04T14:45:01+00:00\" \/>\r\n<meta name=\"twitter:card\" content=\"summary_large_image\" \/>\r\n<meta name=\"twitter:label1\" content=\"Procijenjeno vrijeme \u010ditanja\" \/>\n\t<meta name=\"twitter:data1\" content=\"3 minute\" \/>\r\n<script type=\"application\/ld+json\" class=\"yoast-schema-graph\">{\"@context\":\"https:\/\/schema.org\",\"@graph\":[{\"@type\":\"WebPage\",\"@id\":\"https:\/\/www.bccservices.com\/hr\/infrastrukturna-rjesenja\/portfolio\/server-virtualizacija\/\",\"url\":\"https:\/\/www.bccservices.com\/hr\/infrastrukturna-rjesenja\/portfolio\/server-virtualizacija\/\",\"name\":\"Virtualizacija servera - BCC Services\",\"isPartOf\":{\"@id\":\"https:\/\/www.bccservices.com\/hr\/#website\"},\"datePublished\":\"2021-02-24T13:48:45+00:00\",\"dateModified\":\"2021-03-04T14:45:01+00:00\",\"breadcrumb\":{\"@id\":\"https:\/\/www.bccservices.com\/hr\/infrastrukturna-rjesenja\/portfolio\/server-virtualizacija\/#breadcrumb\"},\"inLanguage\":\"hr\",\"potentialAction\":[{\"@type\":\"ReadAction\",\"target\":[\"https:\/\/www.bccservices.com\/hr\/infrastrukturna-rjesenja\/portfolio\/server-virtualizacija\/\"]}]},{\"@type\":\"BreadcrumbList\",\"@id\":\"https:\/\/www.bccservices.com\/hr\/infrastrukturna-rjesenja\/portfolio\/server-virtualizacija\/#breadcrumb\",\"itemListElement\":[{\"@type\":\"ListItem\",\"position\":1,\"name\":\"Home\",\"item\":\"https:\/\/www.bccservices.com\/hr\/\"},{\"@type\":\"ListItem\",\"position\":2,\"name\":\"Infrastrukturna rje\u0161enja\",\"item\":\"https:\/\/www.bccservices.com\/hr\/infrastrukturna-rjesenja\/\"},{\"@type\":\"ListItem\",\"position\":3,\"name\":\"Portfolio\",\"item\":\"https:\/\/www.bccservices.com\/hr\/infrastrukturna-rjesenja\/portfolio\/\"},{\"@type\":\"ListItem\",\"position\":4,\"name\":\"Virtualizacija servera\"}]},{\"@type\":\"WebSite\",\"@id\":\"https:\/\/www.bccservices.com\/hr\/#website\",\"url\":\"https:\/\/www.bccservices.com\/hr\/\",\"name\":\"BCC Services\",\"description\":\"\",\"publisher\":{\"@id\":\"https:\/\/www.bccservices.com\/hr\/#organization\"},\"potentialAction\":[{\"@type\":\"SearchAction\",\"target\":{\"@type\":\"EntryPoint\",\"urlTemplate\":\"https:\/\/www.bccservices.com\/hr\/?s={search_term_string}\"},\"query-input\":{\"@type\":\"PropertyValueSpecification\",\"valueRequired\":true,\"valueName\":\"search_term_string\"}}],\"inLanguage\":\"hr\"},{\"@type\":\"Organization\",\"@id\":\"https:\/\/www.bccservices.com\/hr\/#organization\",\"name\":\"BCC Services\",\"url\":\"https:\/\/www.bccservices.com\/hr\/\",\"logo\":{\"@type\":\"ImageObject\",\"inLanguage\":\"hr\",\"@id\":\"https:\/\/www.bccservices.com\/hr\/#\/schema\/logo\/image\/\",\"url\":\"http:\/\/172.19.41.139\/hr\/wp-content\/uploads\/2022\/05\/BCC-Services_square-01.png\",\"contentUrl\":\"http:\/\/172.19.41.139\/hr\/wp-content\/uploads\/2022\/05\/BCC-Services_square-01.png\",\"width\":354,\"height\":354,\"caption\":\"BCC Services\"},\"image\":{\"@id\":\"https:\/\/www.bccservices.com\/hr\/#\/schema\/logo\/image\/\"},\"sameAs\":[\"https:\/\/www.facebook.com\/BCCServiceshr\/\"]}]}<\/script>\r\n<!-- \/ Yoast SEO plugin. -->","yoast_head_json":{"title":"Virtualizacija servera - BCC Services","robots":{"index":"index","follow":"follow","max-snippet":"max-snippet:-1","max-image-preview":"max-image-preview:large","max-video-preview":"max-video-preview:-1"},"canonical":"https:\/\/www.bccservices.com\/hr\/infrastrukturna-rjesenja\/portfolio\/server-virtualizacija\/","og_locale":"hr_HR","og_type":"article","og_title":"Virtualizacija servera - BCC Services","og_url":"https:\/\/www.bccservices.com\/hr\/infrastrukturna-rjesenja\/portfolio\/server-virtualizacija\/","og_site_name":"BCC Services","article_publisher":"https:\/\/www.facebook.com\/BCCServiceshr\/","article_modified_time":"2021-03-04T14:45:01+00:00","twitter_card":"summary_large_image","twitter_misc":{"Procijenjeno vrijeme \u010ditanja":"3 minute"},"schema":{"@context":"https:\/\/schema.org","@graph":[{"@type":"WebPage","@id":"https:\/\/www.bccservices.com\/hr\/infrastrukturna-rjesenja\/portfolio\/server-virtualizacija\/","url":"https:\/\/www.bccservices.com\/hr\/infrastrukturna-rjesenja\/portfolio\/server-virtualizacija\/","name":"Virtualizacija servera - BCC Services","isPartOf":{"@id":"https:\/\/www.bccservices.com\/hr\/#website"},"datePublished":"2021-02-24T13:48:45+00:00","dateModified":"2021-03-04T14:45:01+00:00","breadcrumb":{"@id":"https:\/\/www.bccservices.com\/hr\/infrastrukturna-rjesenja\/portfolio\/server-virtualizacija\/#breadcrumb"},"inLanguage":"hr","potentialAction":[{"@type":"ReadAction","target":["https:\/\/www.bccservices.com\/hr\/infrastrukturna-rjesenja\/portfolio\/server-virtualizacija\/"]}]},{"@type":"BreadcrumbList","@id":"https:\/\/www.bccservices.com\/hr\/infrastrukturna-rjesenja\/portfolio\/server-virtualizacija\/#breadcrumb","itemListElement":[{"@type":"ListItem","position":1,"name":"Home","item":"https:\/\/www.bccservices.com\/hr\/"},{"@type":"ListItem","position":2,"name":"Infrastrukturna rje\u0161enja","item":"https:\/\/www.bccservices.com\/hr\/infrastrukturna-rjesenja\/"},{"@type":"ListItem","position":3,"name":"Portfolio","item":"https:\/\/www.bccservices.com\/hr\/infrastrukturna-rjesenja\/portfolio\/"},{"@type":"ListItem","position":4,"name":"Virtualizacija servera"}]},{"@type":"WebSite","@id":"https:\/\/www.bccservices.com\/hr\/#website","url":"https:\/\/www.bccservices.com\/hr\/","name":"BCC Services","description":"","publisher":{"@id":"https:\/\/www.bccservices.com\/hr\/#organization"},"potentialAction":[{"@type":"SearchAction","target":{"@type":"EntryPoint","urlTemplate":"https:\/\/www.bccservices.com\/hr\/?s={search_term_string}"},"query-input":{"@type":"PropertyValueSpecification","valueRequired":true,"valueName":"search_term_string"}}],"inLanguage":"hr"},{"@type":"Organization","@id":"https:\/\/www.bccservices.com\/hr\/#organization","name":"BCC Services","url":"https:\/\/www.bccservices.com\/hr\/","logo":{"@type":"ImageObject","inLanguage":"hr","@id":"https:\/\/www.bccservices.com\/hr\/#\/schema\/logo\/image\/","url":"http:\/\/172.19.41.139\/hr\/wp-content\/uploads\/2022\/05\/BCC-Services_square-01.png","contentUrl":"http:\/\/172.19.41.139\/hr\/wp-content\/uploads\/2022\/05\/BCC-Services_square-01.png","width":354,"height":354,"caption":"BCC Services"},"image":{"@id":"https:\/\/www.bccservices.com\/hr\/#\/schema\/logo\/image\/"},"sameAs":["https:\/\/www.facebook.com\/BCCServiceshr\/"]}]}},"_links":{"self":[{"href":"https:\/\/www.bccservices.com\/hr\/wp-json\/wp\/v2\/pages\/2216"}],"collection":[{"href":"https:\/\/www.bccservices.com\/hr\/wp-json\/wp\/v2\/pages"}],"about":[{"href":"https:\/\/www.bccservices.com\/hr\/wp-json\/wp\/v2\/types\/page"}],"author":[{"embeddable":true,"href":"https:\/\/www.bccservices.com\/hr\/wp-json\/wp\/v2\/users\/1"}],"replies":[{"embeddable":true,"href":"https:\/\/www.bccservices.com\/hr\/wp-json\/wp\/v2\/comments?post=2216"}],"version-history":[{"count":0,"href":"https:\/\/www.bccservices.com\/hr\/wp-json\/wp\/v2\/pages\/2216\/revisions"}],"up":[{"embeddable":true,"href":"https:\/\/www.bccservices.com\/hr\/wp-json\/wp\/v2\/pages\/1342"}],"wp:attachment":[{"href":"https:\/\/www.bccservices.com\/hr\/wp-json\/wp\/v2\/media?parent=2216"}],"curies":[{"name":"wp","href":"https:\/\/api.w.org\/{rel}","templated":true}]}}