{"id":2212,"date":"2021-02-24T13:48:02","date_gmt":"2021-02-24T13:48:02","guid":{"rendered":"http:\/\/172.19.41.139\/hr\/?page_id=2212"},"modified":"2021-03-04T14:35:21","modified_gmt":"2021-03-04T13:35:21","slug":"sap-hana","status":"publish","type":"page","link":"https:\/\/www.bccservices.com\/hr\/infrastrukturna-rjesenja\/portfolio\/sap-hana\/","title":{"rendered":"SAP HANA"},"content":{"rendered":"<div class=\"fusion-fullwidth fullwidth-box fusion-builder-row-1 nonhundred-percent-fullwidth non-hundred-percent-height-scrolling\" style=\"--awb-border-radius-top-left:0px;--awb-border-radius-top-right:0px;--awb-border-radius-bottom-right:0px;--awb-border-radius-bottom-left:0px;--awb-flex-wrap:wrap;\" ><div class=\"fusion-builder-row fusion-row\"><div class=\"fusion-layout-column fusion_builder_column fusion-builder-column-0 fusion_builder_column_1_1 1_1 fusion-one-full fusion-column-first fusion-column-last\" style=\"--awb-bg-size:cover;\"><div class=\"fusion-column-wrapper fusion-column-has-shadow fusion-flex-column-wrapper-legacy\"><div class=\"fusion-clearfix\"><\/div><\/div><\/div><div class=\"fusion-layout-column fusion_builder_column fusion-builder-column-1 fusion_builder_column_1_1 1_1 fusion-one-full fusion-column-first fusion-column-last\" style=\"--awb-bg-size:cover;\"><div class=\"fusion-column-wrapper fusion-column-has-shadow fusion-flex-column-wrapper-legacy\"><div class=\"fusion-text fusion-text-1\"><p>Prilikom dizajna portfelja rje\u0161enja za infrastrukturnu platformu SAP HANA rje\u0161enja baziramo se na istim tehnologijama kakve SAP AG ve\u0107 koristi u svojem poslovnom okru\u017eenju, u \u0161to su se imali prilike uvjeriti i na\u0161i korisnici prilikom posjete SAP podatkovnog centra.<\/p>\n<p><strong>Odlu\u010dili smo bazirati na\u0161 portfelj SAP HANA infrastrukture upravo na tim tehnologijama iz nekoliko razloga:<\/strong><\/p>\n<ul>\n<li>Nudimo Vam najbolje rje\u0161enje koje SAP \u201eu ku\u0107i\u201c koristi, bazirano na istim tim modernim tehnologijama uz o\u010duvanje vrijednosti takve provjerene okoline<\/li>\n<li>Iza sebe u odli\u010dnoj koheziji jednim od renomiranijih implementatora u regiji, imamo ve\u0107 nekoliko implementiranih HANA, upravo na navedenoj infrastrukturnoj platformi, a radimo na jo\u0161 ve\u0107em broju novih dizajna s drugim korisnicima (Side-by-Side Hana, migracija s Oracle-a, migracija s SQL-a, nova implementacija SAP HANA, nova implementacija S4HANA\u2026)<\/li>\n<li>Me\u0111usobna komunikacija na\u0161ih korisnika koji su imali priliku raditi s na\u0161im timom na implementaciji\/migraciji SAP HANA infrastrukturne platforme osigurava razmjenu iskustava i zadovoljstvo s bilo kojom fazom koje su s nama pro\u0161li (definiranje scopea projekta, dizajn, vo\u0111enje projekta, implementacija ponu\u0111enog rje\u0161enja, integracija s postoje\u0107im okru\u017eenjem, migracija, post-implementacijska podr\u0161ka, itd&#8230;) te kona\u010dnim rezultatom implementacije<\/li>\n<li>Uz SAP HANA TDIv5 metodologiju takve nove moderne tehnologije vrlo lako mogu integrirati u postoje\u0107e stanje korisni\u010dke infrastrukturne okoline<\/li>\n<li>Sve komponente infrastrukturnog rje\u0161enja iz ovog dizajna leaderi su na tr\u017ei\u0161tu, uz najve\u0107i ekosustav integracije i interoperabilnosti, \u0161to omogu\u0107ava vrlo bezbolnu implementaciju i stabilan rad<\/li>\n<li>Sve komponente rje\u0161enja ve\u0107 godinama rade izuzetno pouzdano kod korisnika diljem svijeta u SAP HANA okolini, bez neplaniranih nedostupnosti usluga<\/li>\n<\/ul>\n<p><strong>Gospodin \u00c1d\u00e1m K\u00f6teles, SAP Technical Team leader iz MOL Group SAP implementation tima, upravo za rje\u0161enja iz ovog sa\u017eetka i sam ka\u017ee sljede\u0107e, \u0161to mogu potvrditi i na\u0161i korisnici:<\/strong><\/p>\n<ul>\n<li>&#8220;The solution\u2019s failover and disaster recovery capabilities were clearly a winning argument. Fujitsu\u2019s solution offered very well price\/performance&#8221;<\/li>\n<li>\u201eNetApp clustered Data ONTAP will be very helpful to support 24\/7 SAP operations from daily business to maintenance.\u201c<\/li>\n<li>\u201cIt was impressive to see NetApp software at work. Cloning 15 SAP systems was a matter of just 10 minutes.\u201c<\/li>\n<\/ul>\n<p>Prvi korak prema SAP rje\u0161enjima je utvr\u0111ivanje je li dobavlja\u010d dio programa davatelja usluga certificiranog za SAP HANA. SAP izuzetno pazi kako bi osigurao da njegova rje\u0161enja pru\u017eaju gotovu vrijednost. SAP-ovi kupci imaju visoke zahtjeve i velika o\u010dekivanja, a program certificiranog pru\u017eatelja usluga poma\u017ee SAP-ovim kupcima da prepoznaju najbolje pru\u017eatelje usluga u klasi, dok certificirani partneri pove\u0107avaju vidljivost tr\u017ei\u0161ta i donose novi prihod. BCC Services nudi proizvode za SAP HANA rje\u0161enje koji su svi certificirani od strane SAP-a: <strong><a href=\"https:\/\/www.fujitsu.com\/fts\/about\/info-center\/partners\/alliance\/strategic\/sap\/saponlinux\/\">Fujitsu<\/a> <\/strong>Primergy i Primequest poslu\u017eitelje,<strong> <a href=\"https:\/\/www.sap.com\/dmc\/exp\/2014-09-02-hana-hardware\/enEN\/#\/solutions?filters=v:deCertified;ve:13;storage;iaas;ve:24;ve:29.&amp;id=s:2416\">NetApp<\/a><\/strong> sustave za pohranu, <strong><a href=\"https:\/\/www.fujitsu.com\/fts\/about\/info-center\/partners\/alliance\/strategic\/sap\/saponlinux\/\">RedHat<\/a> <\/strong>Enterprise Linux.<\/p>\n<p>Odlu\u010dite li se dati povjerenje ovakvoj infrastrukturnoj platformi za SAP HANA rje\u0161enje, u tvrtki BCC Services prona\u0107i \u0107ete pouzdanog partnera za implementaciju, integraciju te podr\u0161ku infrastrukturnih rje\u0161enja sa ostalih novih i postoje\u0107ih tehnologija.<\/p>\n<p>Do sada smo implementirali rje\u0161enja bazirana na istim vode\u0107im svjetskim tehnologijama na vi\u0161e od 80 projekata u regiji za SAP i non-SAP okru\u017eenja. Budete li zainteresirani za ovo rje\u0161enje, sa zadovoljstvom \u0107emo Vas kontaktirati kako bismo zajedno odradili jo\u0161 jedan uspje\u0161an projekt SAP HANA infrastrukturne platforme uz primjenu najmodernijih tehnologija na tr\u017ei\u0161tu.<\/p>\n<\/div><div class=\"fusion-clearfix\"><\/div><\/div><\/div><\/div><\/div>\n","protected":false},"excerpt":{"rendered":"","protected":false},"author":1,"featured_media":0,"parent":1342,"menu_order":0,"comment_status":"closed","ping_status":"closed","template":"","meta":{"footnotes":""},"class_list":["post-2212","page","type-page","status-publish","hentry"],"yoast_head":"<!-- This site is optimized with the Yoast SEO plugin v25.6 - https:\/\/yoast.com\/wordpress\/plugins\/seo\/ -->\r\n<title>SAP HANA - BCC Services<\/title>\r\n<meta name=\"robots\" content=\"index, follow, max-snippet:-1, max-image-preview:large, max-video-preview:-1\" \/>\r\n<link rel=\"canonical\" href=\"https:\/\/www.bccservices.com\/hr\/infrastrukturna-rjesenja\/portfolio\/sap-hana\/\" \/>\r\n<meta property=\"og:locale\" content=\"hr_HR\" \/>\r\n<meta property=\"og:type\" content=\"article\" \/>\r\n<meta property=\"og:title\" content=\"SAP HANA - BCC Services\" \/>\r\n<meta property=\"og:url\" content=\"https:\/\/www.bccservices.com\/hr\/infrastrukturna-rjesenja\/portfolio\/sap-hana\/\" \/>\r\n<meta property=\"og:site_name\" content=\"BCC Services\" \/>\r\n<meta property=\"article:publisher\" content=\"https:\/\/www.facebook.com\/BCCServiceshr\/\" \/>\r\n<meta property=\"article:modified_time\" content=\"2021-03-04T13:35:21+00:00\" \/>\r\n<meta name=\"twitter:card\" content=\"summary_large_image\" \/>\r\n<meta name=\"twitter:label1\" content=\"Procijenjeno vrijeme \u010ditanja\" \/>\n\t<meta name=\"twitter:data1\" content=\"6 minuta\" \/>\r\n<script type=\"application\/ld+json\" class=\"yoast-schema-graph\">{\"@context\":\"https:\/\/schema.org\",\"@graph\":[{\"@type\":\"WebPage\",\"@id\":\"https:\/\/www.bccservices.com\/hr\/infrastrukturna-rjesenja\/portfolio\/sap-hana\/\",\"url\":\"https:\/\/www.bccservices.com\/hr\/infrastrukturna-rjesenja\/portfolio\/sap-hana\/\",\"name\":\"SAP HANA - BCC Services\",\"isPartOf\":{\"@id\":\"https:\/\/www.bccservices.com\/hr\/#website\"},\"datePublished\":\"2021-02-24T13:48:02+00:00\",\"dateModified\":\"2021-03-04T13:35:21+00:00\",\"breadcrumb\":{\"@id\":\"https:\/\/www.bccservices.com\/hr\/infrastrukturna-rjesenja\/portfolio\/sap-hana\/#breadcrumb\"},\"inLanguage\":\"hr\",\"potentialAction\":[{\"@type\":\"ReadAction\",\"target\":[\"https:\/\/www.bccservices.com\/hr\/infrastrukturna-rjesenja\/portfolio\/sap-hana\/\"]}]},{\"@type\":\"BreadcrumbList\",\"@id\":\"https:\/\/www.bccservices.com\/hr\/infrastrukturna-rjesenja\/portfolio\/sap-hana\/#breadcrumb\",\"itemListElement\":[{\"@type\":\"ListItem\",\"position\":1,\"name\":\"Home\",\"item\":\"https:\/\/www.bccservices.com\/hr\/\"},{\"@type\":\"ListItem\",\"position\":2,\"name\":\"Infrastrukturna rje\u0161enja\",\"item\":\"https:\/\/www.bccservices.com\/hr\/infrastrukturna-rjesenja\/\"},{\"@type\":\"ListItem\",\"position\":3,\"name\":\"Portfolio\",\"item\":\"https:\/\/www.bccservices.com\/hr\/infrastrukturna-rjesenja\/portfolio\/\"},{\"@type\":\"ListItem\",\"position\":4,\"name\":\"SAP HANA\"}]},{\"@type\":\"WebSite\",\"@id\":\"https:\/\/www.bccservices.com\/hr\/#website\",\"url\":\"https:\/\/www.bccservices.com\/hr\/\",\"name\":\"BCC Services\",\"description\":\"\",\"publisher\":{\"@id\":\"https:\/\/www.bccservices.com\/hr\/#organization\"},\"potentialAction\":[{\"@type\":\"SearchAction\",\"target\":{\"@type\":\"EntryPoint\",\"urlTemplate\":\"https:\/\/www.bccservices.com\/hr\/?s={search_term_string}\"},\"query-input\":{\"@type\":\"PropertyValueSpecification\",\"valueRequired\":true,\"valueName\":\"search_term_string\"}}],\"inLanguage\":\"hr\"},{\"@type\":\"Organization\",\"@id\":\"https:\/\/www.bccservices.com\/hr\/#organization\",\"name\":\"BCC Services\",\"url\":\"https:\/\/www.bccservices.com\/hr\/\",\"logo\":{\"@type\":\"ImageObject\",\"inLanguage\":\"hr\",\"@id\":\"https:\/\/www.bccservices.com\/hr\/#\/schema\/logo\/image\/\",\"url\":\"http:\/\/172.19.41.139\/hr\/wp-content\/uploads\/2022\/05\/BCC-Services_square-01.png\",\"contentUrl\":\"http:\/\/172.19.41.139\/hr\/wp-content\/uploads\/2022\/05\/BCC-Services_square-01.png\",\"width\":354,\"height\":354,\"caption\":\"BCC Services\"},\"image\":{\"@id\":\"https:\/\/www.bccservices.com\/hr\/#\/schema\/logo\/image\/\"},\"sameAs\":[\"https:\/\/www.facebook.com\/BCCServiceshr\/\"]}]}<\/script>\r\n<!-- \/ Yoast SEO plugin. -->","yoast_head_json":{"title":"SAP HANA - BCC Services","robots":{"index":"index","follow":"follow","max-snippet":"max-snippet:-1","max-image-preview":"max-image-preview:large","max-video-preview":"max-video-preview:-1"},"canonical":"https:\/\/www.bccservices.com\/hr\/infrastrukturna-rjesenja\/portfolio\/sap-hana\/","og_locale":"hr_HR","og_type":"article","og_title":"SAP HANA - BCC Services","og_url":"https:\/\/www.bccservices.com\/hr\/infrastrukturna-rjesenja\/portfolio\/sap-hana\/","og_site_name":"BCC Services","article_publisher":"https:\/\/www.facebook.com\/BCCServiceshr\/","article_modified_time":"2021-03-04T13:35:21+00:00","twitter_card":"summary_large_image","twitter_misc":{"Procijenjeno vrijeme \u010ditanja":"6 minuta"},"schema":{"@context":"https:\/\/schema.org","@graph":[{"@type":"WebPage","@id":"https:\/\/www.bccservices.com\/hr\/infrastrukturna-rjesenja\/portfolio\/sap-hana\/","url":"https:\/\/www.bccservices.com\/hr\/infrastrukturna-rjesenja\/portfolio\/sap-hana\/","name":"SAP HANA - BCC Services","isPartOf":{"@id":"https:\/\/www.bccservices.com\/hr\/#website"},"datePublished":"2021-02-24T13:48:02+00:00","dateModified":"2021-03-04T13:35:21+00:00","breadcrumb":{"@id":"https:\/\/www.bccservices.com\/hr\/infrastrukturna-rjesenja\/portfolio\/sap-hana\/#breadcrumb"},"inLanguage":"hr","potentialAction":[{"@type":"ReadAction","target":["https:\/\/www.bccservices.com\/hr\/infrastrukturna-rjesenja\/portfolio\/sap-hana\/"]}]},{"@type":"BreadcrumbList","@id":"https:\/\/www.bccservices.com\/hr\/infrastrukturna-rjesenja\/portfolio\/sap-hana\/#breadcrumb","itemListElement":[{"@type":"ListItem","position":1,"name":"Home","item":"https:\/\/www.bccservices.com\/hr\/"},{"@type":"ListItem","position":2,"name":"Infrastrukturna rje\u0161enja","item":"https:\/\/www.bccservices.com\/hr\/infrastrukturna-rjesenja\/"},{"@type":"ListItem","position":3,"name":"Portfolio","item":"https:\/\/www.bccservices.com\/hr\/infrastrukturna-rjesenja\/portfolio\/"},{"@type":"ListItem","position":4,"name":"SAP HANA"}]},{"@type":"WebSite","@id":"https:\/\/www.bccservices.com\/hr\/#website","url":"https:\/\/www.bccservices.com\/hr\/","name":"BCC Services","description":"","publisher":{"@id":"https:\/\/www.bccservices.com\/hr\/#organization"},"potentialAction":[{"@type":"SearchAction","target":{"@type":"EntryPoint","urlTemplate":"https:\/\/www.bccservices.com\/hr\/?s={search_term_string}"},"query-input":{"@type":"PropertyValueSpecification","valueRequired":true,"valueName":"search_term_string"}}],"inLanguage":"hr"},{"@type":"Organization","@id":"https:\/\/www.bccservices.com\/hr\/#organization","name":"BCC Services","url":"https:\/\/www.bccservices.com\/hr\/","logo":{"@type":"ImageObject","inLanguage":"hr","@id":"https:\/\/www.bccservices.com\/hr\/#\/schema\/logo\/image\/","url":"http:\/\/172.19.41.139\/hr\/wp-content\/uploads\/2022\/05\/BCC-Services_square-01.png","contentUrl":"http:\/\/172.19.41.139\/hr\/wp-content\/uploads\/2022\/05\/BCC-Services_square-01.png","width":354,"height":354,"caption":"BCC Services"},"image":{"@id":"https:\/\/www.bccservices.com\/hr\/#\/schema\/logo\/image\/"},"sameAs":["https:\/\/www.facebook.com\/BCCServiceshr\/"]}]}},"_links":{"self":[{"href":"https:\/\/www.bccservices.com\/hr\/wp-json\/wp\/v2\/pages\/2212"}],"collection":[{"href":"https:\/\/www.bccservices.com\/hr\/wp-json\/wp\/v2\/pages"}],"about":[{"href":"https:\/\/www.bccservices.com\/hr\/wp-json\/wp\/v2\/types\/page"}],"author":[{"embeddable":true,"href":"https:\/\/www.bccservices.com\/hr\/wp-json\/wp\/v2\/users\/1"}],"replies":[{"embeddable":true,"href":"https:\/\/www.bccservices.com\/hr\/wp-json\/wp\/v2\/comments?post=2212"}],"version-history":[{"count":0,"href":"https:\/\/www.bccservices.com\/hr\/wp-json\/wp\/v2\/pages\/2212\/revisions"}],"up":[{"embeddable":true,"href":"https:\/\/www.bccservices.com\/hr\/wp-json\/wp\/v2\/pages\/1342"}],"wp:attachment":[{"href":"https:\/\/www.bccservices.com\/hr\/wp-json\/wp\/v2\/media?parent=2212"}],"curies":[{"name":"wp","href":"https:\/\/api.w.org\/{rel}","templated":true}]}}