{"id":2210,"date":"2021-02-24T13:47:42","date_gmt":"2021-02-24T13:47:42","guid":{"rendered":"http:\/\/172.19.41.139\/hr\/?page_id=2210"},"modified":"2021-09-27T13:11:23","modified_gmt":"2021-09-27T11:11:23","slug":"privatni-oblak","status":"publish","type":"page","link":"https:\/\/www.bccservices.com\/hr\/infrastrukturna-rjesenja\/portfolio\/privatni-oblak\/","title":{"rendered":"Privatni oblak"},"content":{"rendered":"<div class=\"fusion-fullwidth fullwidth-box fusion-builder-row-1 nonhundred-percent-fullwidth non-hundred-percent-height-scrolling\" style=\"--awb-border-radius-top-left:0px;--awb-border-radius-top-right:0px;--awb-border-radius-bottom-right:0px;--awb-border-radius-bottom-left:0px;--awb-flex-wrap:wrap;\" ><div class=\"fusion-builder-row fusion-row\"><div class=\"fusion-layout-column fusion_builder_column fusion-builder-column-0 fusion_builder_column_1_1 1_1 fusion-one-full fusion-column-first fusion-column-last\" style=\"--awb-bg-size:cover;\"><div class=\"fusion-column-wrapper fusion-flex-column-wrapper-legacy\"><div class=\"fusion-clearfix\"><\/div><\/div><\/div><div class=\"fusion-layout-column fusion_builder_column fusion-builder-column-1 fusion_builder_column_1_1 1_1 fusion-one-full fusion-column-first fusion-column-last\" style=\"--awb-bg-size:cover;\"><div class=\"fusion-column-wrapper fusion-column-has-shadow fusion-flex-column-wrapper-legacy\"><div class=\"fusion-sep-clear\"><\/div><div class=\"fusion-separator fusion-full-width-sep\" style=\"margin-left: auto;margin-right: auto;margin-top:9px;margin-bottom:9px;width:100%;\"><\/div><div class=\"fusion-sep-clear\"><\/div><div class=\"fusion-text fusion-text-1\"><p>Privatni oblak je onaj gdje se rje\u0161enja i infrastruktura nalaze na vlastitoj mre\u017ei, u vlasni\u0161tvu organizacije koja ih koristi. Prednosti privatnog oblaka u odnosu na javni su naj\u010de\u0161\u0107e fleksibilnost, visoka dostupnost gdje se virtualizacijski softver brine o dostupnosti resursa u slu\u010daju sistemskog zatajenja, ve\u0107a razina sigurnosti kori\u0161tenjem raznih protokola sigurnosti (privatne IP adrese, enkripcija), skalabilnost iliti mogu\u0107nost rasta i pro\u0161irenja kori\u0161tenjem resursa javnog oblaka.<\/p>\n<p>Kako donijeti strategijsku odluku o prelasku na javni ili privatni oblak. Iako se javni oblak na prvu \u010dini puno povoljnija varijanta, ipak postoje situacije u kojima je bolje koristiti privatni oblak. To se odnosi na velike tvrtke, koje bi za mjese\u010dno kori\u0161tenje javnog oblaka morale pla\u0107ati velike nov\u010dane svote.<\/p>\n<p>Zbog toga se neke tvrtke opredjeljuju za hibridni oblak. Hibridni oblak se koristi ukoliko poslovanje zahtjeva kombinaciju javnog i privatnog oblaka (ili tradicionalnog virtualiziranog IT okru\u017eenja), kao Disaster Recovery okolinu koja omogu\u0107ava replikaciju i oporavak privatnih fizi\u010dkih i virtualnih okru\u017eenja izravno u javni oblak, ili za komunikaciju s klijentima gdje se koristi javni oblak, a tvrtkini podaci se istovremeno \u010duvaju na vlastitoj okolini.<\/p>\n<h4>NetApp nudi cijelu paletu proizvoda namijenjenih za razli\u010dite tipove oblaka koji zadovoljavaju razli\u010dite potrebe korisnika.<\/h4>\n<\/div><div class=\"fusion-sep-clear\"><\/div><div class=\"fusion-separator fusion-full-width-sep\" style=\"margin-left: auto;margin-right: auto;margin-top:9px;margin-bottom:9px;width:100%;\"><\/div><div class=\"fusion-sep-clear\"><\/div><div class=\"fusion-image-element fusion-image-align-center in-legacy-container\" style=\"text-align:center;--awb-caption-title-font-family:var(--h2_typography-font-family);--awb-caption-title-font-weight:var(--h2_typography-font-weight);--awb-caption-title-font-style:var(--h2_typography-font-style);--awb-caption-title-size:var(--h2_typography-font-size);--awb-caption-title-transform:var(--h2_typography-text-transform);--awb-caption-title-line-height:var(--h2_typography-line-height);--awb-caption-title-letter-spacing:var(--h2_typography-letter-spacing);\"><div class=\"imageframe-align-center\"><span class=\" fusion-imageframe imageframe-none imageframe-1 hover-type-none\"><img loading=\"lazy\" decoding=\"async\" width=\"935\" height=\"501\" alt=\"NAS Volumes Powered by ONTAP\" title=\"NAS\" src=\"http:\/\/172.19.41.139\/hr\/wp-content\/uploads\/2021\/03\/NAS.png\" class=\"img-responsive wp-image-2497\" srcset=\"https:\/\/www.bccservices.com\/hr\/wp-content\/uploads\/2021\/03\/NAS-200x107.png 200w, https:\/\/www.bccservices.com\/hr\/wp-content\/uploads\/2021\/03\/NAS-400x214.png 400w, https:\/\/www.bccservices.com\/hr\/wp-content\/uploads\/2021\/03\/NAS-600x321.png 600w, https:\/\/www.bccservices.com\/hr\/wp-content\/uploads\/2021\/03\/NAS-800x429.png 800w, https:\/\/www.bccservices.com\/hr\/wp-content\/uploads\/2021\/03\/NAS.png 935w\" sizes=\"(max-width: 960px) 100vw, 935px\" \/><\/span><\/div><\/div><div class=\"fusion-sep-clear\"><\/div><div class=\"fusion-separator fusion-full-width-sep\" style=\"margin-left: auto;margin-right: auto;margin-top:9px;margin-bottom:9px;width:100%;\"><\/div><div class=\"fusion-sep-clear\"><\/div><div class=\"fusion-text fusion-text-2\"><p>Recimo, za privatni oblak mo\u017ee se koristiti <strong><a href=\"https:\/\/docs.netapp.com\/ontap-9\/topic\/com.netapp.doc.dot-cm-concepts\/ONTAP%20concepts.pdf\">ONTAP 9.x<\/a> <\/strong>OS instaliran na FAS i AFF paletu proizvoda. Ako korisnik treba sustave visokih performansi odlu\u010duje se FAS\/AFF paletu proizvoda. U slu\u010daju da korisnik \u017eeli koristiti prednosti ONTAP OS-a na svojim poslu\u017eiteljima op\u0107e namjene, mo\u017ee izabrati <strong><a href=\"https:\/\/www.netapp.com\/data-management\/software-defined-storage-ontap-select\/\">ONTAP Select<\/a> <\/strong>koji se instalira na poslu\u017eitelje korisnika. Ako \u017eeli koristiti hibridni pristup (koristiti privatne i javne oblake) mo\u017ee se odlu\u010diti za <strong><a href=\"https:\/\/cloud.netapp.com\/ontap-cloud\">Cloud Volumes ONTAP<\/a><\/strong> koji optimizira tro\u0161kove skladi\u0161tenja u oblaku uz visoke performanse i pobolj\u0161anu za\u0161titu podataka, sigurnosti i uskla\u0111enosti sa zahtjevima regulatora, <strong><a href=\"https:\/\/www.netapp.com\/knowledge-center\/what-is-cloud-volumes\/\">Cloud Volumes Service<\/a> <\/strong>koji je dostupan za AWS (Amazon Web Services) i GCP (Google Cloud Platform ili <strong><a href=\"https:\/\/azure.microsoft.com\/en-us\/services\/netapp\/\">Azure NetApp files<\/a><\/strong> \u2013 enterprise sustav za pohranu podataka smje\u0161ten na Azure platformi a pogonjen od strane NetApp-a.<\/p>\n<p>Za kompletnu za\u0161titu kriti\u010dnih podataka korisnik mo\u017ee izabrati <strong><a href=\"https:\/\/www.commvault.com\/supported-technologies\/netapp\">Commvault Complete Backup &amp; Recovery<\/a><\/strong> rje\u0161enje koje jednostavno i efikasno \u0161titi podatke, virtualne ma\u0161ine i aplikacije smje\u0161tene na NetApp storage sustavima uklju\u010duju\u0107i: HCI, AFF\/FAS, ONTAP, SolidFire, E-Series, StorageGrid.<\/p>\n<\/div><div class=\"fusion-sep-clear\"><\/div><div class=\"fusion-separator fusion-full-width-sep\" style=\"margin-left: auto;margin-right: auto;margin-top:9px;margin-bottom:9px;width:100%;\"><\/div><div class=\"fusion-sep-clear\"><\/div><div class=\"fusion-clearfix\"><\/div><\/div><\/div><\/div><\/div>\n","protected":false},"excerpt":{"rendered":"","protected":false},"author":1,"featured_media":0,"parent":1342,"menu_order":0,"comment_status":"closed","ping_status":"closed","template":"","meta":{"footnotes":""},"class_list":["post-2210","page","type-page","status-publish","hentry"],"yoast_head":"<!-- This site is optimized with the Yoast SEO plugin v25.6 - https:\/\/yoast.com\/wordpress\/plugins\/seo\/ -->\r\n<title>Privatni oblak - BCC Services<\/title>\r\n<meta name=\"robots\" content=\"index, follow, max-snippet:-1, max-image-preview:large, max-video-preview:-1\" \/>\r\n<link rel=\"canonical\" href=\"https:\/\/www.bccservices.com\/hr\/infrastrukturna-rjesenja\/portfolio\/privatni-oblak\/\" \/>\r\n<meta property=\"og:locale\" content=\"hr_HR\" \/>\r\n<meta property=\"og:type\" content=\"article\" \/>\r\n<meta property=\"og:title\" content=\"Privatni oblak - BCC Services\" \/>\r\n<meta property=\"og:url\" content=\"https:\/\/www.bccservices.com\/hr\/infrastrukturna-rjesenja\/portfolio\/privatni-oblak\/\" \/>\r\n<meta property=\"og:site_name\" content=\"BCC Services\" \/>\r\n<meta property=\"article:publisher\" content=\"https:\/\/www.facebook.com\/BCCServiceshr\/\" \/>\r\n<meta property=\"article:modified_time\" content=\"2021-09-27T11:11:23+00:00\" \/>\r\n<meta name=\"twitter:card\" content=\"summary_large_image\" \/>\r\n<meta name=\"twitter:label1\" content=\"Procijenjeno vrijeme \u010ditanja\" \/>\n\t<meta name=\"twitter:data1\" content=\"3 minute\" \/>\r\n<script type=\"application\/ld+json\" class=\"yoast-schema-graph\">{\"@context\":\"https:\/\/schema.org\",\"@graph\":[{\"@type\":\"WebPage\",\"@id\":\"https:\/\/www.bccservices.com\/hr\/infrastrukturna-rjesenja\/portfolio\/privatni-oblak\/\",\"url\":\"https:\/\/www.bccservices.com\/hr\/infrastrukturna-rjesenja\/portfolio\/privatni-oblak\/\",\"name\":\"Privatni oblak - BCC Services\",\"isPartOf\":{\"@id\":\"https:\/\/www.bccservices.com\/hr\/#website\"},\"datePublished\":\"2021-02-24T13:47:42+00:00\",\"dateModified\":\"2021-09-27T11:11:23+00:00\",\"breadcrumb\":{\"@id\":\"https:\/\/www.bccservices.com\/hr\/infrastrukturna-rjesenja\/portfolio\/privatni-oblak\/#breadcrumb\"},\"inLanguage\":\"hr\",\"potentialAction\":[{\"@type\":\"ReadAction\",\"target\":[\"https:\/\/www.bccservices.com\/hr\/infrastrukturna-rjesenja\/portfolio\/privatni-oblak\/\"]}]},{\"@type\":\"BreadcrumbList\",\"@id\":\"https:\/\/www.bccservices.com\/hr\/infrastrukturna-rjesenja\/portfolio\/privatni-oblak\/#breadcrumb\",\"itemListElement\":[{\"@type\":\"ListItem\",\"position\":1,\"name\":\"Home\",\"item\":\"https:\/\/www.bccservices.com\/hr\/\"},{\"@type\":\"ListItem\",\"position\":2,\"name\":\"Infrastrukturna rje\u0161enja\",\"item\":\"https:\/\/www.bccservices.com\/hr\/infrastrukturna-rjesenja\/\"},{\"@type\":\"ListItem\",\"position\":3,\"name\":\"Portfolio\",\"item\":\"https:\/\/www.bccservices.com\/hr\/infrastrukturna-rjesenja\/portfolio\/\"},{\"@type\":\"ListItem\",\"position\":4,\"name\":\"Privatni oblak\"}]},{\"@type\":\"WebSite\",\"@id\":\"https:\/\/www.bccservices.com\/hr\/#website\",\"url\":\"https:\/\/www.bccservices.com\/hr\/\",\"name\":\"BCC Services\",\"description\":\"\",\"publisher\":{\"@id\":\"https:\/\/www.bccservices.com\/hr\/#organization\"},\"potentialAction\":[{\"@type\":\"SearchAction\",\"target\":{\"@type\":\"EntryPoint\",\"urlTemplate\":\"https:\/\/www.bccservices.com\/hr\/?s={search_term_string}\"},\"query-input\":{\"@type\":\"PropertyValueSpecification\",\"valueRequired\":true,\"valueName\":\"search_term_string\"}}],\"inLanguage\":\"hr\"},{\"@type\":\"Organization\",\"@id\":\"https:\/\/www.bccservices.com\/hr\/#organization\",\"name\":\"BCC Services\",\"url\":\"https:\/\/www.bccservices.com\/hr\/\",\"logo\":{\"@type\":\"ImageObject\",\"inLanguage\":\"hr\",\"@id\":\"https:\/\/www.bccservices.com\/hr\/#\/schema\/logo\/image\/\",\"url\":\"http:\/\/172.19.41.139\/hr\/wp-content\/uploads\/2022\/05\/BCC-Services_square-01.png\",\"contentUrl\":\"http:\/\/172.19.41.139\/hr\/wp-content\/uploads\/2022\/05\/BCC-Services_square-01.png\",\"width\":354,\"height\":354,\"caption\":\"BCC Services\"},\"image\":{\"@id\":\"https:\/\/www.bccservices.com\/hr\/#\/schema\/logo\/image\/\"},\"sameAs\":[\"https:\/\/www.facebook.com\/BCCServiceshr\/\"]}]}<\/script>\r\n<!-- \/ Yoast SEO plugin. -->","yoast_head_json":{"title":"Privatni oblak - BCC Services","robots":{"index":"index","follow":"follow","max-snippet":"max-snippet:-1","max-image-preview":"max-image-preview:large","max-video-preview":"max-video-preview:-1"},"canonical":"https:\/\/www.bccservices.com\/hr\/infrastrukturna-rjesenja\/portfolio\/privatni-oblak\/","og_locale":"hr_HR","og_type":"article","og_title":"Privatni oblak - BCC Services","og_url":"https:\/\/www.bccservices.com\/hr\/infrastrukturna-rjesenja\/portfolio\/privatni-oblak\/","og_site_name":"BCC Services","article_publisher":"https:\/\/www.facebook.com\/BCCServiceshr\/","article_modified_time":"2021-09-27T11:11:23+00:00","twitter_card":"summary_large_image","twitter_misc":{"Procijenjeno vrijeme \u010ditanja":"3 minute"},"schema":{"@context":"https:\/\/schema.org","@graph":[{"@type":"WebPage","@id":"https:\/\/www.bccservices.com\/hr\/infrastrukturna-rjesenja\/portfolio\/privatni-oblak\/","url":"https:\/\/www.bccservices.com\/hr\/infrastrukturna-rjesenja\/portfolio\/privatni-oblak\/","name":"Privatni oblak - BCC Services","isPartOf":{"@id":"https:\/\/www.bccservices.com\/hr\/#website"},"datePublished":"2021-02-24T13:47:42+00:00","dateModified":"2021-09-27T11:11:23+00:00","breadcrumb":{"@id":"https:\/\/www.bccservices.com\/hr\/infrastrukturna-rjesenja\/portfolio\/privatni-oblak\/#breadcrumb"},"inLanguage":"hr","potentialAction":[{"@type":"ReadAction","target":["https:\/\/www.bccservices.com\/hr\/infrastrukturna-rjesenja\/portfolio\/privatni-oblak\/"]}]},{"@type":"BreadcrumbList","@id":"https:\/\/www.bccservices.com\/hr\/infrastrukturna-rjesenja\/portfolio\/privatni-oblak\/#breadcrumb","itemListElement":[{"@type":"ListItem","position":1,"name":"Home","item":"https:\/\/www.bccservices.com\/hr\/"},{"@type":"ListItem","position":2,"name":"Infrastrukturna rje\u0161enja","item":"https:\/\/www.bccservices.com\/hr\/infrastrukturna-rjesenja\/"},{"@type":"ListItem","position":3,"name":"Portfolio","item":"https:\/\/www.bccservices.com\/hr\/infrastrukturna-rjesenja\/portfolio\/"},{"@type":"ListItem","position":4,"name":"Privatni oblak"}]},{"@type":"WebSite","@id":"https:\/\/www.bccservices.com\/hr\/#website","url":"https:\/\/www.bccservices.com\/hr\/","name":"BCC Services","description":"","publisher":{"@id":"https:\/\/www.bccservices.com\/hr\/#organization"},"potentialAction":[{"@type":"SearchAction","target":{"@type":"EntryPoint","urlTemplate":"https:\/\/www.bccservices.com\/hr\/?s={search_term_string}"},"query-input":{"@type":"PropertyValueSpecification","valueRequired":true,"valueName":"search_term_string"}}],"inLanguage":"hr"},{"@type":"Organization","@id":"https:\/\/www.bccservices.com\/hr\/#organization","name":"BCC Services","url":"https:\/\/www.bccservices.com\/hr\/","logo":{"@type":"ImageObject","inLanguage":"hr","@id":"https:\/\/www.bccservices.com\/hr\/#\/schema\/logo\/image\/","url":"http:\/\/172.19.41.139\/hr\/wp-content\/uploads\/2022\/05\/BCC-Services_square-01.png","contentUrl":"http:\/\/172.19.41.139\/hr\/wp-content\/uploads\/2022\/05\/BCC-Services_square-01.png","width":354,"height":354,"caption":"BCC Services"},"image":{"@id":"https:\/\/www.bccservices.com\/hr\/#\/schema\/logo\/image\/"},"sameAs":["https:\/\/www.facebook.com\/BCCServiceshr\/"]}]}},"_links":{"self":[{"href":"https:\/\/www.bccservices.com\/hr\/wp-json\/wp\/v2\/pages\/2210"}],"collection":[{"href":"https:\/\/www.bccservices.com\/hr\/wp-json\/wp\/v2\/pages"}],"about":[{"href":"https:\/\/www.bccservices.com\/hr\/wp-json\/wp\/v2\/types\/page"}],"author":[{"embeddable":true,"href":"https:\/\/www.bccservices.com\/hr\/wp-json\/wp\/v2\/users\/1"}],"replies":[{"embeddable":true,"href":"https:\/\/www.bccservices.com\/hr\/wp-json\/wp\/v2\/comments?post=2210"}],"version-history":[{"count":0,"href":"https:\/\/www.bccservices.com\/hr\/wp-json\/wp\/v2\/pages\/2210\/revisions"}],"up":[{"embeddable":true,"href":"https:\/\/www.bccservices.com\/hr\/wp-json\/wp\/v2\/pages\/1342"}],"wp:attachment":[{"href":"https:\/\/www.bccservices.com\/hr\/wp-json\/wp\/v2\/media?parent=2210"}],"curies":[{"name":"wp","href":"https:\/\/api.w.org\/{rel}","templated":true}]}}