{"id":2208,"date":"2021-02-24T13:47:15","date_gmt":"2021-02-24T13:47:15","guid":{"rendered":"http:\/\/172.19.41.139\/hr\/?page_id=2208"},"modified":"2021-09-27T13:03:22","modified_gmt":"2021-09-27T11:03:22","slug":"hpc","status":"publish","type":"page","link":"https:\/\/www.bccservices.com\/hr\/infrastrukturna-rjesenja\/portfolio\/hpc\/","title":{"rendered":"HPC"},"content":{"rendered":"<div class=\"fusion-fullwidth fullwidth-box fusion-builder-row-1 nonhundred-percent-fullwidth non-hundred-percent-height-scrolling\" style=\"--awb-border-radius-top-left:0px;--awb-border-radius-top-right:0px;--awb-border-radius-bottom-right:0px;--awb-border-radius-bottom-left:0px;--awb-flex-wrap:wrap;\" ><div class=\"fusion-builder-row fusion-row\"><div class=\"fusion-layout-column fusion_builder_column fusion-builder-column-0 fusion_builder_column_1_1 1_1 fusion-one-full fusion-column-first fusion-column-last\" style=\"--awb-bg-size:cover;\"><div class=\"fusion-column-wrapper fusion-column-has-shadow fusion-flex-column-wrapper-legacy\"><div class=\"fusion-clearfix\"><\/div><\/div><\/div><div class=\"fusion-layout-column fusion_builder_column fusion-builder-column-1 fusion_builder_column_1_1 1_1 fusion-one-full fusion-column-first fusion-column-last\" style=\"--awb-bg-size:cover;\"><div class=\"fusion-column-wrapper fusion-column-has-shadow fusion-flex-column-wrapper-legacy\"><div class=\"fusion-text fusion-text-1\"><p>High-Performance Computing ili Super-ra\u010dunala su ra\u010dunala koja u izuzetno kratkom vremenu mogu obraditi nama nezamislivu koli\u010dinu podataka te su nu\u017ena kako bismo razumjeli i odgovorili na va\u017ene znanstvene i dru\u0161tvene izazove. Osnovni cilj je pove\u0107ati vrijednost svojih podataka i ubrzati reakciju na odgovor tr\u017ei\u0161ta, pa osim osim u znanstvenim poljima mnoge tvrtke tra\u017ee rje\u0161enja za visoke performanse (HPC) za rje\u0161avanje sve slo\u017eenijih problema, brzo i isplativo.<\/p>\n<h4>Kod HPC-a postoje tri klju\u010dne komponente koje \u010dine ra\u010dunalne sustave visokih performansi: klaster ra\u010dunala, mre\u017ea i sustav za pohranu.<\/h4>\n<\/div><div class=\"fusion-sep-clear\"><\/div><div class=\"fusion-separator fusion-full-width-sep\" style=\"margin-left: auto;margin-right: auto;margin-top:9px;margin-bottom:9px;width:100%;\"><\/div><div class=\"fusion-sep-clear\"><\/div><div class=\"fusion-image-element fusion-image-align-center in-legacy-container\" style=\"text-align:center;--awb-caption-title-font-family:var(--h2_typography-font-family);--awb-caption-title-font-weight:var(--h2_typography-font-weight);--awb-caption-title-font-style:var(--h2_typography-font-style);--awb-caption-title-size:var(--h2_typography-font-size);--awb-caption-title-transform:var(--h2_typography-text-transform);--awb-caption-title-line-height:var(--h2_typography-line-height);--awb-caption-title-letter-spacing:var(--h2_typography-letter-spacing);\"><div class=\"imageframe-align-center\"><span class=\" fusion-imageframe imageframe-none imageframe-1 hover-type-none\"><img loading=\"lazy\" decoding=\"async\" width=\"683\" height=\"326\" alt=\"HPC scheme\" title=\"HPC\" src=\"http:\/\/172.19.41.139\/hr\/wp-content\/uploads\/2021\/03\/HPC.png\" class=\"img-responsive wp-image-2478\" srcset=\"https:\/\/www.bccservices.com\/hr\/wp-content\/uploads\/2021\/03\/HPC-200x95.png 200w, https:\/\/www.bccservices.com\/hr\/wp-content\/uploads\/2021\/03\/HPC-400x191.png 400w, https:\/\/www.bccservices.com\/hr\/wp-content\/uploads\/2021\/03\/HPC-600x286.png 600w, https:\/\/www.bccservices.com\/hr\/wp-content\/uploads\/2021\/03\/HPC.png 683w\" sizes=\"(max-width: 960px) 100vw, 683px\" \/><\/span><\/div><\/div><div class=\"fusion-sep-clear\"><\/div><div class=\"fusion-separator fusion-full-width-sep\" style=\"margin-left: auto;margin-right: auto;margin-top:9px;margin-bottom:9px;width:100%;\"><\/div><div class=\"fusion-sep-clear\"><\/div><div class=\"fusion-text fusion-text-2\"><h4>HPC je izvorno razvijen za ra\u010dunalno intenzivne operacija u znanstvenim podru\u010djima kao \u0161to su nuklearno modeliranje, predvi\u0111anje vremena i klime, astrofizika i temeljna istra\u017eivanja u kemiji i biologiji.<\/h4>\n<\/div><div class=\"fusion-sep-clear\"><\/div><div class=\"fusion-separator fusion-full-width-sep\" style=\"margin-left: auto;margin-right: auto;margin-top:9px;margin-bottom:9px;width:100%;\"><\/div><div class=\"fusion-sep-clear\"><\/div><div class=\"fusion-image-element fusion-image-align-center in-legacy-container\" style=\"text-align:center;--awb-caption-title-font-family:var(--h2_typography-font-family);--awb-caption-title-font-weight:var(--h2_typography-font-weight);--awb-caption-title-font-style:var(--h2_typography-font-style);--awb-caption-title-size:var(--h2_typography-font-size);--awb-caption-title-transform:var(--h2_typography-text-transform);--awb-caption-title-line-height:var(--h2_typography-line-height);--awb-caption-title-letter-spacing:var(--h2_typography-letter-spacing);\"><div class=\"imageframe-align-center\"><span class=\" fusion-imageframe imageframe-none imageframe-2 hover-type-none\"><img loading=\"lazy\" decoding=\"async\" width=\"665\" height=\"585\" alt=\"Target application table\" title=\"target_app\" src=\"http:\/\/172.19.41.139\/hr\/wp-content\/uploads\/2021\/03\/target_app.png\" class=\"img-responsive wp-image-2479\" srcset=\"https:\/\/www.bccservices.com\/hr\/wp-content\/uploads\/2021\/03\/target_app-200x176.png 200w, https:\/\/www.bccservices.com\/hr\/wp-content\/uploads\/2021\/03\/target_app-400x352.png 400w, https:\/\/www.bccservices.com\/hr\/wp-content\/uploads\/2021\/03\/target_app-600x528.png 600w, https:\/\/www.bccservices.com\/hr\/wp-content\/uploads\/2021\/03\/target_app.png 665w\" sizes=\"(max-width: 960px) 100vw, 665px\" \/><\/span><\/div><\/div><div class=\"fusion-sep-clear\"><\/div><div class=\"fusion-separator fusion-full-width-sep\" style=\"margin-left: auto;margin-right: auto;margin-top:9px;margin-bottom:9px;width:100%;\"><\/div><div class=\"fusion-sep-clear\"><\/div><div class=\"fusion-text fusion-text-3\"><p>Ali danas je to sve \u010de\u0161\u0107i alat koji se primjenjuje na \u0161irok raspon velikih izazova u poduze\u0107ima, dru\u0161tvu i strojnom u\u010denju u mnogim industrijama. Karakteristike HPC infrastrukture su vi\u0161ejezgreni procesori, ve\u0107a koli\u010dina memorije po ugra\u0111enoj jezgri procesora, velika memorijska propusnost, kori\u0161tenje brze memorije, osiguravanje istovremenog paralelnog pristupa datotekama, brza i pouzdana pohrana podataka.<\/p>\n<p>U o\u017eujku 2017-te godine Europska komisija pokrenula je inicijativu EuroHPC, koju je do sada podr\u017ealo 13 dr\u017eava \u010dlanica i kojom se do 2020. godine planira ulo\u017eiti milijardu eura za izgradnju i uspostavu vrhunske infrastrukture za ra\u010dunalstvo visokih performansi (HPC) i velikih podataka u cijeloj Europi. Od toga \u0107e doprinos EU iznositi pribli\u017eno 486 milijuna eura, a dr\u017eave \u010dlanice i pridru\u017eene zemlje ulo\u017eit \u0107e sli\u010dan iznos.<\/p>\n<p>Japansko superra\u010dunalo <strong><a href=\"https:\/\/www.fujitsu.com\/global\/about\/innovation\/fugaku\/\">Fugaku<\/a><\/strong> izbilo je na prvo mjesto top ljestvice najbr\u017eih ure\u0111aja te vrste, obaviv\u0161i 2,8 puta vi\u0161e izra\u010duna u sekundi nego drugoplasirano IBM-ovo superra\u010dunalo Summit (415,53 naspram 148,6 teraflopsa ). Fugaku koristi Fujitsuov 48-jezgreni A64FX sustav-na-\u010dipu procesor, a to je ujedno i prvi put da ra\u010dunalo bazirano na ARM procesorima dolazi na vrh liste najbr\u017eih superra\u010dunala na svijetu.<\/p>\n<\/div><div class=\"fusion-sep-clear\"><\/div><div class=\"fusion-separator fusion-full-width-sep\" style=\"margin-left: auto;margin-right: auto;margin-top:9px;margin-bottom:9px;width:100%;\"><\/div><div class=\"fusion-sep-clear\"><\/div><div class=\"fusion-image-element fusion-image-align-center in-legacy-container\" style=\"text-align:center;--awb-caption-title-font-family:var(--h2_typography-font-family);--awb-caption-title-font-weight:var(--h2_typography-font-weight);--awb-caption-title-font-style:var(--h2_typography-font-style);--awb-caption-title-size:var(--h2_typography-font-size);--awb-caption-title-transform:var(--h2_typography-text-transform);--awb-caption-title-line-height:var(--h2_typography-line-height);--awb-caption-title-letter-spacing:var(--h2_typography-letter-spacing);\"><div class=\"imageframe-align-center\"><span class=\" fusion-imageframe imageframe-none imageframe-3 hover-type-none\"><img loading=\"lazy\" decoding=\"async\" width=\"1024\" height=\"564\" alt=\"CPU A64FX\" title=\"cppu\" src=\"http:\/\/172.19.41.139\/hr\/wp-content\/uploads\/2021\/03\/cppu-1024x564.png\" class=\"img-responsive wp-image-2480\" srcset=\"https:\/\/www.bccservices.com\/hr\/wp-content\/uploads\/2021\/03\/cppu-200x110.png 200w, https:\/\/www.bccservices.com\/hr\/wp-content\/uploads\/2021\/03\/cppu-400x220.png 400w, https:\/\/www.bccservices.com\/hr\/wp-content\/uploads\/2021\/03\/cppu-600x330.png 600w, https:\/\/www.bccservices.com\/hr\/wp-content\/uploads\/2021\/03\/cppu-800x440.png 800w, https:\/\/www.bccservices.com\/hr\/wp-content\/uploads\/2021\/03\/cppu-1200x660.png 1200w, https:\/\/www.bccservices.com\/hr\/wp-content\/uploads\/2021\/03\/cppu.png 1252w\" sizes=\"(max-width: 960px) 100vw, 1200px\" \/><\/span><\/div><\/div><div class=\"fusion-sep-clear\"><\/div><div class=\"fusion-separator fusion-full-width-sep\" style=\"margin-left: auto;margin-right: auto;margin-top:9px;margin-bottom:9px;width:100%;\"><\/div><div class=\"fusion-sep-clear\"><\/div><div class=\"fusion-text fusion-text-4\"><p>ARM procesori koriste skra\u0107eni skup instrukcija (Reduced Instructions Set, RISC), \u0161to im omogu\u0107ava solidne performanse u malom pakiranju i malu potro\u0161nju energije i ta je tehnologija zaslu\u017ena za strelovit razvoj pametnih telefona i tableta. Fugaku bi trebao biti u potpunosti operabilan u idu\u0107oj fiskalnoj godini, a zasad je kori\u0161ten na eksperimentalnoj osnovi za istra\u017eivanje bolesti COVID-19, uklju\u010duju\u0107i dijagnostiku, simuliranje \u0161irenja virusa SARS-CoV-2 te u\u010dinkovitosti nove japanske aplikacije za pra\u0107enje \u0161irenja novog koronavirusa.<\/p>\n<\/div><div class=\"fusion-sep-clear\"><\/div><div class=\"fusion-separator fusion-full-width-sep\" style=\"margin-left: auto;margin-right: auto;margin-top:9px;margin-bottom:9px;width:100%;\"><\/div><div class=\"fusion-sep-clear\"><\/div><div class=\"fusion-image-element fusion-image-align-center in-legacy-container\" style=\"text-align:center;--awb-caption-title-font-family:var(--h2_typography-font-family);--awb-caption-title-font-weight:var(--h2_typography-font-weight);--awb-caption-title-font-style:var(--h2_typography-font-style);--awb-caption-title-size:var(--h2_typography-font-size);--awb-caption-title-transform:var(--h2_typography-text-transform);--awb-caption-title-line-height:var(--h2_typography-line-height);--awb-caption-title-letter-spacing:var(--h2_typography-letter-spacing);\"><div class=\"imageframe-align-center\"><span class=\" fusion-imageframe imageframe-none imageframe-4 hover-type-none\"><img loading=\"lazy\" decoding=\"async\" width=\"1024\" height=\"574\" alt=\"MEXT Fugaku Program\" title=\"MEXT\" src=\"http:\/\/172.19.41.139\/hr\/wp-content\/uploads\/2021\/03\/MEXT-1024x574.png\" class=\"img-responsive wp-image-2481\" srcset=\"https:\/\/www.bccservices.com\/hr\/wp-content\/uploads\/2021\/03\/MEXT-200x112.png 200w, https:\/\/www.bccservices.com\/hr\/wp-content\/uploads\/2021\/03\/MEXT-400x224.png 400w, https:\/\/www.bccservices.com\/hr\/wp-content\/uploads\/2021\/03\/MEXT-600x336.png 600w, https:\/\/www.bccservices.com\/hr\/wp-content\/uploads\/2021\/03\/MEXT-800x448.png 800w, https:\/\/www.bccservices.com\/hr\/wp-content\/uploads\/2021\/03\/MEXT-1200x673.png 1200w, https:\/\/www.bccservices.com\/hr\/wp-content\/uploads\/2021\/03\/MEXT.png 1256w\" sizes=\"(max-width: 960px) 100vw, 1200px\" \/><\/span><\/div><\/div><div class=\"fusion-sep-clear\"><\/div><div class=\"fusion-separator fusion-full-width-sep\" style=\"margin-left: auto;margin-right: auto;margin-top:9px;margin-bottom:9px;width:100%;\"><\/div><div class=\"fusion-sep-clear\"><\/div><div class=\"fusion-text fusion-text-5\"><h4>Tri klju\u010dna KPI-a (Key Performance Inidcator) su definirana kod razvoja Fugaku superra\u010dunala.<\/h4>\n<\/div><div class=\"fusion-sep-clear\"><\/div><div class=\"fusion-separator fusion-full-width-sep\" style=\"margin-left: auto;margin-right: auto;margin-top:9px;margin-bottom:9px;width:100%;\"><\/div><div class=\"fusion-sep-clear\"><\/div><div class=\"fusion-image-element fusion-image-align-center in-legacy-container\" style=\"text-align:center;--awb-caption-title-font-family:var(--h2_typography-font-family);--awb-caption-title-font-weight:var(--h2_typography-font-weight);--awb-caption-title-font-style:var(--h2_typography-font-style);--awb-caption-title-size:var(--h2_typography-font-size);--awb-caption-title-transform:var(--h2_typography-text-transform);--awb-caption-title-line-height:var(--h2_typography-line-height);--awb-caption-title-letter-spacing:var(--h2_typography-letter-spacing);\"><div class=\"imageframe-align-center\"><span class=\" fusion-imageframe imageframe-none imageframe-5 hover-type-none\"><img loading=\"lazy\" decoding=\"async\" width=\"1024\" height=\"489\" alt=\"Specifications\" title=\"points\" src=\"http:\/\/172.19.41.139\/hr\/wp-content\/uploads\/2021\/03\/points-1024x489.png\" class=\"img-responsive wp-image-2482\" srcset=\"https:\/\/www.bccservices.com\/hr\/wp-content\/uploads\/2021\/03\/points-200x96.png 200w, https:\/\/www.bccservices.com\/hr\/wp-content\/uploads\/2021\/03\/points-400x191.png 400w, https:\/\/www.bccservices.com\/hr\/wp-content\/uploads\/2021\/03\/points-600x287.png 600w, https:\/\/www.bccservices.com\/hr\/wp-content\/uploads\/2021\/03\/points-800x382.png 800w, https:\/\/www.bccservices.com\/hr\/wp-content\/uploads\/2021\/03\/points.png 1120w\" sizes=\"(max-width: 960px) 100vw, 1024px\" \/><\/span><\/div><\/div><div class=\"fusion-sep-clear\"><\/div><div class=\"fusion-separator fusion-full-width-sep\" style=\"margin-left: auto;margin-right: auto;margin-top:9px;margin-bottom:9px;width:100%;\"><\/div><div class=\"fusion-sep-clear\"><\/div><div class=\"fusion-text fusion-text-6\"><h4>Ako \u017eelite vi\u0161e informacija o HPC-u, obratite nam se sa povjernjem. BCC Services je u skladu sa trendovima IT tehnologije i rado \u0107emo podijeliti na\u0161e znanje i iskustvo kod implementacije HPC-a sa Vama.<\/h4>\n<\/div><div class=\"fusion-sep-clear\"><\/div><div class=\"fusion-separator fusion-full-width-sep\" style=\"margin-left: auto;margin-right: auto;margin-top:9px;margin-bottom:9px;width:100%;\"><\/div><div class=\"fusion-sep-clear\"><\/div><div class=\"fusion-clearfix\"><\/div><\/div><\/div><\/div><\/div>\n","protected":false},"excerpt":{"rendered":"","protected":false},"author":1,"featured_media":0,"parent":1342,"menu_order":0,"comment_status":"closed","ping_status":"closed","template":"","meta":{"footnotes":""},"class_list":["post-2208","page","type-page","status-publish","hentry"],"yoast_head":"<!-- This site is optimized with the Yoast SEO plugin v25.6 - https:\/\/yoast.com\/wordpress\/plugins\/seo\/ -->\r\n<title>HPC - BCC Services<\/title>\r\n<meta name=\"robots\" content=\"index, follow, max-snippet:-1, max-image-preview:large, max-video-preview:-1\" \/>\r\n<link rel=\"canonical\" href=\"https:\/\/www.bccservices.com\/hr\/infrastrukturna-rjesenja\/portfolio\/hpc\/\" \/>\r\n<meta property=\"og:locale\" content=\"hr_HR\" \/>\r\n<meta property=\"og:type\" content=\"article\" \/>\r\n<meta property=\"og:title\" content=\"HPC - BCC Services\" \/>\r\n<meta property=\"og:url\" content=\"https:\/\/www.bccservices.com\/hr\/infrastrukturna-rjesenja\/portfolio\/hpc\/\" \/>\r\n<meta property=\"og:site_name\" content=\"BCC Services\" \/>\r\n<meta property=\"article:publisher\" content=\"https:\/\/www.facebook.com\/BCCServiceshr\/\" \/>\r\n<meta property=\"article:modified_time\" content=\"2021-09-27T11:03:22+00:00\" \/>\r\n<meta name=\"twitter:card\" content=\"summary_large_image\" \/>\r\n<meta name=\"twitter:label1\" content=\"Procijenjeno vrijeme \u010ditanja\" \/>\n\t<meta name=\"twitter:data1\" content=\"5 minuta\" \/>\r\n<script type=\"application\/ld+json\" class=\"yoast-schema-graph\">{\"@context\":\"https:\/\/schema.org\",\"@graph\":[{\"@type\":\"WebPage\",\"@id\":\"https:\/\/www.bccservices.com\/hr\/infrastrukturna-rjesenja\/portfolio\/hpc\/\",\"url\":\"https:\/\/www.bccservices.com\/hr\/infrastrukturna-rjesenja\/portfolio\/hpc\/\",\"name\":\"HPC - BCC Services\",\"isPartOf\":{\"@id\":\"https:\/\/www.bccservices.com\/hr\/#website\"},\"datePublished\":\"2021-02-24T13:47:15+00:00\",\"dateModified\":\"2021-09-27T11:03:22+00:00\",\"breadcrumb\":{\"@id\":\"https:\/\/www.bccservices.com\/hr\/infrastrukturna-rjesenja\/portfolio\/hpc\/#breadcrumb\"},\"inLanguage\":\"hr\",\"potentialAction\":[{\"@type\":\"ReadAction\",\"target\":[\"https:\/\/www.bccservices.com\/hr\/infrastrukturna-rjesenja\/portfolio\/hpc\/\"]}]},{\"@type\":\"BreadcrumbList\",\"@id\":\"https:\/\/www.bccservices.com\/hr\/infrastrukturna-rjesenja\/portfolio\/hpc\/#breadcrumb\",\"itemListElement\":[{\"@type\":\"ListItem\",\"position\":1,\"name\":\"Home\",\"item\":\"https:\/\/www.bccservices.com\/hr\/\"},{\"@type\":\"ListItem\",\"position\":2,\"name\":\"Infrastrukturna rje\u0161enja\",\"item\":\"https:\/\/www.bccservices.com\/hr\/infrastrukturna-rjesenja\/\"},{\"@type\":\"ListItem\",\"position\":3,\"name\":\"Portfolio\",\"item\":\"https:\/\/www.bccservices.com\/hr\/infrastrukturna-rjesenja\/portfolio\/\"},{\"@type\":\"ListItem\",\"position\":4,\"name\":\"HPC\"}]},{\"@type\":\"WebSite\",\"@id\":\"https:\/\/www.bccservices.com\/hr\/#website\",\"url\":\"https:\/\/www.bccservices.com\/hr\/\",\"name\":\"BCC Services\",\"description\":\"\",\"publisher\":{\"@id\":\"https:\/\/www.bccservices.com\/hr\/#organization\"},\"potentialAction\":[{\"@type\":\"SearchAction\",\"target\":{\"@type\":\"EntryPoint\",\"urlTemplate\":\"https:\/\/www.bccservices.com\/hr\/?s={search_term_string}\"},\"query-input\":{\"@type\":\"PropertyValueSpecification\",\"valueRequired\":true,\"valueName\":\"search_term_string\"}}],\"inLanguage\":\"hr\"},{\"@type\":\"Organization\",\"@id\":\"https:\/\/www.bccservices.com\/hr\/#organization\",\"name\":\"BCC Services\",\"url\":\"https:\/\/www.bccservices.com\/hr\/\",\"logo\":{\"@type\":\"ImageObject\",\"inLanguage\":\"hr\",\"@id\":\"https:\/\/www.bccservices.com\/hr\/#\/schema\/logo\/image\/\",\"url\":\"http:\/\/172.19.41.139\/hr\/wp-content\/uploads\/2022\/05\/BCC-Services_square-01.png\",\"contentUrl\":\"http:\/\/172.19.41.139\/hr\/wp-content\/uploads\/2022\/05\/BCC-Services_square-01.png\",\"width\":354,\"height\":354,\"caption\":\"BCC Services\"},\"image\":{\"@id\":\"https:\/\/www.bccservices.com\/hr\/#\/schema\/logo\/image\/\"},\"sameAs\":[\"https:\/\/www.facebook.com\/BCCServiceshr\/\"]}]}<\/script>\r\n<!-- \/ Yoast SEO plugin. -->","yoast_head_json":{"title":"HPC - BCC Services","robots":{"index":"index","follow":"follow","max-snippet":"max-snippet:-1","max-image-preview":"max-image-preview:large","max-video-preview":"max-video-preview:-1"},"canonical":"https:\/\/www.bccservices.com\/hr\/infrastrukturna-rjesenja\/portfolio\/hpc\/","og_locale":"hr_HR","og_type":"article","og_title":"HPC - BCC Services","og_url":"https:\/\/www.bccservices.com\/hr\/infrastrukturna-rjesenja\/portfolio\/hpc\/","og_site_name":"BCC Services","article_publisher":"https:\/\/www.facebook.com\/BCCServiceshr\/","article_modified_time":"2021-09-27T11:03:22+00:00","twitter_card":"summary_large_image","twitter_misc":{"Procijenjeno vrijeme \u010ditanja":"5 minuta"},"schema":{"@context":"https:\/\/schema.org","@graph":[{"@type":"WebPage","@id":"https:\/\/www.bccservices.com\/hr\/infrastrukturna-rjesenja\/portfolio\/hpc\/","url":"https:\/\/www.bccservices.com\/hr\/infrastrukturna-rjesenja\/portfolio\/hpc\/","name":"HPC - BCC Services","isPartOf":{"@id":"https:\/\/www.bccservices.com\/hr\/#website"},"datePublished":"2021-02-24T13:47:15+00:00","dateModified":"2021-09-27T11:03:22+00:00","breadcrumb":{"@id":"https:\/\/www.bccservices.com\/hr\/infrastrukturna-rjesenja\/portfolio\/hpc\/#breadcrumb"},"inLanguage":"hr","potentialAction":[{"@type":"ReadAction","target":["https:\/\/www.bccservices.com\/hr\/infrastrukturna-rjesenja\/portfolio\/hpc\/"]}]},{"@type":"BreadcrumbList","@id":"https:\/\/www.bccservices.com\/hr\/infrastrukturna-rjesenja\/portfolio\/hpc\/#breadcrumb","itemListElement":[{"@type":"ListItem","position":1,"name":"Home","item":"https:\/\/www.bccservices.com\/hr\/"},{"@type":"ListItem","position":2,"name":"Infrastrukturna rje\u0161enja","item":"https:\/\/www.bccservices.com\/hr\/infrastrukturna-rjesenja\/"},{"@type":"ListItem","position":3,"name":"Portfolio","item":"https:\/\/www.bccservices.com\/hr\/infrastrukturna-rjesenja\/portfolio\/"},{"@type":"ListItem","position":4,"name":"HPC"}]},{"@type":"WebSite","@id":"https:\/\/www.bccservices.com\/hr\/#website","url":"https:\/\/www.bccservices.com\/hr\/","name":"BCC Services","description":"","publisher":{"@id":"https:\/\/www.bccservices.com\/hr\/#organization"},"potentialAction":[{"@type":"SearchAction","target":{"@type":"EntryPoint","urlTemplate":"https:\/\/www.bccservices.com\/hr\/?s={search_term_string}"},"query-input":{"@type":"PropertyValueSpecification","valueRequired":true,"valueName":"search_term_string"}}],"inLanguage":"hr"},{"@type":"Organization","@id":"https:\/\/www.bccservices.com\/hr\/#organization","name":"BCC Services","url":"https:\/\/www.bccservices.com\/hr\/","logo":{"@type":"ImageObject","inLanguage":"hr","@id":"https:\/\/www.bccservices.com\/hr\/#\/schema\/logo\/image\/","url":"http:\/\/172.19.41.139\/hr\/wp-content\/uploads\/2022\/05\/BCC-Services_square-01.png","contentUrl":"http:\/\/172.19.41.139\/hr\/wp-content\/uploads\/2022\/05\/BCC-Services_square-01.png","width":354,"height":354,"caption":"BCC Services"},"image":{"@id":"https:\/\/www.bccservices.com\/hr\/#\/schema\/logo\/image\/"},"sameAs":["https:\/\/www.facebook.com\/BCCServiceshr\/"]}]}},"_links":{"self":[{"href":"https:\/\/www.bccservices.com\/hr\/wp-json\/wp\/v2\/pages\/2208"}],"collection":[{"href":"https:\/\/www.bccservices.com\/hr\/wp-json\/wp\/v2\/pages"}],"about":[{"href":"https:\/\/www.bccservices.com\/hr\/wp-json\/wp\/v2\/types\/page"}],"author":[{"embeddable":true,"href":"https:\/\/www.bccservices.com\/hr\/wp-json\/wp\/v2\/users\/1"}],"replies":[{"embeddable":true,"href":"https:\/\/www.bccservices.com\/hr\/wp-json\/wp\/v2\/comments?post=2208"}],"version-history":[{"count":0,"href":"https:\/\/www.bccservices.com\/hr\/wp-json\/wp\/v2\/pages\/2208\/revisions"}],"up":[{"embeddable":true,"href":"https:\/\/www.bccservices.com\/hr\/wp-json\/wp\/v2\/pages\/1342"}],"wp:attachment":[{"href":"https:\/\/www.bccservices.com\/hr\/wp-json\/wp\/v2\/media?parent=2208"}],"curies":[{"name":"wp","href":"https:\/\/api.w.org\/{rel}","templated":true}]}}