{"id":2204,"date":"2021-02-24T13:46:36","date_gmt":"2021-02-24T13:46:36","guid":{"rendered":"http:\/\/172.19.41.139\/hr\/?page_id=2204"},"modified":"2021-03-08T12:58:32","modified_gmt":"2021-03-08T11:58:32","slug":"pohrana-podataka","status":"publish","type":"page","link":"https:\/\/www.bccservices.com\/hr\/infrastrukturna-rjesenja\/portfolio\/pohrana-podataka\/","title":{"rendered":"Sustavi pohrane podataka"},"content":{"rendered":"<p><div class=\"fusion-fullwidth fullwidth-box fusion-builder-row-1 nonhundred-percent-fullwidth non-hundred-percent-height-scrolling\" style=\"--awb-border-radius-top-left:0px;--awb-border-radius-top-right:0px;--awb-border-radius-bottom-right:0px;--awb-border-radius-bottom-left:0px;--awb-flex-wrap:wrap;\" ><div class=\"fusion-builder-row fusion-row\"><div class=\"fusion-layout-column fusion_builder_column fusion-builder-column-0 fusion_builder_column_1_1 1_1 fusion-one-full fusion-column-first fusion-column-last\" style=\"--awb-bg-size:cover;\"><div class=\"fusion-column-wrapper fusion-column-has-shadow fusion-flex-column-wrapper-legacy\"><div class=\"fusion-clearfix\"><\/div><\/div><\/div><div class=\"fusion-layout-column fusion_builder_column fusion-builder-column-1 fusion_builder_column_1_1 1_1 fusion-one-full fusion-column-first fusion-column-last\" style=\"--awb-bg-size:cover;\"><div class=\"fusion-column-wrapper fusion-column-has-shadow fusion-flex-column-wrapper-legacy\"><div class=\"fusion-text fusion-text-1\"><p>BCC Services je kroz kontakt s korisnicima prepoznao poslovne potrebe vezane uz informati\u010dke tehnologije, visokodostupnu arhitekturu te upravljanje kontinuitetom poslovanja i aktivno se uklju\u010dio u razvijanje rje\u0161enja koje \u0107e te potrebe zadovoljiti. Prijedlog rje\u0161enja po principu visokodostupne arhitekture IT datacentra, uz implementaciju postoje\u0107eg virtualnog okoli\u0161a putem najmodernijih Netapp i Fujitsu tehnologija.<\/p>\n<p>Od optimizacije postoje\u0107eg re\u017eima pohrane podataka te modernizacijom virtualne okoline i serverskih resursa, o\u010dekuje se da \u0107e smanjiti tro\u0161kove eventualnog hostinga u cloudu, olak\u0161ati rad i maksimizirati iskoristivost postoje\u0107ih resursa i kapaciteta. NetApp rje\u0161enja za pohranu podataka \u0107e pomo\u0107i da se do tih ciljeva do\u0111e br\u017ee i uz manje tro\u0161ka vezanog uz sam sustav za pohranu podataka.<\/p>\n<p>NetApp svojim naprednim tehnologijama uspje\u0161no adresira i rje\u0161ava sve aktualne probleme korisnika. U virtualnim okolinama i radom sa bazama podataka, NetApp zahtijeva bar 50%, do \u010dak 90% manje prostora za pohranu, smanjuje TCO i preko 35%, te zna\u010dajno, i do 40%, ubrzava pristup do potrebnih podataka.<\/p>\n<p>NetApp storage tehnologija s obzirom na visoku svjetsku tr\u017ei\u0161nu poziciju, te razvoj tehnologije usmjeren i povezan s vode\u0107im IT rje\u0161enjima kao \u0161to su Oracle, SAP, VMware, Microsoft, Citrix i drugi, nudi softverska rje\u0161enja za upravljanje podacima koja su u punoj mjeri integrirana u doti\u010dna okru\u017eenja, s transparentnom licen\u010dnom politikom (bilo prema broju hostova\/servera ili po storage sustavu, odnosno u skupnim paketima).<\/p>\n<p>Inovativnost Netapp WAFL (write anywhere file layout) i Snapshot tehnologije, u svom za\u010detku koncipirana na na\u010delima virtualizacije storage prostora, te RAID-DP (dvostrukog pariteta) i RAID-TEC (trostrukog pariteta) za\u0161tite, kao i nativne, uklju\u010dene deduplikacije na storage sustavu okosnica je efikasnosti NetApp storage sustava.<\/p>\n<p>NetApp je za\u010detnik koncepta unificiranog storagea, koji, uz mogu\u0107nost kombinacije ekonomi\u010dnijih SATA i SAS ili FC diskova visokih performansi, te ugra\u0111enu podr\u0161ku razli\u010ditim protokolima (CIFS, iSCSI, FcoE, NFS), korisniku jam\u010di fleksibilnost i jednostavnu promjenu odnosno prilagodbu poslovnom okru\u017eenju, budu\u0107i da je sve podr\u017eano od jedinstvene platforme. Rije\u010d je zapravo o karakteristikama NetAppovog Dana ONTAP operativnog sustava, s identi\u010dnim su\u010deljem i funkcionalnostima za sve tipove NetApp storage sustava (od low do high end platformi).<\/p>\n<p>Vrlo visoka skalabilnost, fleksibilnost i ekonomi\u010dna uporaba je tako osigurana neovisno o po\u010detnom modelu, a nadogradnja sustava tako se mo\u017ee jednostavno (bez poslovnih prekida, bez ikakve migracije i rebuild-a) izvr\u0161iti dodavanjem novih, ja\u010dih kontrolera koji dijele isti diskovni prostor s mogu\u0107no\u0161\u0107u daljnjeg pro\u0161irenja.<\/p>\n<p>Certificirani stru\u010dnjaci, dobro opremljen servis i skladi\u0161te rezervnih dijelova omogu\u0107uju nam odr\u017eavanje ponu\u0111enog sustava u jamstvenom i van jamstvenog roka u kratkom roku odziva i popravka.<\/p>\n<p>Vi\u0161e o integriranim <strong>zna\u010dajkama NetApp ONTAP software-a<\/strong> mo\u017ee se na\u0107i ovdje sa poveznicama preko kojih mo\u017eete saznati vi\u0161e informacija. Zna\u010dajke su poredane po abecednom redu, a ne po njihovoj va\u017enosti ili u\u010destalosti kori\u0161tenja:<\/p>\n<\/div>\n<div class=\"table-1\">\n<table width=\"100%\">\n<thead>\n<tr>\n<th align=\"left\">\n<h4>Naziv<\/h4>\n<\/th>\n<th align=\"left\">\n<h4>Funkcija<\/h4>\n<\/th>\n<th align=\"left\">\n<h4>Koristi<\/h4>\n<\/th>\n<\/tr>\n<\/thead>\n<tbody>\n<tr>\n<td align=\"left\"><strong><a href=\"https:\/\/docs.netapp.com\/ontap-9\/index.jsp?topic=\/com.netapp.doc.dot-cm-vsmg\/GUID-9C88C1A6-990A-4826-83F8-0C8EAD6C3613.html\">Data Compaction<\/a><\/strong><\/td>\n<td align=\"left\">Smje\u0161ta vi\u0161e podataka u blokove za bolju redukciju podataka<\/td>\n<td align=\"left\">Radi sa kompresijom da smanji zahtjeve za smje\u0161taj podataka i pove\u0107a efikasnost sustava za pohranu podataka.<\/td>\n<\/tr>\n<tr>\n<td align=\"left\"><strong><a href=\"https:\/\/docs.netapp.com\/ontap-9\/index.jsp?topic=\/com.netapp.doc.dot-cm-vsmg\/GUID-9C88C1A6-990A-4826-83F8-0C8EAD6C3613.html\">Data Compression<\/a><\/strong><\/td>\n<td align=\"left\">Omogu\u0107ava transparentnu inline i naknadnu kompresiju podataka za redukciju podataka.<\/td>\n<td align=\"left\">Smanjuje zahtjeve za kapacitetom podataka koji se mora kupiti ili odr\u017eavati.<\/td>\n<\/tr>\n<tr>\n<td align=\"left\"><strong><a href=\"https:\/\/docs.netapp.com\/ontap-9\/index.jsp?topic=\/com.netapp.doc.dot-cm-vsmg\/GUID-9C88C1A6-990A-4826-83F8-0C8EAD6C3613.html\">Deduplikacija<\/a><\/strong><\/td>\n<td align=\"left\">Koristi deduplikaciju op\u0107e namjene za micanje redundantnih podataka.<\/td>\n<td align=\"left\">Smanjuje zahtjeve za kapacitetom podataka koji se mora kupiti ili odr\u017eavati.<\/td>\n<\/tr>\n<tr>\n<td align=\"left\"><strong><a href=\"https:\/\/docs.netapp.com\/ontap-9\/index.jsp?topic=\/com.netapp.doc.onc-sm-help-930\/GUID-55C0B1F2-D978-487B-84D8-3166A6CFB876.html\">FabricPool<\/a><\/strong><\/td>\n<td align=\"left\">Automatizira slojevitost (tiering) podataka u \u201eoblak\u201c (javni i privatni).<\/td>\n<td align=\"left\">Smanjuje tro\u0161ak sustava za pohranu za \u201ehladne\u201c podatke (koji se ne koriste \u010desto).<\/td>\n<\/tr>\n<tr>\n<td align=\"left\"><strong><a href=\"https:\/\/docs.netapp.com\/ontap-9\/index.jsp?topic=\/com.netapp.doc.dot-cm-psmg\/GUID-52712AB1-B237-468E-97D6-55204504DAF3.html\">Flash Pool Caching<\/a><\/strong><\/td>\n<td align=\"left\">Kreira mije\u0161ane skupove (pool) medija za pohranu podataka koriste\u0107i SSD i HDD.<\/td>\n<td align=\"left\">Pove\u0107ava performanse i efikasnost skupova (pools) HDD-a sa flash ubrzavanjem.<\/td>\n<\/tr>\n<tr>\n<td align=\"left\"><strong><a href=\"https:\/\/docs.netapp.com\/ontap-9\/index.jsp?topic=\/com.netapp.doc.pow-fc-mgmt\/GUID-F4CE375E-DB00-403E-A20D-FB6CE6116D07.html\">FlexCache<\/a><\/strong><\/td>\n<td align=\"left\">Predmemorira skupove podataka unutar klastera i udaljenih lokacija.<\/td>\n<td align=\"left\">Ubrzava performanse \u010ditanja za \u201evru\u0107e\u201c (hot) skupove podataka pove\u0107anjem propusnosti unutar klastera, pobolj\u0161ava brzinu i produktivnost korisnika kroz vi\u0161estruke lokacije. FlexGroup volumeni sada mogu biti predmemorirani (cached) sa FlexCache tehnologijom, omogu\u0107avaju\u0107i predmemoriranje volumena ve\u0107ih od 100TB.<\/td>\n<\/tr>\n<tr>\n<td align=\"left\"><strong><a href=\"https:\/\/docs.netapp.com\/ontap-9\/index.jsp?topic=\/com.netapp.doc.dot-cm-concepts\/GUID-54F78C62-B4D5-46FF-AE25-7440A3E65185.html\">FlexClone<\/a><\/strong><\/td>\n<td align=\"left\">Trenutno kreira klonove datoteka, LUN-ova i volumene bez dodatnih zatjeva za kapacitetom podataka.<\/td>\n<td align=\"left\">Smanjuje vrijeme testiranja i razvoja uz istovremeno pove\u0107anje kapaciteta sustava za pohranu podataka.<\/td>\n<\/tr>\n<tr>\n<td align=\"left\"><strong><a href=\"https:\/\/docs.netapp.com\/ontap-9\/index.jsp?topic=\/com.netapp.doc.pow-fg-mgmt\/GUID-A304BBC1-C00C-4E7A-989E-7C5A0E505146.html\">FlexGroup<\/a><\/strong><\/td>\n<td align=\"left\">Omogu\u0107ava jedinstveni imenski prostor za smje\u0161taj do 20PB i 400 milijardi podataka.<\/td>\n<td align=\"left\">Omogu\u0107uje ra\u010dunski intenzivna optere\u0107enja i repozitorije podataka koji zahtjevaju masivni NAS kontejner uz istovremeno odr\u017eavanje visokih performansi i elasti\u010dnosti sustava za pohranu. Za pobolj\u0161anu sigurnost i \u201ezaklju\u010davanje\u201c podataka sada su podr\u017eani NFSv4 i NFSv4.1 protokoli.<\/td>\n<\/tr>\n<tr>\n<td align=\"left\"><strong><a href=\"https:\/\/docs.netapp.com\/ontap-9\/index.jsp?topic=\/com.netapp.doc.onc-sm-help-900\/GUID-0C82B1FD-F612-441C-A9E3-98D04D027B8E.html\">FlexVol<\/a><\/strong><\/td>\n<td align=\"left\">Kreira fleksibilne veli\u010dine volumena kroz velike skupove diskova i jedne ili vi\u0161e RAID grupa.<\/td>\n<td align=\"left\">Omogu\u0107uje maksimalnu efikasnost sustava za pohranu podataka i smanjuje zahtjeve za nabavu hardverskih resursa. Za visoke performase i ve\u0107i kapacitet podataka, sada se FlexVol volumeni mogu konvertirati u jedinstveni FlexGroup volumen bez potrebe za kopiranjem podataka.<\/td>\n<\/tr>\n<tr>\n<td align=\"left\"><strong><a href=\"https:\/\/docs.netapp.com\/ontap-9\/index.jsp?topic=%2Fcom.netapp.doc.dot-cm-concepts%2FGUID-080C7DD3-4BDB-4D4A-BF33-026FE9109F98.html\">MetroCluster<\/a><\/strong><\/td>\n<td align=\"left\">Kombinira klastere na temelju niza (array-based) sa sinhronim zrcaljenjem (synchronous mirroring) podataka sa kontinuiranom dostupno\u0161\u0107u i bez gubitaka podataka do 700 km udaljenosti izme\u0111u \u010dvorova klastera.<\/td>\n<td align=\"left\">Odr\u017eava kontinuitet poslovanja za kriti\u010dne aplikacije i optere\u0107enja u slu\u010daju pojave katastrofi\u010dnog doga\u0111aja data centra.<\/td>\n<\/tr>\n<tr>\n<td align=\"left\"><strong><a href=\"https:\/\/docs.netapp.com\/ontap-9\/index.jsp?topic=%2Fcom.netapp.doc.pow-perf-mon%2FGUID-13D35FC5-AF37-4BBD-8A8E-B10B41451A16.html\">Performance capacity<\/a><\/strong><\/td>\n<td align=\"left\">Omogu\u0107ava vidljivost dostupnih performansi kapaciteta kod kreiranja novih optere\u0107enja na \u010dvorovima sustava za pohranu.<\/td>\n<td align=\"left\">Pojednostavljuje upravljanje i omogu\u0107ava efikasnije uvo\u0111enje novih optimalnih optere\u0107enja \u010dvorova sustava.<\/td>\n<\/tr>\n<tr>\n<td align=\"left\"><strong><a href=\"https:\/\/docs.netapp.com\/ontap-9\/index.jsp?topic=\/com.netapp.doc.pow-perf-mon\/GUID-77DF9BAF-4ED7-43F6-AECE-95DFB0680D2F.html\">QoS (Quality of Service) (adaptive)<\/a><\/strong><\/td>\n<td align=\"left\">Pojednostavljuje postavljanje politika kvaliteta sustava (QoS) i automatski prilago\u0111ava resurse sustava kako bi adekvatno odgovorili na promjene optere\u0107enja sustava (TB podataka, prioritete optere\u0107enja i sl.).<\/td>\n<td align=\"left\">Pojednostavljuje operacije i odr\u017eava postojano optere\u0107enje kapaciteta sustava unutar definiranih min. i max. IOPS granica.<\/td>\n<\/tr>\n<tr>\n<td align=\"left\"><strong><a href=\"https:\/\/docs.netapp.com\/ontap-9\/index.jsp?topic=\/com.netapp.doc.dot-cm-concepts\/GUID-C80315DC-5EA4-4B90-8080-EF4EF61DA993.html\">RAID-TEC i RAID DP tehnologije<\/a><\/strong><\/td>\n<td align=\"left\">Omogu\u0107uje trostruki ili dvostruki paritet RAID 6 implementacija koja spre\u010dava gubitak podataka kada prestanu sa radom tri ili dva diska.<\/td>\n<td align=\"left\">\u0160titi podatke bez utjecaja na performanse drugih RAID implementacija; smanjuje rizik dugih obnova (rebuild) HDD diskova velikih kapaciteta.<\/td>\n<\/tr>\n<tr>\n<td align=\"left\"><strong><a href=\"https:\/\/docs.netapp.com\/ocsc-41\/topic\/com.netapp.doc.ocsc-con\/GUID-0CC54DEB-2A3B-4E98-8615-C97A225FEB2A.html\">SnapCenter<\/a><\/strong><\/td>\n<td align=\"left\">Omogu\u0107uje upravljanje podacima NetApp sustava za pohranu za DB i poslovne aplikacije.<\/td>\n<td align=\"left\">Omogu\u0107uje \u201esvjesnost aplikacija\u201c za backup i upravljanje klonovima; omogu\u0107uje oporavak podataka bez pojave gre\u0161aka.<\/td>\n<\/tr>\n<tr>\n<td align=\"left\"><strong><a href=\"https:\/\/docs.netapp.com\/ontap-9\/index.jsp?topic=%2Fcom.netapp.doc.pow-arch-con%2FGUID-B0D72285-9301-4A20-B68A-8C64A317E995.html\">SnapLock<\/a><\/strong><\/td>\n<td align=\"left\">Omogu\u0107uje WORM \u201ezaklju\u010davanje\u201c na razini datoteke.<\/td>\n<td align=\"left\">Omogu\u0107uje uskla\u0111enost sa propisima i organizacijskim zahtjevima za \u010duvanje podataka.<\/td>\n<\/tr>\n<tr>\n<td align=\"left\"><strong><a href=\"https:\/\/docs.netapp.com\/ontap-9\/index.jsp?topic=\/com.netapp.doc.pow-dap\/GUID-90A46DC2-C432-43D7-A890-EE342FC8C382.html\">SnapMirror<\/a><\/strong><\/td>\n<td align=\"left\">Omogu\u0107uje integrirani udaljeni backup i povrat podataka sa inkrementalnom replikacijom asinhronih podataka; \u010duva efikasnost sustava za vrijeme i nakon prijenosa podataka.<\/td>\n<td align=\"left\">Omogu\u0107uje fleksibilnost i efikasnost repliciranih podataka za podr\u0161ku udaljenih backup-ova i povrata podataka, oporavka od katastrofi\u010dnih podataka i distribucije podataka.<\/td>\n<\/tr>\n<tr>\n<td align=\"left\"><strong><a href=\"https:\/\/docs.netapp.com\/ontap-9\/index.jsp?topic=%2Fcom.netapp.doc.pow-dap%2FGUID-5080DA69-478E-40ED-87A8-CA506DD00C9D.html\">SnapMirror Synchronous<\/a><\/strong><\/td>\n<td align=\"left\">Isporu\u010duje inkrementalnu, na nivou volumena, sinhronu replikaciju podataka; omogu\u0107uje u\u0161tede replikacije pohrane podataka za vrijeme i nakon transfera podatka.<\/td>\n<td align=\"left\">Omogu\u0107uje za\u0161titu podataka bez gubitka podataka sa nula RPO (Recovery Point Objective, RPO=0).<\/td>\n<\/tr>\n<tr>\n<td align=\"left\"><strong><a href=\"https:\/\/docs.netapp.com\/ontap-9\/index.jsp?topic=\/com.netapp.doc.pow-dap\/GUID-D608007C-DEED-4C14-B88A-F9C83479635B.html\">SnapRestore<\/a><\/strong><\/td>\n<td align=\"left\">Brzo vra\u0107a pojedina\u010dne datoteka, direktorije ili \u010ditave LUN-ove i\u00a0 volumene sa Snapshot kopijom.<\/td>\n<td align=\"left\">Trenutno vra\u0107a datoteke, baze podataka i kompletnih volumena iz \u201epoint-in-time\u201c snapshot kopija.<\/td>\n<\/tr>\n<tr>\n<td align=\"left\"><strong><a href=\"https:\/\/docs.netapp.com\/ontap-9\/index.jsp?topic=%2Fcom.netapp.doc.dot-cm-concepts%2FGUID-BE5710C9-AA51-4D91-9FE8-8F5642B79297.html\">Snapshot<\/a><\/strong><\/td>\n<td align=\"left\">Omogu\u0107uje inkrementalne \u201epoint-in-time\u201c kopije LUN-a ili volumena sa minimalnim utjecajem na performanse.<\/td>\n<td align=\"left\">Omogu\u0107uje kreiranje u\u010destalih efikasnih backup-ova bez smetnji na promet podataka.<\/td>\n<\/tr>\n<tr>\n<td align=\"left\"><strong><a href=\"https:\/\/docs.netapp.com\/ontap-9\/index.jsp?topic=\/com.netapp.doc.pow-nve\/GUID-EAD13D8E-0219-45B6-A2C6-B25B76C9CA1A.html\">Volume Encryption<\/a><\/strong><\/td>\n<td align=\"left\">Omogu\u0107uje enkripciju podataka koja je ugra\u0111ena u ONTAP OS sustav.<\/td>\n<td align=\"left\">Jednostavno i efikasno \u0161titi podatke korisnika tako da enkriptira bilo koji volumen na AFF (All Flash FAS) ili FAS (Fabric Attached Storage); nisu potrebni posebni enkriptirani diskovi.<\/td>\n<\/tr>\n<\/tbody>\n<\/table>\n<\/div>\n<div class=\"fusion-clearfix\"><\/div><\/div><\/div><\/div><\/div><div class=\"fusion-fullwidth fullwidth-box fusion-builder-row-2 nonhundred-percent-fullwidth non-hundred-percent-height-scrolling\" style=\"--awb-border-radius-top-left:0px;--awb-border-radius-top-right:0px;--awb-border-radius-bottom-right:0px;--awb-border-radius-bottom-left:0px;--awb-flex-wrap:wrap;\" ><div class=\"fusion-builder-row fusion-row\"><div class=\"fusion-layout-column fusion_builder_column fusion-builder-column-2 fusion_builder_column_1_1 1_1 fusion-one-full fusion-column-first fusion-column-last\" style=\"--awb-bg-size:cover;\"><div class=\"fusion-column-wrapper fusion-column-has-shadow fusion-flex-column-wrapper-legacy\"><div class=\"fusion-sep-clear\"><\/div><div class=\"fusion-separator fusion-full-width-sep\" style=\"margin-left: auto;margin-right: auto;margin-top:9px;margin-bottom:9px;width:100%;\"><\/div><div class=\"fusion-sep-clear\"><\/div><div class=\"fusion-clearfix\"><\/div><\/div><\/div><\/div><\/div><\/p>\n","protected":false},"excerpt":{"rendered":"","protected":false},"author":1,"featured_media":0,"parent":1342,"menu_order":0,"comment_status":"closed","ping_status":"closed","template":"","meta":{"footnotes":""},"class_list":["post-2204","page","type-page","status-publish","hentry"],"yoast_head":"<!-- This site is optimized with the Yoast SEO plugin v25.6 - https:\/\/yoast.com\/wordpress\/plugins\/seo\/ -->\r\n<title>Sustavi pohrane podataka - BCC Services<\/title>\r\n<meta name=\"robots\" content=\"index, follow, max-snippet:-1, max-image-preview:large, max-video-preview:-1\" \/>\r\n<link rel=\"canonical\" href=\"https:\/\/www.bccservices.com\/hr\/infrastrukturna-rjesenja\/portfolio\/pohrana-podataka\/\" \/>\r\n<meta property=\"og:locale\" content=\"hr_HR\" \/>\r\n<meta property=\"og:type\" content=\"article\" \/>\r\n<meta property=\"og:title\" content=\"Sustavi pohrane podataka - BCC Services\" \/>\r\n<meta property=\"og:url\" content=\"https:\/\/www.bccservices.com\/hr\/infrastrukturna-rjesenja\/portfolio\/pohrana-podataka\/\" \/>\r\n<meta property=\"og:site_name\" content=\"BCC Services\" \/>\r\n<meta property=\"article:publisher\" content=\"https:\/\/www.facebook.com\/BCCServiceshr\/\" \/>\r\n<meta property=\"article:modified_time\" content=\"2021-03-08T11:58:32+00:00\" \/>\r\n<meta name=\"twitter:card\" content=\"summary_large_image\" \/>\r\n<meta name=\"twitter:label1\" content=\"Procijenjeno vrijeme \u010ditanja\" \/>\n\t<meta name=\"twitter:data1\" content=\"11 minuta\" \/>\r\n<script type=\"application\/ld+json\" class=\"yoast-schema-graph\">{\"@context\":\"https:\/\/schema.org\",\"@graph\":[{\"@type\":\"WebPage\",\"@id\":\"https:\/\/www.bccservices.com\/hr\/infrastrukturna-rjesenja\/portfolio\/pohrana-podataka\/\",\"url\":\"https:\/\/www.bccservices.com\/hr\/infrastrukturna-rjesenja\/portfolio\/pohrana-podataka\/\",\"name\":\"Sustavi pohrane podataka - BCC Services\",\"isPartOf\":{\"@id\":\"https:\/\/www.bccservices.com\/hr\/#website\"},\"datePublished\":\"2021-02-24T13:46:36+00:00\",\"dateModified\":\"2021-03-08T11:58:32+00:00\",\"breadcrumb\":{\"@id\":\"https:\/\/www.bccservices.com\/hr\/infrastrukturna-rjesenja\/portfolio\/pohrana-podataka\/#breadcrumb\"},\"inLanguage\":\"hr\",\"potentialAction\":[{\"@type\":\"ReadAction\",\"target\":[\"https:\/\/www.bccservices.com\/hr\/infrastrukturna-rjesenja\/portfolio\/pohrana-podataka\/\"]}]},{\"@type\":\"BreadcrumbList\",\"@id\":\"https:\/\/www.bccservices.com\/hr\/infrastrukturna-rjesenja\/portfolio\/pohrana-podataka\/#breadcrumb\",\"itemListElement\":[{\"@type\":\"ListItem\",\"position\":1,\"name\":\"Home\",\"item\":\"https:\/\/www.bccservices.com\/hr\/\"},{\"@type\":\"ListItem\",\"position\":2,\"name\":\"Infrastrukturna rje\u0161enja\",\"item\":\"https:\/\/www.bccservices.com\/hr\/infrastrukturna-rjesenja\/\"},{\"@type\":\"ListItem\",\"position\":3,\"name\":\"Portfolio\",\"item\":\"https:\/\/www.bccservices.com\/hr\/infrastrukturna-rjesenja\/portfolio\/\"},{\"@type\":\"ListItem\",\"position\":4,\"name\":\"Sustavi pohrane podataka\"}]},{\"@type\":\"WebSite\",\"@id\":\"https:\/\/www.bccservices.com\/hr\/#website\",\"url\":\"https:\/\/www.bccservices.com\/hr\/\",\"name\":\"BCC Services\",\"description\":\"\",\"publisher\":{\"@id\":\"https:\/\/www.bccservices.com\/hr\/#organization\"},\"potentialAction\":[{\"@type\":\"SearchAction\",\"target\":{\"@type\":\"EntryPoint\",\"urlTemplate\":\"https:\/\/www.bccservices.com\/hr\/?s={search_term_string}\"},\"query-input\":{\"@type\":\"PropertyValueSpecification\",\"valueRequired\":true,\"valueName\":\"search_term_string\"}}],\"inLanguage\":\"hr\"},{\"@type\":\"Organization\",\"@id\":\"https:\/\/www.bccservices.com\/hr\/#organization\",\"name\":\"BCC Services\",\"url\":\"https:\/\/www.bccservices.com\/hr\/\",\"logo\":{\"@type\":\"ImageObject\",\"inLanguage\":\"hr\",\"@id\":\"https:\/\/www.bccservices.com\/hr\/#\/schema\/logo\/image\/\",\"url\":\"http:\/\/172.19.41.139\/hr\/wp-content\/uploads\/2022\/05\/BCC-Services_square-01.png\",\"contentUrl\":\"http:\/\/172.19.41.139\/hr\/wp-content\/uploads\/2022\/05\/BCC-Services_square-01.png\",\"width\":354,\"height\":354,\"caption\":\"BCC Services\"},\"image\":{\"@id\":\"https:\/\/www.bccservices.com\/hr\/#\/schema\/logo\/image\/\"},\"sameAs\":[\"https:\/\/www.facebook.com\/BCCServiceshr\/\"]}]}<\/script>\r\n<!-- \/ Yoast SEO plugin. -->","yoast_head_json":{"title":"Sustavi pohrane podataka - BCC Services","robots":{"index":"index","follow":"follow","max-snippet":"max-snippet:-1","max-image-preview":"max-image-preview:large","max-video-preview":"max-video-preview:-1"},"canonical":"https:\/\/www.bccservices.com\/hr\/infrastrukturna-rjesenja\/portfolio\/pohrana-podataka\/","og_locale":"hr_HR","og_type":"article","og_title":"Sustavi pohrane podataka - BCC Services","og_url":"https:\/\/www.bccservices.com\/hr\/infrastrukturna-rjesenja\/portfolio\/pohrana-podataka\/","og_site_name":"BCC Services","article_publisher":"https:\/\/www.facebook.com\/BCCServiceshr\/","article_modified_time":"2021-03-08T11:58:32+00:00","twitter_card":"summary_large_image","twitter_misc":{"Procijenjeno vrijeme \u010ditanja":"11 minuta"},"schema":{"@context":"https:\/\/schema.org","@graph":[{"@type":"WebPage","@id":"https:\/\/www.bccservices.com\/hr\/infrastrukturna-rjesenja\/portfolio\/pohrana-podataka\/","url":"https:\/\/www.bccservices.com\/hr\/infrastrukturna-rjesenja\/portfolio\/pohrana-podataka\/","name":"Sustavi pohrane podataka - BCC Services","isPartOf":{"@id":"https:\/\/www.bccservices.com\/hr\/#website"},"datePublished":"2021-02-24T13:46:36+00:00","dateModified":"2021-03-08T11:58:32+00:00","breadcrumb":{"@id":"https:\/\/www.bccservices.com\/hr\/infrastrukturna-rjesenja\/portfolio\/pohrana-podataka\/#breadcrumb"},"inLanguage":"hr","potentialAction":[{"@type":"ReadAction","target":["https:\/\/www.bccservices.com\/hr\/infrastrukturna-rjesenja\/portfolio\/pohrana-podataka\/"]}]},{"@type":"BreadcrumbList","@id":"https:\/\/www.bccservices.com\/hr\/infrastrukturna-rjesenja\/portfolio\/pohrana-podataka\/#breadcrumb","itemListElement":[{"@type":"ListItem","position":1,"name":"Home","item":"https:\/\/www.bccservices.com\/hr\/"},{"@type":"ListItem","position":2,"name":"Infrastrukturna rje\u0161enja","item":"https:\/\/www.bccservices.com\/hr\/infrastrukturna-rjesenja\/"},{"@type":"ListItem","position":3,"name":"Portfolio","item":"https:\/\/www.bccservices.com\/hr\/infrastrukturna-rjesenja\/portfolio\/"},{"@type":"ListItem","position":4,"name":"Sustavi pohrane podataka"}]},{"@type":"WebSite","@id":"https:\/\/www.bccservices.com\/hr\/#website","url":"https:\/\/www.bccservices.com\/hr\/","name":"BCC Services","description":"","publisher":{"@id":"https:\/\/www.bccservices.com\/hr\/#organization"},"potentialAction":[{"@type":"SearchAction","target":{"@type":"EntryPoint","urlTemplate":"https:\/\/www.bccservices.com\/hr\/?s={search_term_string}"},"query-input":{"@type":"PropertyValueSpecification","valueRequired":true,"valueName":"search_term_string"}}],"inLanguage":"hr"},{"@type":"Organization","@id":"https:\/\/www.bccservices.com\/hr\/#organization","name":"BCC Services","url":"https:\/\/www.bccservices.com\/hr\/","logo":{"@type":"ImageObject","inLanguage":"hr","@id":"https:\/\/www.bccservices.com\/hr\/#\/schema\/logo\/image\/","url":"http:\/\/172.19.41.139\/hr\/wp-content\/uploads\/2022\/05\/BCC-Services_square-01.png","contentUrl":"http:\/\/172.19.41.139\/hr\/wp-content\/uploads\/2022\/05\/BCC-Services_square-01.png","width":354,"height":354,"caption":"BCC Services"},"image":{"@id":"https:\/\/www.bccservices.com\/hr\/#\/schema\/logo\/image\/"},"sameAs":["https:\/\/www.facebook.com\/BCCServiceshr\/"]}]}},"_links":{"self":[{"href":"https:\/\/www.bccservices.com\/hr\/wp-json\/wp\/v2\/pages\/2204"}],"collection":[{"href":"https:\/\/www.bccservices.com\/hr\/wp-json\/wp\/v2\/pages"}],"about":[{"href":"https:\/\/www.bccservices.com\/hr\/wp-json\/wp\/v2\/types\/page"}],"author":[{"embeddable":true,"href":"https:\/\/www.bccservices.com\/hr\/wp-json\/wp\/v2\/users\/1"}],"replies":[{"embeddable":true,"href":"https:\/\/www.bccservices.com\/hr\/wp-json\/wp\/v2\/comments?post=2204"}],"version-history":[{"count":0,"href":"https:\/\/www.bccservices.com\/hr\/wp-json\/wp\/v2\/pages\/2204\/revisions"}],"up":[{"embeddable":true,"href":"https:\/\/www.bccservices.com\/hr\/wp-json\/wp\/v2\/pages\/1342"}],"wp:attachment":[{"href":"https:\/\/www.bccservices.com\/hr\/wp-json\/wp\/v2\/media?parent=2204"}],"curies":[{"name":"wp","href":"https:\/\/api.w.org\/{rel}","templated":true}]}}