{"id":2066,"date":"2021-02-11T10:30:58","date_gmt":"2021-02-11T10:30:58","guid":{"rendered":"http:\/\/172.19.41.139\/hr\/?page_id=2066"},"modified":"2021-03-09T09:41:53","modified_gmt":"2021-03-09T08:41:53","slug":"lenovo","status":"publish","type":"page","link":"https:\/\/www.bccservices.com\/hr\/infrastrukturna-rjesenja\/tehnoloski-partneri\/lenovo\/","title":{"rendered":"Lenovo"},"content":{"rendered":"<p><div class=\"fusion-fullwidth fullwidth-box fusion-builder-row-1 nonhundred-percent-fullwidth non-hundred-percent-height-scrolling\" style=\"--awb-border-radius-top-left:0px;--awb-border-radius-top-right:0px;--awb-border-radius-bottom-right:0px;--awb-border-radius-bottom-left:0px;--awb-flex-wrap:wrap;\" ><div class=\"fusion-builder-row fusion-row\"><div class=\"fusion-layout-column fusion_builder_column fusion-builder-column-0 fusion_builder_column_1_1 1_1 fusion-one-full fusion-column-first fusion-column-last\" style=\"--awb-bg-size:cover;\"><div class=\"fusion-column-wrapper fusion-flex-column-wrapper-legacy\"><div class=\"fusion-clearfix\"><\/div><\/div><\/div><\/div><\/div><div class=\"fusion-fullwidth fullwidth-box fusion-builder-row-2 nonhundred-percent-fullwidth non-hundred-percent-height-scrolling\" style=\"--awb-border-radius-top-left:0px;--awb-border-radius-top-right:0px;--awb-border-radius-bottom-right:0px;--awb-border-radius-bottom-left:0px;--awb-flex-wrap:wrap;\" ><div class=\"fusion-builder-row fusion-row\"><div class=\"fusion-layout-column fusion_builder_column fusion-builder-column-1 fusion_builder_column_1_1 1_1 fusion-one-full fusion-column-first fusion-column-last\" style=\"--awb-bg-size:cover;\"><div class=\"fusion-column-wrapper fusion-column-has-shadow fusion-flex-column-wrapper-legacy\"><div class=\"fusion-text fusion-text-1\"><p><strong>Lenovo \u2013 <\/strong>multinacionalna tehnolo\u0161ka kompanija\u00a0 sa operativnim sjedi\u0161tima u Morrisville, Sjeverna Karolina i Pekingu, Kina. Kompanija dizajnira, razvija, proizvodi i prodaje osobna ra\u010dunla, tablete, pametne telefone, radne stanice, servere, elektroni\u010dke ure\u0111aje za smje\u0161taj podataka, softver za IT upravljanje i pametne televizore i progla\u0161en je najve\u0107im proizvo\u0111a\u010dem osobnih ra\u010dunala po prodaji u o\u017eujku, 2019. god.<\/p>\n<p><strong>Lenovo DCG (Data Center Group) portfolio pokirva cjelokupni Data centar organizacije nude\u0107i:<\/strong><\/p>\n<ul>\n<li>Servere \u2013 Rack &amp; Tower, Mission critical, Dense, Blades<\/li>\n<li>Storage \u2013 Entry SAN, mid-range SAN, SDS (Software Defined Storage), Direct Attach &amp; Archive, Storage Switches<\/li>\n<li>Mre\u017ene komponente \u2013 Embedded, Top of Rack, Campus and Core, Cloud Network OS, Network Orchestration<\/li>\n<li>Software Defined Infrastructure \u2013 certificirane \u0107vorove (nodes), Integrated Appliances, integrirane sustave<\/li>\n<li>Rje\u0161enja \u2013 Oblake, Big Data, Analytics, Database, VDI (Virtual Desktop Infrastructure)<\/li>\n<li>HPC \u2013 Ultra dense, AI, vodeno hla\u0111eni, Computing Orchestration<\/li>\n<\/ul>\n<\/div><div class=\"fusion-sep-clear\"><\/div><div class=\"fusion-separator fusion-no-small-visibility fusion-full-width-sep\" style=\"margin-left: auto;margin-right: auto;margin-top:25px;width:100%;\"><\/div><div class=\"fusion-sep-clear\"><\/div><div class=\"fusion-image-element in-legacy-container\" style=\"--awb-caption-title-font-family:var(--h2_typography-font-family);--awb-caption-title-font-weight:var(--h2_typography-font-weight);--awb-caption-title-font-style:var(--h2_typography-font-style);--awb-caption-title-size:var(--h2_typography-font-size);--awb-caption-title-transform:var(--h2_typography-text-transform);--awb-caption-title-line-height:var(--h2_typography-line-height);--awb-caption-title-letter-spacing:var(--h2_typography-letter-spacing);\"><span class=\" fusion-imageframe imageframe-none imageframe-1 hover-type-none\"><img loading=\"lazy\" decoding=\"async\" width=\"644\" height=\"360\" alt=\"Lenovo DCG Portfolio\" title=\"Lenovo\" src=\"http:\/\/172.19.41.139\/hr\/wp-content\/uploads\/2021\/03\/Lenovo.png\" class=\"img-responsive wp-image-2571\" srcset=\"https:\/\/www.bccservices.com\/hr\/wp-content\/uploads\/2021\/03\/Lenovo-200x112.png 200w, https:\/\/www.bccservices.com\/hr\/wp-content\/uploads\/2021\/03\/Lenovo-400x224.png 400w, https:\/\/www.bccservices.com\/hr\/wp-content\/uploads\/2021\/03\/Lenovo-600x335.png 600w, https:\/\/www.bccservices.com\/hr\/wp-content\/uploads\/2021\/03\/Lenovo.png 644w\" sizes=\"(max-width: 960px) 100vw, 644px\" \/><\/span><\/div><div class=\"fusion-sep-clear\"><\/div><div class=\"fusion-separator fusion-no-small-visibility fusion-full-width-sep\" style=\"margin-left: auto;margin-right: auto;margin-top:25px;width:100%;\"><\/div><div class=\"fusion-sep-clear\"><\/div><div class=\"fusion-text fusion-text-2\"><p><strong>Za\u0161to izabrati Lenovo?<\/strong><\/p>\n<ul>\n<li>Brz \u2013 prvi u usporuci novih produkata, vrijeme odziva od 2 sata, 158 svjetskih rekorda u testiranju performansi, peti po redu svjetski lanac opskrbe u visokoj tehnologiji<\/li>\n<li>Fleksibilan \u2013 omogu\u0107uje isporuku rje\u0161enja korisnicima na na\u010din koji \u017eele \u2013 potpuno integrirano rje\u0161enje koje zadovoljava potrebe korisnika, sustavi su dizajnirani tako da koriste zajedni\u010dke dijelove koji omogu\u0107uju jednostavniju zamjenu, popravak i nadogradnju<\/li>\n<li>Pouzdan \u2013 najbolji u klasi po pouzdanosti \u2013 Lenovo x86 serveri \u0161esti puta za redom osvajaju prvo mjesto po pouzdanosti<\/li>\n<li>Siguran \u2013 Jedan od najsigurnijih lanaca opskrbe u svijetu, ula\u017ee mnogo u sigurnosne treninge, alati i procjene sigurnosti sustava<\/li>\n<\/ul>\n<p>BCC Services je Lenovo Gold partner u DCG (Data Center Group) segmentu.<\/p>\n<\/div><div class=\"fusion-clearfix\"><\/div><\/div><\/div><\/div><\/div><div class=\"fusion-fullwidth fullwidth-box fusion-builder-row-3 nonhundred-percent-fullwidth non-hundred-percent-height-scrolling\" style=\"--awb-border-radius-top-left:0px;--awb-border-radius-top-right:0px;--awb-border-radius-bottom-right:0px;--awb-border-radius-bottom-left:0px;--awb-flex-wrap:wrap;\" ><div class=\"fusion-builder-row fusion-row\"><div class=\"fusion-layout-column fusion_builder_column fusion-builder-column-2 fusion_builder_column_1_1 1_1 fusion-one-full fusion-column-first fusion-column-last\" style=\"--awb-bg-size:cover;\"><div class=\"fusion-column-wrapper fusion-column-has-shadow fusion-flex-column-wrapper-legacy\"><div class=\"fusion-sep-clear\"><\/div><div class=\"fusion-separator fusion-no-small-visibility fusion-full-width-sep\" style=\"margin-left: auto;margin-right: auto;margin-top:25px;width:100%;\"><\/div><div class=\"fusion-sep-clear\"><\/div><div class=\"fusion-clearfix\"><\/div><\/div><\/div><\/div><\/div><\/p>\n","protected":false},"excerpt":{"rendered":"","protected":false},"author":1,"featured_media":0,"parent":1551,"menu_order":0,"comment_status":"closed","ping_status":"closed","template":"","meta":{"footnotes":""},"class_list":["post-2066","page","type-page","status-publish","hentry"],"yoast_head":"<!-- This site is optimized with the Yoast SEO plugin v25.6 - https:\/\/yoast.com\/wordpress\/plugins\/seo\/ -->\r\n<title>Lenovo - BCC Services<\/title>\r\n<meta name=\"robots\" content=\"index, follow, max-snippet:-1, max-image-preview:large, max-video-preview:-1\" \/>\r\n<link rel=\"canonical\" href=\"https:\/\/www.bccservices.com\/hr\/infrastrukturna-rjesenja\/tehnoloski-partneri\/lenovo\/\" \/>\r\n<meta property=\"og:locale\" content=\"hr_HR\" \/>\r\n<meta property=\"og:type\" content=\"article\" \/>\r\n<meta property=\"og:title\" content=\"Lenovo - BCC Services\" \/>\r\n<meta property=\"og:url\" content=\"https:\/\/www.bccservices.com\/hr\/infrastrukturna-rjesenja\/tehnoloski-partneri\/lenovo\/\" \/>\r\n<meta property=\"og:site_name\" content=\"BCC Services\" \/>\r\n<meta property=\"article:publisher\" content=\"https:\/\/www.facebook.com\/BCCServiceshr\/\" \/>\r\n<meta property=\"article:modified_time\" content=\"2021-03-09T08:41:53+00:00\" \/>\r\n<meta name=\"twitter:card\" content=\"summary_large_image\" \/>\r\n<meta name=\"twitter:label1\" content=\"Procijenjeno vrijeme \u010ditanja\" \/>\n\t<meta name=\"twitter:data1\" content=\"7 minuta\" \/>\r\n<script type=\"application\/ld+json\" class=\"yoast-schema-graph\">{\"@context\":\"https:\/\/schema.org\",\"@graph\":[{\"@type\":\"WebPage\",\"@id\":\"https:\/\/www.bccservices.com\/hr\/infrastrukturna-rjesenja\/tehnoloski-partneri\/lenovo\/\",\"url\":\"https:\/\/www.bccservices.com\/hr\/infrastrukturna-rjesenja\/tehnoloski-partneri\/lenovo\/\",\"name\":\"Lenovo - BCC Services\",\"isPartOf\":{\"@id\":\"https:\/\/www.bccservices.com\/hr\/#website\"},\"datePublished\":\"2021-02-11T10:30:58+00:00\",\"dateModified\":\"2021-03-09T08:41:53+00:00\",\"breadcrumb\":{\"@id\":\"https:\/\/www.bccservices.com\/hr\/infrastrukturna-rjesenja\/tehnoloski-partneri\/lenovo\/#breadcrumb\"},\"inLanguage\":\"hr\",\"potentialAction\":[{\"@type\":\"ReadAction\",\"target\":[\"https:\/\/www.bccservices.com\/hr\/infrastrukturna-rjesenja\/tehnoloski-partneri\/lenovo\/\"]}]},{\"@type\":\"BreadcrumbList\",\"@id\":\"https:\/\/www.bccservices.com\/hr\/infrastrukturna-rjesenja\/tehnoloski-partneri\/lenovo\/#breadcrumb\",\"itemListElement\":[{\"@type\":\"ListItem\",\"position\":1,\"name\":\"Home\",\"item\":\"https:\/\/www.bccservices.com\/hr\/\"},{\"@type\":\"ListItem\",\"position\":2,\"name\":\"Infrastrukturna rje\u0161enja\",\"item\":\"https:\/\/www.bccservices.com\/hr\/infrastrukturna-rjesenja\/\"},{\"@type\":\"ListItem\",\"position\":3,\"name\":\"Tehnolo\u0161ki partneri\",\"item\":\"https:\/\/www.bccservices.com\/hr\/infrastrukturna-rjesenja\/tehnoloski-partneri\/\"},{\"@type\":\"ListItem\",\"position\":4,\"name\":\"Lenovo\"}]},{\"@type\":\"WebSite\",\"@id\":\"https:\/\/www.bccservices.com\/hr\/#website\",\"url\":\"https:\/\/www.bccservices.com\/hr\/\",\"name\":\"BCC Services\",\"description\":\"\",\"publisher\":{\"@id\":\"https:\/\/www.bccservices.com\/hr\/#organization\"},\"potentialAction\":[{\"@type\":\"SearchAction\",\"target\":{\"@type\":\"EntryPoint\",\"urlTemplate\":\"https:\/\/www.bccservices.com\/hr\/?s={search_term_string}\"},\"query-input\":{\"@type\":\"PropertyValueSpecification\",\"valueRequired\":true,\"valueName\":\"search_term_string\"}}],\"inLanguage\":\"hr\"},{\"@type\":\"Organization\",\"@id\":\"https:\/\/www.bccservices.com\/hr\/#organization\",\"name\":\"BCC Services\",\"url\":\"https:\/\/www.bccservices.com\/hr\/\",\"logo\":{\"@type\":\"ImageObject\",\"inLanguage\":\"hr\",\"@id\":\"https:\/\/www.bccservices.com\/hr\/#\/schema\/logo\/image\/\",\"url\":\"http:\/\/172.19.41.139\/hr\/wp-content\/uploads\/2022\/05\/BCC-Services_square-01.png\",\"contentUrl\":\"http:\/\/172.19.41.139\/hr\/wp-content\/uploads\/2022\/05\/BCC-Services_square-01.png\",\"width\":354,\"height\":354,\"caption\":\"BCC Services\"},\"image\":{\"@id\":\"https:\/\/www.bccservices.com\/hr\/#\/schema\/logo\/image\/\"},\"sameAs\":[\"https:\/\/www.facebook.com\/BCCServiceshr\/\"]}]}<\/script>\r\n<!-- \/ Yoast SEO plugin. -->","yoast_head_json":{"title":"Lenovo - BCC Services","robots":{"index":"index","follow":"follow","max-snippet":"max-snippet:-1","max-image-preview":"max-image-preview:large","max-video-preview":"max-video-preview:-1"},"canonical":"https:\/\/www.bccservices.com\/hr\/infrastrukturna-rjesenja\/tehnoloski-partneri\/lenovo\/","og_locale":"hr_HR","og_type":"article","og_title":"Lenovo - BCC Services","og_url":"https:\/\/www.bccservices.com\/hr\/infrastrukturna-rjesenja\/tehnoloski-partneri\/lenovo\/","og_site_name":"BCC Services","article_publisher":"https:\/\/www.facebook.com\/BCCServiceshr\/","article_modified_time":"2021-03-09T08:41:53+00:00","twitter_card":"summary_large_image","twitter_misc":{"Procijenjeno vrijeme \u010ditanja":"7 minuta"},"schema":{"@context":"https:\/\/schema.org","@graph":[{"@type":"WebPage","@id":"https:\/\/www.bccservices.com\/hr\/infrastrukturna-rjesenja\/tehnoloski-partneri\/lenovo\/","url":"https:\/\/www.bccservices.com\/hr\/infrastrukturna-rjesenja\/tehnoloski-partneri\/lenovo\/","name":"Lenovo - BCC Services","isPartOf":{"@id":"https:\/\/www.bccservices.com\/hr\/#website"},"datePublished":"2021-02-11T10:30:58+00:00","dateModified":"2021-03-09T08:41:53+00:00","breadcrumb":{"@id":"https:\/\/www.bccservices.com\/hr\/infrastrukturna-rjesenja\/tehnoloski-partneri\/lenovo\/#breadcrumb"},"inLanguage":"hr","potentialAction":[{"@type":"ReadAction","target":["https:\/\/www.bccservices.com\/hr\/infrastrukturna-rjesenja\/tehnoloski-partneri\/lenovo\/"]}]},{"@type":"BreadcrumbList","@id":"https:\/\/www.bccservices.com\/hr\/infrastrukturna-rjesenja\/tehnoloski-partneri\/lenovo\/#breadcrumb","itemListElement":[{"@type":"ListItem","position":1,"name":"Home","item":"https:\/\/www.bccservices.com\/hr\/"},{"@type":"ListItem","position":2,"name":"Infrastrukturna rje\u0161enja","item":"https:\/\/www.bccservices.com\/hr\/infrastrukturna-rjesenja\/"},{"@type":"ListItem","position":3,"name":"Tehnolo\u0161ki partneri","item":"https:\/\/www.bccservices.com\/hr\/infrastrukturna-rjesenja\/tehnoloski-partneri\/"},{"@type":"ListItem","position":4,"name":"Lenovo"}]},{"@type":"WebSite","@id":"https:\/\/www.bccservices.com\/hr\/#website","url":"https:\/\/www.bccservices.com\/hr\/","name":"BCC Services","description":"","publisher":{"@id":"https:\/\/www.bccservices.com\/hr\/#organization"},"potentialAction":[{"@type":"SearchAction","target":{"@type":"EntryPoint","urlTemplate":"https:\/\/www.bccservices.com\/hr\/?s={search_term_string}"},"query-input":{"@type":"PropertyValueSpecification","valueRequired":true,"valueName":"search_term_string"}}],"inLanguage":"hr"},{"@type":"Organization","@id":"https:\/\/www.bccservices.com\/hr\/#organization","name":"BCC Services","url":"https:\/\/www.bccservices.com\/hr\/","logo":{"@type":"ImageObject","inLanguage":"hr","@id":"https:\/\/www.bccservices.com\/hr\/#\/schema\/logo\/image\/","url":"http:\/\/172.19.41.139\/hr\/wp-content\/uploads\/2022\/05\/BCC-Services_square-01.png","contentUrl":"http:\/\/172.19.41.139\/hr\/wp-content\/uploads\/2022\/05\/BCC-Services_square-01.png","width":354,"height":354,"caption":"BCC Services"},"image":{"@id":"https:\/\/www.bccservices.com\/hr\/#\/schema\/logo\/image\/"},"sameAs":["https:\/\/www.facebook.com\/BCCServiceshr\/"]}]}},"_links":{"self":[{"href":"https:\/\/www.bccservices.com\/hr\/wp-json\/wp\/v2\/pages\/2066"}],"collection":[{"href":"https:\/\/www.bccservices.com\/hr\/wp-json\/wp\/v2\/pages"}],"about":[{"href":"https:\/\/www.bccservices.com\/hr\/wp-json\/wp\/v2\/types\/page"}],"author":[{"embeddable":true,"href":"https:\/\/www.bccservices.com\/hr\/wp-json\/wp\/v2\/users\/1"}],"replies":[{"embeddable":true,"href":"https:\/\/www.bccservices.com\/hr\/wp-json\/wp\/v2\/comments?post=2066"}],"version-history":[{"count":0,"href":"https:\/\/www.bccservices.com\/hr\/wp-json\/wp\/v2\/pages\/2066\/revisions"}],"up":[{"embeddable":true,"href":"https:\/\/www.bccservices.com\/hr\/wp-json\/wp\/v2\/pages\/1551"}],"wp:attachment":[{"href":"https:\/\/www.bccservices.com\/hr\/wp-json\/wp\/v2\/media?parent=2066"}],"curies":[{"name":"wp","href":"https:\/\/api.w.org\/{rel}","templated":true}]}}