{"id":2058,"date":"2021-02-11T10:29:00","date_gmt":"2021-02-11T10:29:00","guid":{"rendered":"http:\/\/172.19.41.139\/hr\/?page_id=2058"},"modified":"2023-04-05T13:51:23","modified_gmt":"2023-04-05T11:51:23","slug":"fujitsu","status":"publish","type":"page","link":"https:\/\/www.bccservices.com\/hr\/infrastrukturna-rjesenja\/tehnoloski-partneri\/fujitsu\/","title":{"rendered":"Fujitsu"},"content":{"rendered":"<p><div class=\"fusion-fullwidth fullwidth-box fusion-builder-row-1 nonhundred-percent-fullwidth non-hundred-percent-height-scrolling\" style=\"--awb-border-radius-top-left:0px;--awb-border-radius-top-right:0px;--awb-border-radius-bottom-right:0px;--awb-border-radius-bottom-left:0px;--awb-flex-wrap:wrap;\" ><div class=\"fusion-builder-row fusion-row\"><div class=\"fusion-layout-column fusion_builder_column fusion-builder-column-0 fusion_builder_column_1_1 1_1 fusion-one-full fusion-column-first fusion-column-last\" style=\"--awb-bg-size:cover;\"><div class=\"fusion-column-wrapper fusion-flex-column-wrapper-legacy\"><div class=\"fusion-clearfix\"><\/div><\/div><\/div><\/div><\/div><div class=\"fusion-fullwidth fullwidth-box fusion-builder-row-2 nonhundred-percent-fullwidth non-hundred-percent-height-scrolling\" style=\"--awb-border-radius-top-left:0px;--awb-border-radius-top-right:0px;--awb-border-radius-bottom-right:0px;--awb-border-radius-bottom-left:0px;--awb-flex-wrap:wrap;\" ><div class=\"fusion-builder-row fusion-row\"><div class=\"fusion-layout-column fusion_builder_column fusion-builder-column-1 fusion_builder_column_1_1 1_1 fusion-one-full fusion-column-first fusion-column-last\" style=\"--awb-bg-size:cover;\"><div class=\"fusion-column-wrapper fusion-column-has-shadow fusion-flex-column-wrapper-legacy\"><div class=\"fusion-text fusion-text-1\"><p><strong>Fujitsu \u2013 <\/strong>najve\u0107a japanska kompanije i peti svjetski dobavlja\u010d rje\u0161enja baziranih na informacijskom tehnologijom sa preko 159.000 zaposlenih u vi\u0161e od 100 zemalja \u0161irom svijeta.<\/p>\n<p>Fujitsu ima strate\u0161ko partnerstvo s NetApp-om budu\u0107i dijele istu filozofiju vezanu za sustave za pohranu podataka: osnova je u skalabilnosti za mogu\u0107nost jednostavne i bezbolne nadogradnje na \u201eja\u010de sustave\u201c, odnosno rast prilago\u0111en potrebama korisnika.<\/p>\n<p><strong style=\"color: rgb(55, 68, 68);\"><u>Za\u0161to izabrati Fujitsu?<\/u><\/strong><\/p>\n<ul>\n<li><span style=\"color: rgb(55, 68, 68);\"><u>Partner pionir za SAP HANA i partner \u201cHasso Plattner Institue (HPI) s iskustvom ste\u010denim u implementaciji nekoliko stotina SAP HANA rje\u0161enja kod korisnika<\/u><\/span><\/li>\n<li><span style=\"color: rgb(55, 68, 68);\"><u>Fujitsu globalni SAP HANA demo centar omogu\u0107uje korisnicima pregled poslovnih vrijednosti SAP HANA rje\u0161enja prilago\u0111enih njihovim poslovnim potrebama<\/u><\/span><\/li>\n<li><span style=\"color: rgb(55, 68, 68);\"><u>Puna podr\u0161ka pristupu integracije SAP prilago\u0111enog centra podataka kako bi bio u skladu s pojedina\u010dnim zahtjevima i strategijama za storage<\/u><\/span><\/li>\n<li><span style=\"color: rgb(55, 68, 68);\"><u>\u0160irok Fujitsu portfolio koji obuhva\u0107a \u201cManager Services, Hosting i Fujitsu oblak za SAP rje\u0161enja\u201d i jedinstveno \u201cIntegrated System PRIMEFLEX for SAP\u201d rje\u0161enje koje daje ve\u0107u fleksibilnosti i efikasnost<\/u><\/span><\/li>\n<\/ul>\n<p><strong>BCC Services je Fujitsu Select Partner s kompetencijama:<\/strong><\/p>\n<\/div><ul style=\"--awb-size:16px;--awb-iconcolor:#fb0000;--awb-line-height:27.2px;--awb-icon-width:27.2px;--awb-icon-height:27.2px;--awb-icon-margin:11.2px;--awb-content-margin:38.4px;\" class=\"fusion-checklist fusion-checklist-1 fusion-checklist-default type-icons\"><li class=\"fusion-li-item\" style=\"\"><span class=\"icon-wrapper circle-no\"><i class=\"fusion-li-icon fa-angle-double-right fas\" aria-hidden=\"true\"><\/i><\/span><div class=\"fusion-li-item-content\">\n<p>Select Expert Data Management<\/p>\n<\/div><\/li><li class=\"fusion-li-item\" style=\"\"><span class=\"icon-wrapper circle-no\"><i class=\"fusion-li-icon fa-angle-double-right fas\" aria-hidden=\"true\"><\/i><\/span><div class=\"fusion-li-item-content\">\n<p>Select Expert Data Protection<\/p>\n<\/div><\/li><li class=\"fusion-li-item\" style=\"\"><span class=\"icon-wrapper circle-no\"><i class=\"fusion-li-icon fa-angle-double-right fas\" aria-hidden=\"true\"><\/i><\/span><div class=\"fusion-li-item-content\">\n<p>Select Expert Mission Critical Computing<\/p>\n<\/div><\/li><li class=\"fusion-li-item\" style=\"\"><span class=\"icon-wrapper circle-no\"><i class=\"fusion-li-icon fa-angle-double-right fas\" aria-hidden=\"true\"><\/i><\/span><div class=\"fusion-li-item-content\">\n<p>Select Expert Hybrid Cloud<\/p>\n<\/div><\/li><li class=\"fusion-li-item\" style=\"\"><span class=\"icon-wrapper circle-no\"><i class=\"fusion-li-icon fa-angle-double-right fas\" aria-hidden=\"true\"><\/i><\/span><div class=\"fusion-li-item-content\">\n<p>Select Expert Integrated Systems<\/p>\n<\/div><\/li><li class=\"fusion-li-item\" style=\"\"><span class=\"icon-wrapper circle-no\"><i class=\"fusion-li-icon fa-angle-double-right fas\" aria-hidden=\"true\"><\/i><\/span><div class=\"fusion-li-item-content\">\n<p>Select Expert Mobility Solutions<\/p>\n<\/div><\/li><li class=\"fusion-li-item\" style=\"\"><span class=\"icon-wrapper circle-no\"><i class=\"fusion-li-icon fa-angle-double-right fas\" aria-hidden=\"true\"><\/i><\/span><div class=\"fusion-li-item-content\">\n<p>Select Expert Virtual Client Computing<\/p>\n<\/div><\/li><li class=\"fusion-li-item\" style=\"\"><span class=\"icon-wrapper circle-no\"><i class=\"fusion-li-icon fa-angle-double-right fas\" aria-hidden=\"true\"><\/i><\/span><div class=\"fusion-li-item-content\">\n<p>Select Expert Advanced Client Solutions<\/p>\n<\/div><\/li><li class=\"fusion-li-item\" style=\"\"><span class=\"icon-wrapper circle-no\"><i class=\"fusion-li-icon fa-angle-double-right fas\" aria-hidden=\"true\"><\/i><\/span><div class=\"fusion-li-item-content\">\n<p>Select Expert Workstations<\/p>\n<\/div><\/li><li class=\"fusion-li-item\" style=\"\"><span class=\"icon-wrapper circle-no\"><i class=\"fusion-li-icon fa-angle-double-right fas\" aria-hidden=\"true\"><\/i><\/span><div class=\"fusion-li-item-content\">\n<p>Select Expert Servers<\/p>\n<\/div><\/li><\/ul><div class=\"fusion-clearfix\"><\/div><\/div><\/div><\/div><\/div><div class=\"fusion-fullwidth fullwidth-box fusion-builder-row-3 nonhundred-percent-fullwidth non-hundred-percent-height-scrolling\" style=\"--awb-border-radius-top-left:0px;--awb-border-radius-top-right:0px;--awb-border-radius-bottom-right:0px;--awb-border-radius-bottom-left:0px;--awb-flex-wrap:wrap;\" ><div class=\"fusion-builder-row fusion-row\"><div class=\"fusion-layout-column fusion_builder_column fusion-builder-column-2 fusion_builder_column_1_1 1_1 fusion-one-full fusion-column-first fusion-column-last\" style=\"--awb-bg-size:cover;\"><div class=\"fusion-column-wrapper fusion-column-has-shadow fusion-flex-column-wrapper-legacy\"><div class=\"fusion-sep-clear\"><\/div><div class=\"fusion-separator fusion-no-small-visibility fusion-full-width-sep\" style=\"margin-left: auto;margin-right: auto;margin-top:25px;width:100%;\"><\/div><div class=\"fusion-sep-clear\"><\/div><div class=\"fusion-clearfix\"><\/div><\/div><\/div><\/div><\/div><\/p>\n","protected":false},"excerpt":{"rendered":"","protected":false},"author":1,"featured_media":0,"parent":1551,"menu_order":0,"comment_status":"closed","ping_status":"closed","template":"","meta":{"footnotes":""},"class_list":["post-2058","page","type-page","status-publish","hentry"],"yoast_head":"<!-- This site is optimized with the Yoast SEO plugin v25.6 - https:\/\/yoast.com\/wordpress\/plugins\/seo\/ -->\r\n<title>Fujitsu - BCC Services<\/title>\r\n<meta name=\"robots\" content=\"index, follow, max-snippet:-1, max-image-preview:large, max-video-preview:-1\" \/>\r\n<link rel=\"canonical\" href=\"https:\/\/www.bccservices.com\/hr\/infrastrukturna-rjesenja\/tehnoloski-partneri\/fujitsu\/\" \/>\r\n<meta property=\"og:locale\" content=\"hr_HR\" \/>\r\n<meta property=\"og:type\" content=\"article\" \/>\r\n<meta property=\"og:title\" content=\"Fujitsu - BCC Services\" \/>\r\n<meta property=\"og:url\" content=\"https:\/\/www.bccservices.com\/hr\/infrastrukturna-rjesenja\/tehnoloski-partneri\/fujitsu\/\" \/>\r\n<meta property=\"og:site_name\" content=\"BCC Services\" \/>\r\n<meta property=\"article:publisher\" content=\"https:\/\/www.facebook.com\/BCCServiceshr\/\" \/>\r\n<meta property=\"article:modified_time\" content=\"2023-04-05T11:51:23+00:00\" \/>\r\n<meta name=\"twitter:card\" content=\"summary_large_image\" \/>\r\n<meta name=\"twitter:label1\" content=\"Procijenjeno vrijeme \u010ditanja\" \/>\n\t<meta name=\"twitter:data1\" content=\"5 minuta\" \/>\r\n<script type=\"application\/ld+json\" class=\"yoast-schema-graph\">{\"@context\":\"https:\/\/schema.org\",\"@graph\":[{\"@type\":\"WebPage\",\"@id\":\"https:\/\/www.bccservices.com\/hr\/infrastrukturna-rjesenja\/tehnoloski-partneri\/fujitsu\/\",\"url\":\"https:\/\/www.bccservices.com\/hr\/infrastrukturna-rjesenja\/tehnoloski-partneri\/fujitsu\/\",\"name\":\"Fujitsu - BCC Services\",\"isPartOf\":{\"@id\":\"https:\/\/www.bccservices.com\/hr\/#website\"},\"datePublished\":\"2021-02-11T10:29:00+00:00\",\"dateModified\":\"2023-04-05T11:51:23+00:00\",\"breadcrumb\":{\"@id\":\"https:\/\/www.bccservices.com\/hr\/infrastrukturna-rjesenja\/tehnoloski-partneri\/fujitsu\/#breadcrumb\"},\"inLanguage\":\"hr\",\"potentialAction\":[{\"@type\":\"ReadAction\",\"target\":[\"https:\/\/www.bccservices.com\/hr\/infrastrukturna-rjesenja\/tehnoloski-partneri\/fujitsu\/\"]}]},{\"@type\":\"BreadcrumbList\",\"@id\":\"https:\/\/www.bccservices.com\/hr\/infrastrukturna-rjesenja\/tehnoloski-partneri\/fujitsu\/#breadcrumb\",\"itemListElement\":[{\"@type\":\"ListItem\",\"position\":1,\"name\":\"Home\",\"item\":\"https:\/\/www.bccservices.com\/hr\/\"},{\"@type\":\"ListItem\",\"position\":2,\"name\":\"Infrastrukturna rje\u0161enja\",\"item\":\"https:\/\/www.bccservices.com\/hr\/infrastrukturna-rjesenja\/\"},{\"@type\":\"ListItem\",\"position\":3,\"name\":\"Tehnolo\u0161ki partneri\",\"item\":\"https:\/\/www.bccservices.com\/hr\/infrastrukturna-rjesenja\/tehnoloski-partneri\/\"},{\"@type\":\"ListItem\",\"position\":4,\"name\":\"Fujitsu\"}]},{\"@type\":\"WebSite\",\"@id\":\"https:\/\/www.bccservices.com\/hr\/#website\",\"url\":\"https:\/\/www.bccservices.com\/hr\/\",\"name\":\"BCC Services\",\"description\":\"\",\"publisher\":{\"@id\":\"https:\/\/www.bccservices.com\/hr\/#organization\"},\"potentialAction\":[{\"@type\":\"SearchAction\",\"target\":{\"@type\":\"EntryPoint\",\"urlTemplate\":\"https:\/\/www.bccservices.com\/hr\/?s={search_term_string}\"},\"query-input\":{\"@type\":\"PropertyValueSpecification\",\"valueRequired\":true,\"valueName\":\"search_term_string\"}}],\"inLanguage\":\"hr\"},{\"@type\":\"Organization\",\"@id\":\"https:\/\/www.bccservices.com\/hr\/#organization\",\"name\":\"BCC Services\",\"url\":\"https:\/\/www.bccservices.com\/hr\/\",\"logo\":{\"@type\":\"ImageObject\",\"inLanguage\":\"hr\",\"@id\":\"https:\/\/www.bccservices.com\/hr\/#\/schema\/logo\/image\/\",\"url\":\"http:\/\/172.19.41.139\/hr\/wp-content\/uploads\/2022\/05\/BCC-Services_square-01.png\",\"contentUrl\":\"http:\/\/172.19.41.139\/hr\/wp-content\/uploads\/2022\/05\/BCC-Services_square-01.png\",\"width\":354,\"height\":354,\"caption\":\"BCC Services\"},\"image\":{\"@id\":\"https:\/\/www.bccservices.com\/hr\/#\/schema\/logo\/image\/\"},\"sameAs\":[\"https:\/\/www.facebook.com\/BCCServiceshr\/\"]}]}<\/script>\r\n<!-- \/ Yoast SEO plugin. -->","yoast_head_json":{"title":"Fujitsu - BCC Services","robots":{"index":"index","follow":"follow","max-snippet":"max-snippet:-1","max-image-preview":"max-image-preview:large","max-video-preview":"max-video-preview:-1"},"canonical":"https:\/\/www.bccservices.com\/hr\/infrastrukturna-rjesenja\/tehnoloski-partneri\/fujitsu\/","og_locale":"hr_HR","og_type":"article","og_title":"Fujitsu - BCC Services","og_url":"https:\/\/www.bccservices.com\/hr\/infrastrukturna-rjesenja\/tehnoloski-partneri\/fujitsu\/","og_site_name":"BCC Services","article_publisher":"https:\/\/www.facebook.com\/BCCServiceshr\/","article_modified_time":"2023-04-05T11:51:23+00:00","twitter_card":"summary_large_image","twitter_misc":{"Procijenjeno vrijeme \u010ditanja":"5 minuta"},"schema":{"@context":"https:\/\/schema.org","@graph":[{"@type":"WebPage","@id":"https:\/\/www.bccservices.com\/hr\/infrastrukturna-rjesenja\/tehnoloski-partneri\/fujitsu\/","url":"https:\/\/www.bccservices.com\/hr\/infrastrukturna-rjesenja\/tehnoloski-partneri\/fujitsu\/","name":"Fujitsu - BCC Services","isPartOf":{"@id":"https:\/\/www.bccservices.com\/hr\/#website"},"datePublished":"2021-02-11T10:29:00+00:00","dateModified":"2023-04-05T11:51:23+00:00","breadcrumb":{"@id":"https:\/\/www.bccservices.com\/hr\/infrastrukturna-rjesenja\/tehnoloski-partneri\/fujitsu\/#breadcrumb"},"inLanguage":"hr","potentialAction":[{"@type":"ReadAction","target":["https:\/\/www.bccservices.com\/hr\/infrastrukturna-rjesenja\/tehnoloski-partneri\/fujitsu\/"]}]},{"@type":"BreadcrumbList","@id":"https:\/\/www.bccservices.com\/hr\/infrastrukturna-rjesenja\/tehnoloski-partneri\/fujitsu\/#breadcrumb","itemListElement":[{"@type":"ListItem","position":1,"name":"Home","item":"https:\/\/www.bccservices.com\/hr\/"},{"@type":"ListItem","position":2,"name":"Infrastrukturna rje\u0161enja","item":"https:\/\/www.bccservices.com\/hr\/infrastrukturna-rjesenja\/"},{"@type":"ListItem","position":3,"name":"Tehnolo\u0161ki partneri","item":"https:\/\/www.bccservices.com\/hr\/infrastrukturna-rjesenja\/tehnoloski-partneri\/"},{"@type":"ListItem","position":4,"name":"Fujitsu"}]},{"@type":"WebSite","@id":"https:\/\/www.bccservices.com\/hr\/#website","url":"https:\/\/www.bccservices.com\/hr\/","name":"BCC Services","description":"","publisher":{"@id":"https:\/\/www.bccservices.com\/hr\/#organization"},"potentialAction":[{"@type":"SearchAction","target":{"@type":"EntryPoint","urlTemplate":"https:\/\/www.bccservices.com\/hr\/?s={search_term_string}"},"query-input":{"@type":"PropertyValueSpecification","valueRequired":true,"valueName":"search_term_string"}}],"inLanguage":"hr"},{"@type":"Organization","@id":"https:\/\/www.bccservices.com\/hr\/#organization","name":"BCC Services","url":"https:\/\/www.bccservices.com\/hr\/","logo":{"@type":"ImageObject","inLanguage":"hr","@id":"https:\/\/www.bccservices.com\/hr\/#\/schema\/logo\/image\/","url":"http:\/\/172.19.41.139\/hr\/wp-content\/uploads\/2022\/05\/BCC-Services_square-01.png","contentUrl":"http:\/\/172.19.41.139\/hr\/wp-content\/uploads\/2022\/05\/BCC-Services_square-01.png","width":354,"height":354,"caption":"BCC Services"},"image":{"@id":"https:\/\/www.bccservices.com\/hr\/#\/schema\/logo\/image\/"},"sameAs":["https:\/\/www.facebook.com\/BCCServiceshr\/"]}]}},"_links":{"self":[{"href":"https:\/\/www.bccservices.com\/hr\/wp-json\/wp\/v2\/pages\/2058"}],"collection":[{"href":"https:\/\/www.bccservices.com\/hr\/wp-json\/wp\/v2\/pages"}],"about":[{"href":"https:\/\/www.bccservices.com\/hr\/wp-json\/wp\/v2\/types\/page"}],"author":[{"embeddable":true,"href":"https:\/\/www.bccservices.com\/hr\/wp-json\/wp\/v2\/users\/1"}],"replies":[{"embeddable":true,"href":"https:\/\/www.bccservices.com\/hr\/wp-json\/wp\/v2\/comments?post=2058"}],"version-history":[{"count":1,"href":"https:\/\/www.bccservices.com\/hr\/wp-json\/wp\/v2\/pages\/2058\/revisions"}],"predecessor-version":[{"id":5722,"href":"https:\/\/www.bccservices.com\/hr\/wp-json\/wp\/v2\/pages\/2058\/revisions\/5722"}],"up":[{"embeddable":true,"href":"https:\/\/www.bccservices.com\/hr\/wp-json\/wp\/v2\/pages\/1551"}],"wp:attachment":[{"href":"https:\/\/www.bccservices.com\/hr\/wp-json\/wp\/v2\/media?parent=2058"}],"curies":[{"name":"wp","href":"https:\/\/api.w.org\/{rel}","templated":true}]}}