{"id":1922,"date":"2021-01-28T12:35:54","date_gmt":"2021-01-28T12:35:54","guid":{"rendered":"http:\/\/172.19.41.139\/hr\/?page_id=1922"},"modified":"2023-12-28T13:43:16","modified_gmt":"2023-12-28T12:43:16","slug":"digitalna-transformacija","status":"publish","type":"page","link":"https:\/\/www.bccservices.com\/hr\/softverska-rjesenja\/portfolio\/digitalna-transformacija\/","title":{"rendered":"Digitalna Transformacija"},"content":{"rendered":"<div class=\"fusion-fullwidth fullwidth-box fusion-builder-row-1 nonhundred-percent-fullwidth non-hundred-percent-height-scrolling\" style=\"--awb-border-radius-top-left:0px;--awb-border-radius-top-right:0px;--awb-border-radius-bottom-right:0px;--awb-border-radius-bottom-left:0px;--awb-flex-wrap:wrap;\" ><div class=\"fusion-builder-row fusion-row\"><div class=\"fusion-layout-column fusion_builder_column fusion-builder-column-0 fusion_builder_column_1_1 1_1 fusion-one-full fusion-column-first fusion-column-last\" style=\"--awb-bg-size:cover;\"><div class=\"fusion-column-wrapper fusion-column-has-shadow fusion-flex-column-wrapper-legacy\"><nav class=\"fusion-breadcrumbs awb-yoast-breadcrumbs fusion-breadcrumbs-1\" style=\"--awb-margin-bottom:15px;--awb-breadcrumb-sep:&#039;\/&#039;;\" aria-label=\"Breadcrumb\"><ol class=\"awb-breadcrumb-list\"><li class=\"fusion-breadcrumb-item awb-breadcrumb-sep\" ><a href=\"https:\/\/www.bccservices.com\/hr\" class=\"fusion-breadcrumb-link\"><span >Po\u010detna<\/span><\/a><\/li><\/ol><\/nav>\n<div class=\"fusion-clearfix\"><\/div><\/div><\/div><div class=\"fusion-layout-column fusion_builder_column fusion-builder-column-1 fusion_builder_column_1_1 1_1 fusion-one-full fusion-column-first fusion-column-last\" style=\"--awb-bg-size:cover;\"><div class=\"fusion-column-wrapper fusion-column-has-shadow fusion-flex-column-wrapper-legacy\"><div class=\"fusion-text fusion-text-1\"><p><strong>Digitalna transformacija je temeljita promjena u organizaciji i na\u010dinu tradicionalnog poslovanja kori\u0161tenjem digitalnih tehnologija i primjenom novih poslovnih modela s ciljem pobolj\u0161anja performansi organizacije i br\u017ee prilagodbe u okru\u017eenju koje se stalno mijenja.<\/strong><\/p>\n<p>Rezultati digitalne transformacije poslovanja neovisno o tipu korisnika su vi\u0161estruko smanjenje  vremena potrebnog za dono\u0161enje odluka, uz pove\u0107anje motivacija zaposlenika kao i produktivnosti zaposlenika.<\/p>\n<p>Digitalna transformacija primarno usmjerena na prilagodbu usluga, stvaranje inovativnih rje\u0161enja i pojednostavljenje procesa s namjerom da se korisnicima ponude ciljane usluge kroz komunikacijski kanal koji preferiraju. Osnovna zada\u0107a i uloga je prijenos informacija te je to uloga koja se polako transformira kroz druge oblike prijenosa izuzev isklju\u010divo fizi\u010dkog. U cijelom procesu digitalizacije mijenja se i percepcija korisnika.<\/p>\n<p>Pojam \u201edigitalno\u201d za neke tvrtke ozna\u010dava ja\u010danje prepoznatljivosti brenda i povezivanje prodajnog ciklusa kroz kreiranje novih na\u010dina pru\u017eanja njihovih usluga. Za druge, digitalizacija ozna\u010dava nove procese automatizacije pozadinskih procesa i smanjenje papirnih dokumenata, nalaze\u0107i na\u010dine da se automatiziraju radni zadaci i ubrza proces dono\u0161enja odluka u poslovanju.<\/p>\n<p>Izazovi su pritom kako spojiti ta dva pristupa, kako bi se ostvarila sveobuhvatna, odr\u017eiva strategija digitalizacije usmjerena na krajnjeg korisnika.<\/p>\n<p>Ostvarenje takvog cilja udaljava nas od tradicionalnih pogleda na <strong>organizaciju<\/strong> <strong>i optimizaciju procesa<\/strong>, ali nam istovremeno daje \u0161irinu pogleda na korisni\u010dke potrebe i mogu\u0107nosti dana\u0161njih digitalnih tehnologija.<\/p>\n<p>Neovisno o strategiji tvrtke u ostvarivanju digitalne transformacije, uspje\u0161nost le\u017ei u povezivanju promjena kroz organizaciju, upravljanje, tehnologiju i podatke.<\/p>\n<p>Klju\u010d uspje\u0161ne digitalizacije je uvo\u0111enje nove kulture koja vrednuje i pokre\u0107e inovacije i razvija spremnost razli\u010ditih poslovnih funkcija u kori\u0161tenju novih tehnologija.<\/p>\n<p>Iskoriste <b><a href=\"https:\/\/www.bccservices.com\/hr\/iskoristite-vaucere-za-digitalizaciju-vaseg-poslovanja\/\">Vau\u010dere za digitalizaciju<\/a><\/b> kako bi ubrzali proces svoje Digitalne Transformacije.  <\/p><\/p>\n<\/div><div class=\"fusion-clearfix\"><\/div><\/div><\/div><\/div><\/div>\n","protected":false},"excerpt":{"rendered":"","protected":false},"author":1,"featured_media":0,"parent":1338,"menu_order":0,"comment_status":"closed","ping_status":"closed","template":"","meta":{"footnotes":""},"class_list":["post-1922","page","type-page","status-publish","hentry"],"yoast_head":"<!-- This site is optimized with the Yoast SEO plugin v25.6 - https:\/\/yoast.com\/wordpress\/plugins\/seo\/ -->\r\n<title>Digitalna Transformacija - BCC Services<\/title>\r\n<meta name=\"robots\" content=\"index, follow, max-snippet:-1, max-image-preview:large, max-video-preview:-1\" \/>\r\n<link rel=\"canonical\" href=\"https:\/\/www.bccservices.com\/hr\/softverska-rjesenja\/portfolio\/digitalna-transformacija\/\" \/>\r\n<meta property=\"og:locale\" content=\"hr_HR\" \/>\r\n<meta property=\"og:type\" content=\"article\" \/>\r\n<meta property=\"og:title\" content=\"Digitalna Transformacija - BCC Services\" \/>\r\n<meta property=\"og:url\" content=\"https:\/\/www.bccservices.com\/hr\/softverska-rjesenja\/portfolio\/digitalna-transformacija\/\" \/>\r\n<meta property=\"og:site_name\" content=\"BCC Services\" \/>\r\n<meta property=\"article:publisher\" content=\"https:\/\/www.facebook.com\/BCCServiceshr\/\" \/>\r\n<meta property=\"article:modified_time\" content=\"2023-12-28T12:43:16+00:00\" \/>\r\n<meta name=\"twitter:card\" content=\"summary_large_image\" \/>\r\n<meta name=\"twitter:label1\" content=\"Procijenjeno vrijeme \u010ditanja\" \/>\n\t<meta name=\"twitter:data1\" content=\"4 minute\" \/>\r\n<script type=\"application\/ld+json\" class=\"yoast-schema-graph\">{\"@context\":\"https:\/\/schema.org\",\"@graph\":[{\"@type\":\"WebPage\",\"@id\":\"https:\/\/www.bccservices.com\/hr\/softverska-rjesenja\/portfolio\/digitalna-transformacija\/\",\"url\":\"https:\/\/www.bccservices.com\/hr\/softverska-rjesenja\/portfolio\/digitalna-transformacija\/\",\"name\":\"Digitalna Transformacija - BCC Services\",\"isPartOf\":{\"@id\":\"https:\/\/www.bccservices.com\/hr\/#website\"},\"datePublished\":\"2021-01-28T12:35:54+00:00\",\"dateModified\":\"2023-12-28T12:43:16+00:00\",\"breadcrumb\":{\"@id\":\"https:\/\/www.bccservices.com\/hr\/softverska-rjesenja\/portfolio\/digitalna-transformacija\/#breadcrumb\"},\"inLanguage\":\"hr\",\"potentialAction\":[{\"@type\":\"ReadAction\",\"target\":[\"https:\/\/www.bccservices.com\/hr\/softverska-rjesenja\/portfolio\/digitalna-transformacija\/\"]}]},{\"@type\":\"BreadcrumbList\",\"@id\":\"https:\/\/www.bccservices.com\/hr\/softverska-rjesenja\/portfolio\/digitalna-transformacija\/#breadcrumb\",\"itemListElement\":[{\"@type\":\"ListItem\",\"position\":1,\"name\":\"Home\",\"item\":\"https:\/\/www.bccservices.com\/hr\/\"},{\"@type\":\"ListItem\",\"position\":2,\"name\":\"Softverska rje\u0161enja\",\"item\":\"https:\/\/www.bccservices.com\/hr\/softverska-rjesenja\/\"},{\"@type\":\"ListItem\",\"position\":3,\"name\":\"Portfolio\",\"item\":\"https:\/\/www.bccservices.com\/hr\/softverska-rjesenja\/portfolio\/\"},{\"@type\":\"ListItem\",\"position\":4,\"name\":\"Digitalna Transformacija\"}]},{\"@type\":\"WebSite\",\"@id\":\"https:\/\/www.bccservices.com\/hr\/#website\",\"url\":\"https:\/\/www.bccservices.com\/hr\/\",\"name\":\"BCC Services\",\"description\":\"\",\"publisher\":{\"@id\":\"https:\/\/www.bccservices.com\/hr\/#organization\"},\"potentialAction\":[{\"@type\":\"SearchAction\",\"target\":{\"@type\":\"EntryPoint\",\"urlTemplate\":\"https:\/\/www.bccservices.com\/hr\/?s={search_term_string}\"},\"query-input\":{\"@type\":\"PropertyValueSpecification\",\"valueRequired\":true,\"valueName\":\"search_term_string\"}}],\"inLanguage\":\"hr\"},{\"@type\":\"Organization\",\"@id\":\"https:\/\/www.bccservices.com\/hr\/#organization\",\"name\":\"BCC Services\",\"url\":\"https:\/\/www.bccservices.com\/hr\/\",\"logo\":{\"@type\":\"ImageObject\",\"inLanguage\":\"hr\",\"@id\":\"https:\/\/www.bccservices.com\/hr\/#\/schema\/logo\/image\/\",\"url\":\"http:\/\/172.19.41.139\/hr\/wp-content\/uploads\/2022\/05\/BCC-Services_square-01.png\",\"contentUrl\":\"http:\/\/172.19.41.139\/hr\/wp-content\/uploads\/2022\/05\/BCC-Services_square-01.png\",\"width\":354,\"height\":354,\"caption\":\"BCC Services\"},\"image\":{\"@id\":\"https:\/\/www.bccservices.com\/hr\/#\/schema\/logo\/image\/\"},\"sameAs\":[\"https:\/\/www.facebook.com\/BCCServiceshr\/\"]}]}<\/script>\r\n<!-- \/ Yoast SEO plugin. -->","yoast_head_json":{"title":"Digitalna Transformacija - BCC Services","robots":{"index":"index","follow":"follow","max-snippet":"max-snippet:-1","max-image-preview":"max-image-preview:large","max-video-preview":"max-video-preview:-1"},"canonical":"https:\/\/www.bccservices.com\/hr\/softverska-rjesenja\/portfolio\/digitalna-transformacija\/","og_locale":"hr_HR","og_type":"article","og_title":"Digitalna Transformacija - BCC Services","og_url":"https:\/\/www.bccservices.com\/hr\/softverska-rjesenja\/portfolio\/digitalna-transformacija\/","og_site_name":"BCC Services","article_publisher":"https:\/\/www.facebook.com\/BCCServiceshr\/","article_modified_time":"2023-12-28T12:43:16+00:00","twitter_card":"summary_large_image","twitter_misc":{"Procijenjeno vrijeme \u010ditanja":"4 minute"},"schema":{"@context":"https:\/\/schema.org","@graph":[{"@type":"WebPage","@id":"https:\/\/www.bccservices.com\/hr\/softverska-rjesenja\/portfolio\/digitalna-transformacija\/","url":"https:\/\/www.bccservices.com\/hr\/softverska-rjesenja\/portfolio\/digitalna-transformacija\/","name":"Digitalna Transformacija - BCC Services","isPartOf":{"@id":"https:\/\/www.bccservices.com\/hr\/#website"},"datePublished":"2021-01-28T12:35:54+00:00","dateModified":"2023-12-28T12:43:16+00:00","breadcrumb":{"@id":"https:\/\/www.bccservices.com\/hr\/softverska-rjesenja\/portfolio\/digitalna-transformacija\/#breadcrumb"},"inLanguage":"hr","potentialAction":[{"@type":"ReadAction","target":["https:\/\/www.bccservices.com\/hr\/softverska-rjesenja\/portfolio\/digitalna-transformacija\/"]}]},{"@type":"BreadcrumbList","@id":"https:\/\/www.bccservices.com\/hr\/softverska-rjesenja\/portfolio\/digitalna-transformacija\/#breadcrumb","itemListElement":[{"@type":"ListItem","position":1,"name":"Home","item":"https:\/\/www.bccservices.com\/hr\/"},{"@type":"ListItem","position":2,"name":"Softverska rje\u0161enja","item":"https:\/\/www.bccservices.com\/hr\/softverska-rjesenja\/"},{"@type":"ListItem","position":3,"name":"Portfolio","item":"https:\/\/www.bccservices.com\/hr\/softverska-rjesenja\/portfolio\/"},{"@type":"ListItem","position":4,"name":"Digitalna Transformacija"}]},{"@type":"WebSite","@id":"https:\/\/www.bccservices.com\/hr\/#website","url":"https:\/\/www.bccservices.com\/hr\/","name":"BCC Services","description":"","publisher":{"@id":"https:\/\/www.bccservices.com\/hr\/#organization"},"potentialAction":[{"@type":"SearchAction","target":{"@type":"EntryPoint","urlTemplate":"https:\/\/www.bccservices.com\/hr\/?s={search_term_string}"},"query-input":{"@type":"PropertyValueSpecification","valueRequired":true,"valueName":"search_term_string"}}],"inLanguage":"hr"},{"@type":"Organization","@id":"https:\/\/www.bccservices.com\/hr\/#organization","name":"BCC Services","url":"https:\/\/www.bccservices.com\/hr\/","logo":{"@type":"ImageObject","inLanguage":"hr","@id":"https:\/\/www.bccservices.com\/hr\/#\/schema\/logo\/image\/","url":"http:\/\/172.19.41.139\/hr\/wp-content\/uploads\/2022\/05\/BCC-Services_square-01.png","contentUrl":"http:\/\/172.19.41.139\/hr\/wp-content\/uploads\/2022\/05\/BCC-Services_square-01.png","width":354,"height":354,"caption":"BCC Services"},"image":{"@id":"https:\/\/www.bccservices.com\/hr\/#\/schema\/logo\/image\/"},"sameAs":["https:\/\/www.facebook.com\/BCCServiceshr\/"]}]}},"_links":{"self":[{"href":"https:\/\/www.bccservices.com\/hr\/wp-json\/wp\/v2\/pages\/1922"}],"collection":[{"href":"https:\/\/www.bccservices.com\/hr\/wp-json\/wp\/v2\/pages"}],"about":[{"href":"https:\/\/www.bccservices.com\/hr\/wp-json\/wp\/v2\/types\/page"}],"author":[{"embeddable":true,"href":"https:\/\/www.bccservices.com\/hr\/wp-json\/wp\/v2\/users\/1"}],"replies":[{"embeddable":true,"href":"https:\/\/www.bccservices.com\/hr\/wp-json\/wp\/v2\/comments?post=1922"}],"version-history":[{"count":2,"href":"https:\/\/www.bccservices.com\/hr\/wp-json\/wp\/v2\/pages\/1922\/revisions"}],"predecessor-version":[{"id":6221,"href":"https:\/\/www.bccservices.com\/hr\/wp-json\/wp\/v2\/pages\/1922\/revisions\/6221"}],"up":[{"embeddable":true,"href":"https:\/\/www.bccservices.com\/hr\/wp-json\/wp\/v2\/pages\/1338"}],"wp:attachment":[{"href":"https:\/\/www.bccservices.com\/hr\/wp-json\/wp\/v2\/media?parent=1922"}],"curies":[{"name":"wp","href":"https:\/\/api.w.org\/{rel}","templated":true}]}}