{"id":1729,"date":"2021-01-21T10:48:13","date_gmt":"2021-01-21T10:48:13","guid":{"rendered":"http:\/\/172.19.41.139\/hr\/?page_id=1729"},"modified":"2023-12-15T13:56:19","modified_gmt":"2023-12-15T12:56:19","slug":"tehnicka-dokumentacija-ina-grupe","status":"publish","type":"page","link":"https:\/\/www.bccservices.com\/hr\/softverska-rjesenja\/aplikacije\/tehnicka-dokumentacija-ina-grupe\/","title":{"rendered":"Tehni\u010dka dokumentacija za naftnu industriju"},"content":{"rendered":"<div class=\"fusion-fullwidth fullwidth-box fusion-builder-row-1 nonhundred-percent-fullwidth non-hundred-percent-height-scrolling\" style=\"--awb-border-radius-top-left:0px;--awb-border-radius-top-right:0px;--awb-border-radius-bottom-right:0px;--awb-border-radius-bottom-left:0px;--awb-flex-wrap:wrap;\" ><div class=\"fusion-builder-row fusion-row\"><div class=\"fusion-layout-column fusion_builder_column fusion-builder-column-0 fusion_builder_column_1_1 1_1 fusion-one-full fusion-column-first fusion-column-last\" style=\"--awb-bg-size:cover;\"><div class=\"fusion-column-wrapper fusion-flex-column-wrapper-legacy\"><div class=\"fusion-clearfix\"><\/div><\/div><\/div><div class=\"fusion-layout-column fusion_builder_column fusion-builder-column-1 fusion_builder_column_1_1 1_1 fusion-one-full fusion-column-first fusion-column-last\" style=\"--awb-bg-size:cover;\"><div class=\"fusion-column-wrapper fusion-column-has-shadow fusion-flex-column-wrapper-legacy\"><div class=\"fusion-text fusion-text-1\"><h4>Sustava tehni\u010dke dokumentacije<\/h4>\n<p><strong>Aplikacija se sastoji od dva osnovna dijela:<\/strong><\/p>\n<ol>\n<li>aplikacija za dokumentaliste zadu\u017eene za pripremu, obradu, unos i indeksiranje tehni\u010dke dokumentacije.<\/li>\n<li>aplikacija za korisnike tehni\u010dke dokumentacije koji imaju pravo pretra\u017eivati, pregledavati i spremati tehni\u010dku dokumentaciju raspolo\u017eivu u elektroni\u010dkom formatu.<\/li>\n<\/ol>\n<p>Programsko rje\u0161enje je bazirano na softveru za upravljanje dokumentima i zapisima te omogu\u0107uje administriranje, arhiviranje i on-line kori\u0161tenje raznovrsne tehni\u010dke dokumentacije. Aplikacija primarno slu\u017ei za arhivu nacrta iz rafinerije i omogu\u0107uje spremanje podataka i digitaliziranih dokumenata u arhivski sustav, organizaciju dokumentacije u logi\u010dke cjeline, pra\u0107enje i kontrolu verzija dokumenata, pretra\u017eivanje i on-line kori\u0161tenje podataka i dokumenata od strane ovla\u0161tenih krajnjih korisnika.<\/p>\n<h4>Tehni\u010dka dokumentacija<\/h4>\n<p>Aplikacija &#8216;Tehni\u010dka dokumentacija&#8217; rezultat je rada na projektu izgradnje informacijskog sustava tehni\u010dke dokumentacije. Aplikacija omogu\u0107ava evidenciju i spremanje razli\u010ditih vrsta digitaliziranih dokumenata, te pretra\u017eivanje, pregledavanje i online kori\u0161tenje digitalizirane tehni\u010dke dokumentacije.<\/p>\n<p><strong>Aplikacijsko rje\u0161enje se sastoji od dva modula:<\/strong><\/p>\n<ul>\n<li>aplikacije za dokumentaliste za unos i administracija podataka i dokumenata<\/li>\n<li>aplikacije za korisnike koji samo koriste podatke i dokumente.<\/li>\n<\/ul>\n<p><strong>Dokumentacija je podijeljena na sljede\u0107e cjeline odnosno tipove dokumenata:<\/strong><\/p>\n<ul>\n<li>dosjei bu\u0161otina<\/li>\n<li>elaborati<\/li>\n<li>karte<\/li>\n<li>CD datoteke.<\/li>\n<\/ul>\n<p>Svaki dokument bez obzira na tip sastoji se od jedne ili vi\u0161e datoteka (skenirani dokument) i metapodataka koji opisuju sadr\u017eaj datoteke: npr. kod dosjea bu\u0161otina to je naziv bu\u0161otine, polje, itd. CD datoteke su iznimka jer se za njih spremaju samo podaci bez dodavanja digitalnog sadr\u017eaja.<\/p>\n<p>Dio metapodataka je specifi\u010dan samo za odre\u0111eni tip dokumenata, a dio metapodataka je zajedni\u010dki svim tipovima dokumentacije, pa je mogu\u0107e pretra\u017eivanje unutar pojedinog tipa dokumentacije ili istovremeno po svim tipovima.<\/p>\n<p>Pretra\u017eivati je mogu\u0107e koriste\u0107i:<\/p>\n<ul>\n<li><strong>Pregled<\/strong> \u2013 pretra\u017eivanje po najkorisnijim metapodacima<\/li>\n<li><strong>Pretra\u017eivanje<\/strong> \u2013 pretra\u017eivanje po svim metapodacima.<\/li>\n<\/ul>\n<p>Rezultat pretra\u017eivanja je lista dokumenata koji zadovoljavaju zadane kriterije. Rezultati pretra\u017eivanja omogu\u0107uju jednostavan uvid u detalje dokumenta i dokumente (datoteke) sa digitaliziranim sadr\u017eajem dokumenta.<\/p>\n<p><strong>Pregled dokumenata<\/strong><\/p>\n<p>Opcija &#8216;Pregled&#8217; glavnog izbornika omogu\u0107ava jednostavno pretra\u017eivanje po naj\u010de\u0161\u0107e kori\u0161tenim podacima o dokumentu. Podaci po kojima se dokumenti mogu pregledavati ovisno o tipu: dosje, elaborat, karta ili CD datoteka.<\/p>\n<p><strong>Pregled dosjea<\/strong><\/p>\n<p>Za pregled dosjea neophodno je odabrati bu\u0161otinu. Bu\u0161otina se odabire iz \u0161ifrarnika koji se prikazuje<\/p>\n<p>\u0160ifrarnik bu\u0161otina omogu\u0107uje uvid u listu svih bu\u0161otina, pretra\u017eivanje bu\u0161otina po nazivu i odabir bu\u0161otine za koju se \u017eele pregledati dokumenti.<\/p>\n<p><strong>Pregled elaborata<\/strong><\/p>\n<p>Za pregled elaborata se uvjeti za pretra\u017eivanje unose tako da:<\/p>\n<ul>\n<li>mati\u010dni broj elaborata i godina izdanja \u2013 treba upisati cijeli mati\u010dni broj ili godinu u formatu GGGG<\/li>\n<li>naziv elaborata i autor \/ koautor \u2013 upisuje se dio naziva odnosno prezimena ili imena autora<\/li>\n<li>blok i polje \u2013 odabir bloka ili polja iz \u0161ifrarnika<\/li>\n<li>jezik \u2013 automatski je ponu\u0111en i odabran &#8216;HRVATSKI&#8217;, mogu\u0107e je odabrati drugi jezik iz liste.<\/li>\n<\/ul>\n<p><strong>Pregled karata<\/strong><\/p>\n<p>Karte se mogu pregledavati po:<\/p>\n<ul>\n<li>dijelu ili punom nazivu karte<\/li>\n<li>tipu karte koji se odabire iz liste (iz \u0161ifrarnika)<\/li>\n<li>raspolo\u017eivosti preview slike: na primjer, mogu\u0107e je odabrati samo karte koje imaju preview.<\/li>\n<\/ul>\n<p><strong>Pregled CD datoteka<\/strong><\/p>\n<p>Za pregled CD datoteka se mo\u017ee upisati dio ili kompletni naziv CD-a, i odabrati godina uzdanja i poduze\u0107e koje je pripremilo sadr\u017eaj CD-a.<\/p>\n<p><strong>Pretra\u017eivanje dokumenata<\/strong><\/p>\n<p>Kori\u0161tenjem opcije &#8216;Pretra\u017eivanje&#8217; dokumenti se mogu pretra\u017eivati prema po svim obilje\u017ejima karakteristi\u010dnim za pojedini tip dokumenta, a mogu se pretra\u017eivati i svi dokumenti po zajedni\u010dkim obilje\u017ejima.<\/p>\n<p><strong>Pretra\u017eivanje dosjea<\/strong><\/p>\n<p><strong>Pretra\u017eivanje elaborata<\/strong><\/p>\n<p><strong>Pretra\u017eivanje karata<\/strong><\/p>\n<p><strong>Pretra\u017eivanje CD datoteka<\/strong><\/p>\n<p><strong>Pretra\u017eivanje svih dokumenata<\/strong><\/p>\n<p>Forma za pretra\u017eivanje svih tipova dokumenata odjednom.<\/p>\n<p>Sve dokumente u sustavu, bez obzira na tip, je mogu\u0107e pretra\u017eivati po zajedni\u010dkim metapodacima.<\/p>\n<\/div><div class=\"fusion-clearfix\"><\/div><\/div><\/div><\/div><\/div>\n","protected":false},"excerpt":{"rendered":"","protected":false},"author":1,"featured_media":0,"parent":1340,"menu_order":0,"comment_status":"closed","ping_status":"closed","template":"","meta":{"footnotes":""},"class_list":["post-1729","page","type-page","status-publish","hentry"],"yoast_head":"<!-- This site is optimized with the Yoast SEO plugin v25.6 - https:\/\/yoast.com\/wordpress\/plugins\/seo\/ -->\r\n<title>Tehni\u010dka dokumentacija za naftnu industriju - BCC Services<\/title>\r\n<meta name=\"robots\" content=\"index, follow, max-snippet:-1, max-image-preview:large, max-video-preview:-1\" \/>\r\n<link rel=\"canonical\" href=\"https:\/\/www.bccservices.com\/hr\/softverska-rjesenja\/aplikacije\/tehnicka-dokumentacija-ina-grupe\/\" \/>\r\n<meta property=\"og:locale\" content=\"hr_HR\" \/>\r\n<meta property=\"og:type\" content=\"article\" \/>\r\n<meta property=\"og:title\" content=\"Tehni\u010dka dokumentacija za naftnu industriju - BCC Services\" \/>\r\n<meta property=\"og:url\" content=\"https:\/\/www.bccservices.com\/hr\/softverska-rjesenja\/aplikacije\/tehnicka-dokumentacija-ina-grupe\/\" \/>\r\n<meta property=\"og:site_name\" content=\"BCC Services\" \/>\r\n<meta property=\"article:publisher\" content=\"https:\/\/www.facebook.com\/BCCServiceshr\/\" \/>\r\n<meta property=\"article:modified_time\" content=\"2023-12-15T12:56:19+00:00\" \/>\r\n<meta name=\"twitter:card\" content=\"summary_large_image\" \/>\r\n<meta name=\"twitter:label1\" content=\"Procijenjeno vrijeme \u010ditanja\" \/>\n\t<meta name=\"twitter:data1\" content=\"4 minute\" \/>\r\n<script type=\"application\/ld+json\" class=\"yoast-schema-graph\">{\"@context\":\"https:\/\/schema.org\",\"@graph\":[{\"@type\":\"WebPage\",\"@id\":\"https:\/\/www.bccservices.com\/hr\/softverska-rjesenja\/aplikacije\/tehnicka-dokumentacija-ina-grupe\/\",\"url\":\"https:\/\/www.bccservices.com\/hr\/softverska-rjesenja\/aplikacije\/tehnicka-dokumentacija-ina-grupe\/\",\"name\":\"Tehni\u010dka dokumentacija za naftnu industriju - BCC Services\",\"isPartOf\":{\"@id\":\"https:\/\/www.bccservices.com\/hr\/#website\"},\"datePublished\":\"2021-01-21T10:48:13+00:00\",\"dateModified\":\"2023-12-15T12:56:19+00:00\",\"breadcrumb\":{\"@id\":\"https:\/\/www.bccservices.com\/hr\/softverska-rjesenja\/aplikacije\/tehnicka-dokumentacija-ina-grupe\/#breadcrumb\"},\"inLanguage\":\"hr\",\"potentialAction\":[{\"@type\":\"ReadAction\",\"target\":[\"https:\/\/www.bccservices.com\/hr\/softverska-rjesenja\/aplikacije\/tehnicka-dokumentacija-ina-grupe\/\"]}]},{\"@type\":\"BreadcrumbList\",\"@id\":\"https:\/\/www.bccservices.com\/hr\/softverska-rjesenja\/aplikacije\/tehnicka-dokumentacija-ina-grupe\/#breadcrumb\",\"itemListElement\":[{\"@type\":\"ListItem\",\"position\":1,\"name\":\"Home\",\"item\":\"https:\/\/www.bccservices.com\/hr\/\"},{\"@type\":\"ListItem\",\"position\":2,\"name\":\"Softverska rje\u0161enja\",\"item\":\"https:\/\/www.bccservices.com\/hr\/softverska-rjesenja\/\"},{\"@type\":\"ListItem\",\"position\":3,\"name\":\"Aplikacije\",\"item\":\"https:\/\/www.bccservices.com\/hr\/softverska-rjesenja\/aplikacije\/\"},{\"@type\":\"ListItem\",\"position\":4,\"name\":\"Tehni\u010dka dokumentacija za naftnu industriju\"}]},{\"@type\":\"WebSite\",\"@id\":\"https:\/\/www.bccservices.com\/hr\/#website\",\"url\":\"https:\/\/www.bccservices.com\/hr\/\",\"name\":\"BCC Services\",\"description\":\"\",\"publisher\":{\"@id\":\"https:\/\/www.bccservices.com\/hr\/#organization\"},\"potentialAction\":[{\"@type\":\"SearchAction\",\"target\":{\"@type\":\"EntryPoint\",\"urlTemplate\":\"https:\/\/www.bccservices.com\/hr\/?s={search_term_string}\"},\"query-input\":{\"@type\":\"PropertyValueSpecification\",\"valueRequired\":true,\"valueName\":\"search_term_string\"}}],\"inLanguage\":\"hr\"},{\"@type\":\"Organization\",\"@id\":\"https:\/\/www.bccservices.com\/hr\/#organization\",\"name\":\"BCC Services\",\"url\":\"https:\/\/www.bccservices.com\/hr\/\",\"logo\":{\"@type\":\"ImageObject\",\"inLanguage\":\"hr\",\"@id\":\"https:\/\/www.bccservices.com\/hr\/#\/schema\/logo\/image\/\",\"url\":\"http:\/\/172.19.41.139\/hr\/wp-content\/uploads\/2022\/05\/BCC-Services_square-01.png\",\"contentUrl\":\"http:\/\/172.19.41.139\/hr\/wp-content\/uploads\/2022\/05\/BCC-Services_square-01.png\",\"width\":354,\"height\":354,\"caption\":\"BCC Services\"},\"image\":{\"@id\":\"https:\/\/www.bccservices.com\/hr\/#\/schema\/logo\/image\/\"},\"sameAs\":[\"https:\/\/www.facebook.com\/BCCServiceshr\/\"]}]}<\/script>\r\n<!-- \/ Yoast SEO plugin. -->","yoast_head_json":{"title":"Tehni\u010dka dokumentacija za naftnu industriju - BCC Services","robots":{"index":"index","follow":"follow","max-snippet":"max-snippet:-1","max-image-preview":"max-image-preview:large","max-video-preview":"max-video-preview:-1"},"canonical":"https:\/\/www.bccservices.com\/hr\/softverska-rjesenja\/aplikacije\/tehnicka-dokumentacija-ina-grupe\/","og_locale":"hr_HR","og_type":"article","og_title":"Tehni\u010dka dokumentacija za naftnu industriju - BCC Services","og_url":"https:\/\/www.bccservices.com\/hr\/softverska-rjesenja\/aplikacije\/tehnicka-dokumentacija-ina-grupe\/","og_site_name":"BCC Services","article_publisher":"https:\/\/www.facebook.com\/BCCServiceshr\/","article_modified_time":"2023-12-15T12:56:19+00:00","twitter_card":"summary_large_image","twitter_misc":{"Procijenjeno vrijeme \u010ditanja":"4 minute"},"schema":{"@context":"https:\/\/schema.org","@graph":[{"@type":"WebPage","@id":"https:\/\/www.bccservices.com\/hr\/softverska-rjesenja\/aplikacije\/tehnicka-dokumentacija-ina-grupe\/","url":"https:\/\/www.bccservices.com\/hr\/softverska-rjesenja\/aplikacije\/tehnicka-dokumentacija-ina-grupe\/","name":"Tehni\u010dka dokumentacija za naftnu industriju - BCC Services","isPartOf":{"@id":"https:\/\/www.bccservices.com\/hr\/#website"},"datePublished":"2021-01-21T10:48:13+00:00","dateModified":"2023-12-15T12:56:19+00:00","breadcrumb":{"@id":"https:\/\/www.bccservices.com\/hr\/softverska-rjesenja\/aplikacije\/tehnicka-dokumentacija-ina-grupe\/#breadcrumb"},"inLanguage":"hr","potentialAction":[{"@type":"ReadAction","target":["https:\/\/www.bccservices.com\/hr\/softverska-rjesenja\/aplikacije\/tehnicka-dokumentacija-ina-grupe\/"]}]},{"@type":"BreadcrumbList","@id":"https:\/\/www.bccservices.com\/hr\/softverska-rjesenja\/aplikacije\/tehnicka-dokumentacija-ina-grupe\/#breadcrumb","itemListElement":[{"@type":"ListItem","position":1,"name":"Home","item":"https:\/\/www.bccservices.com\/hr\/"},{"@type":"ListItem","position":2,"name":"Softverska rje\u0161enja","item":"https:\/\/www.bccservices.com\/hr\/softverska-rjesenja\/"},{"@type":"ListItem","position":3,"name":"Aplikacije","item":"https:\/\/www.bccservices.com\/hr\/softverska-rjesenja\/aplikacije\/"},{"@type":"ListItem","position":4,"name":"Tehni\u010dka dokumentacija za naftnu industriju"}]},{"@type":"WebSite","@id":"https:\/\/www.bccservices.com\/hr\/#website","url":"https:\/\/www.bccservices.com\/hr\/","name":"BCC Services","description":"","publisher":{"@id":"https:\/\/www.bccservices.com\/hr\/#organization"},"potentialAction":[{"@type":"SearchAction","target":{"@type":"EntryPoint","urlTemplate":"https:\/\/www.bccservices.com\/hr\/?s={search_term_string}"},"query-input":{"@type":"PropertyValueSpecification","valueRequired":true,"valueName":"search_term_string"}}],"inLanguage":"hr"},{"@type":"Organization","@id":"https:\/\/www.bccservices.com\/hr\/#organization","name":"BCC Services","url":"https:\/\/www.bccservices.com\/hr\/","logo":{"@type":"ImageObject","inLanguage":"hr","@id":"https:\/\/www.bccservices.com\/hr\/#\/schema\/logo\/image\/","url":"http:\/\/172.19.41.139\/hr\/wp-content\/uploads\/2022\/05\/BCC-Services_square-01.png","contentUrl":"http:\/\/172.19.41.139\/hr\/wp-content\/uploads\/2022\/05\/BCC-Services_square-01.png","width":354,"height":354,"caption":"BCC Services"},"image":{"@id":"https:\/\/www.bccservices.com\/hr\/#\/schema\/logo\/image\/"},"sameAs":["https:\/\/www.facebook.com\/BCCServiceshr\/"]}]}},"_links":{"self":[{"href":"https:\/\/www.bccservices.com\/hr\/wp-json\/wp\/v2\/pages\/1729"}],"collection":[{"href":"https:\/\/www.bccservices.com\/hr\/wp-json\/wp\/v2\/pages"}],"about":[{"href":"https:\/\/www.bccservices.com\/hr\/wp-json\/wp\/v2\/types\/page"}],"author":[{"embeddable":true,"href":"https:\/\/www.bccservices.com\/hr\/wp-json\/wp\/v2\/users\/1"}],"replies":[{"embeddable":true,"href":"https:\/\/www.bccservices.com\/hr\/wp-json\/wp\/v2\/comments?post=1729"}],"version-history":[{"count":2,"href":"https:\/\/www.bccservices.com\/hr\/wp-json\/wp\/v2\/pages\/1729\/revisions"}],"predecessor-version":[{"id":6145,"href":"https:\/\/www.bccservices.com\/hr\/wp-json\/wp\/v2\/pages\/1729\/revisions\/6145"}],"up":[{"embeddable":true,"href":"https:\/\/www.bccservices.com\/hr\/wp-json\/wp\/v2\/pages\/1340"}],"wp:attachment":[{"href":"https:\/\/www.bccservices.com\/hr\/wp-json\/wp\/v2\/media?parent=1729"}],"curies":[{"name":"wp","href":"https:\/\/api.w.org\/{rel}","templated":true}]}}