{"id":1107,"date":"2020-10-13T14:13:13","date_gmt":"2020-10-13T13:13:13","guid":{"rendered":"http:\/\/172.19.41.139\/hr\/?page_id=1107"},"modified":"2023-12-28T12:03:31","modified_gmt":"2023-12-28T11:03:31","slug":"softverska-rjesenja","status":"publish","type":"page","link":"https:\/\/www.bccservices.com\/hr\/softverska-rjesenja\/","title":{"rendered":"Softverska rje\u0161enja"},"content":{"rendered":"<p><div class=\"fusion-fullwidth fullwidth-box fusion-builder-row-1 nonhundred-percent-fullwidth non-hundred-percent-height-scrolling\" style=\"--awb-border-radius-top-left:0px;--awb-border-radius-top-right:0px;--awb-border-radius-bottom-right:0px;--awb-border-radius-bottom-left:0px;--awb-flex-wrap:wrap;\" ><div class=\"fusion-builder-row fusion-row\"><div class=\"fusion-layout-column fusion_builder_column fusion-builder-column-0 fusion_builder_column_1_1 1_1 fusion-one-full fusion-column-first fusion-column-last\" style=\"--awb-bg-size:cover;\"><div class=\"fusion-column-wrapper fusion-column-has-shadow fusion-flex-column-wrapper-legacy\"><nav class=\"fusion-breadcrumbs awb-yoast-breadcrumbs fusion-breadcrumbs-1\" style=\"--awb-margin-bottom:15px;--awb-breadcrumb-sep:&#039;\/&#039;;\" aria-label=\"Breadcrumb\"><ol class=\"awb-breadcrumb-list\"><li class=\"fusion-breadcrumb-item awb-breadcrumb-sep\" ><a href=\"https:\/\/www.bccservices.com\/hr\" class=\"fusion-breadcrumb-link\"><span >Po\u010detna<\/span><\/a><\/li><\/ol><\/nav>\n<div class=\"fusion-clearfix\"><\/div><\/div><\/div><\/div><\/div><div class=\"fusion-fullwidth fullwidth-box fusion-builder-row-2 nonhundred-percent-fullwidth non-hundred-percent-height-scrolling\" style=\"--awb-border-radius-top-left:0px;--awb-border-radius-top-right:0px;--awb-border-radius-bottom-right:0px;--awb-border-radius-bottom-left:0px;--awb-flex-wrap:wrap;\" ><div class=\"fusion-builder-row fusion-row\"><div class=\"fusion-layout-column fusion_builder_column fusion-builder-column-1 fusion_builder_column_1_2 1_2 fusion-one-half fusion-column-first\" style=\"--awb-bg-size:cover;width:50%;width:calc(50% - ( ( 4% ) * 0.5 ) );margin-right: 4%;\"><div class=\"fusion-column-wrapper fusion-column-has-shadow fusion-flex-column-wrapper-legacy\"><div class=\"fusion-builder-row fusion-builder-row-inner fusion-row\"><div class=\"fusion-layout-column fusion_builder_column_inner fusion-builder-nested-column-0 fusion_builder_column_inner_1_5 1_5 fusion-one-fifth fusion-column-first\" style=\"--awb-bg-size:cover;width:20%;width:calc(20% - ( ( 4% ) * 0.2 ) );margin-right: 4%;\"><div class=\"fusion-column-wrapper fusion-column-has-shadow fusion-flex-column-wrapper-legacy\"><div class=\"fusion-fa-align-center\"><i class=\"fb-icon-element-1 fb-icon-element fontawesome-icon fa-chevron-right fas circle-yes fusion-no-small-visibility\" style=\"--awb-iconcolor:#f44336;--awb-iconcolor-hover:#000000;--awb-circlecolor:#ffffff;--awb-circlecolor-hover:#ffffff;--awb-circlebordercolor:#ffffff;--awb-circlebordercolor-hover:#ffffff;--awb-circlebordersize:1px;--awb-font-size:28.16px;--awb-width:56.32px;--awb-height:56.32px;--awb-line-height:54.32px;\"><\/i><\/div><div class=\"fusion-clearfix\"><\/div><\/div><\/div><div class=\"fusion-layout-column fusion_builder_column_inner fusion-builder-nested-column-1 fusion_builder_column_inner_4_5 4_5 fusion-four-fifth fusion-column-last\" style=\"--awb-bg-size:cover;width:80%;width:calc(80% - ( ( 4% ) * 0.8 ) );\"><div class=\"fusion-column-wrapper fusion-flex-column-wrapper-legacy\"><div class=\"fusion-text fusion-text-1\"><h3><strong>We have a clear vision of business applications\u2026<\/strong><\/h3>\n<\/div><div class=\"fusion-sep-clear\"><\/div><div class=\"fusion-separator fusion-no-medium-visibility fusion-no-large-visibility fusion-full-width-sep\" style=\"margin-left: auto;margin-right: auto;margin-top:9px;margin-bottom:37px;width:100%;\"><div class=\"fusion-separator-border sep-single sep-solid\" style=\"--awb-height:20px;--awb-amount:20px;--awb-sep-color:#fb0000;border-color:#fb0000;border-top-width:1px;\"><\/div><\/div><div class=\"fusion-sep-clear\"><\/div><div class=\"fusion-clearfix\"><\/div><\/div><\/div><\/div><div class=\"fusion-clearfix\"><\/div><\/div><\/div><div class=\"fusion-layout-column fusion_builder_column fusion-builder-column-2 fusion_builder_column_1_2 1_2 fusion-one-half fusion-column-last\" style=\"--awb-bg-size:cover;width:50%;width:calc(50% - ( ( 4% ) * 0.5 ) );\"><div class=\"fusion-column-wrapper fusion-column-has-shadow fusion-flex-column-wrapper-legacy\"><div class=\"fusion-text fusion-text-2\"><p>S vi\u0161e od 20 godina iskustva u pru\u017eanju cjelovitih korisni\u010dkih rje\u0161enja koje omogu\u0107uje u\u010dinkovita IT okru\u017eenja, uz ukupno smanjenje tro\u0161kova i ubrzan povrat ulaganja, za raznolike profile na\u0161ih korisnika, specijalizirani smo za pru\u017eanje profesionalnih poslovnih aplikacija. Na\u0161 tim \u010dine visokoobrazovani razvojni stru\u010dnjaci, certificirani u tehnologijama na\u0161e ponude. Kako bismo osigurali kvalitetu, neprestano ula\u017eemo u profesionalni razvoj, obrazovanje i usavr\u0161avanje \u010dlanova tima.<\/p>\n<\/div><div class=\"fusion-clearfix\"><\/div><\/div><\/div><\/div><\/div><div class=\"fusion-fullwidth fullwidth-box fusion-builder-row-3 nonhundred-percent-fullwidth non-hundred-percent-height-scrolling\" style=\"--awb-border-radius-top-left:0px;--awb-border-radius-top-right:0px;--awb-border-radius-bottom-right:0px;--awb-border-radius-bottom-left:0px;--awb-flex-wrap:wrap;\" ><div class=\"fusion-builder-row fusion-row\"><div class=\"fusion-layout-column fusion_builder_column fusion-builder-column-3 fusion_builder_column_1_1 1_1 fusion-one-full fusion-column-first fusion-column-last\" style=\"--awb-bg-size:cover;--awb-margin-top:15px;\"><div class=\"fusion-column-wrapper fusion-column-has-shadow fusion-flex-column-wrapper-legacy\"><div class=\"fusion-text fusion-text-3\"><p>Na\u0161u ponudu \u010dine softverska rje\u0161enja za inteligentno upravljanje cjelokupnim \u017eivotnim ciklusom informacija, od njihovog nastajanja, strogo kontroliranog ulaza, dohvata i upotrebe kroz poslovne procese i aplikacije, te naposljetku arhiviranja i pohrane. Ulazni podaci u poslovna okru\u017eenja dolaze kroz nebrojene izvore, od papirnih i elektroni\u010dkih dokumenata (prikupljanje podataka), ru\u010dno unesenih u strukturiranu bazu podataka ili dohva\u0107enih iz postoje\u0107eg ERP sustava ili Line-of-Business aplikacije, i kao takvi se koriste za daljnju obradu unutar okru\u017eenja kao \u0161to su:<\/p>\n<\/div><div class=\"fusion-clearfix\"><\/div><\/div><\/div><\/div><\/div><div class=\"fusion-fullwidth fullwidth-box fusion-builder-row-4 nonhundred-percent-fullwidth non-hundred-percent-height-scrolling\" style=\"--awb-border-radius-top-left:0px;--awb-border-radius-top-right:0px;--awb-border-radius-bottom-right:0px;--awb-border-radius-bottom-left:0px;--awb-flex-wrap:wrap;\" ><div class=\"fusion-builder-row fusion-row\"><div class=\"fusion-layout-column fusion_builder_column fusion-builder-column-4 fusion_builder_column_1_3 1_3 fusion-one-third fusion-column-first\" style=\"--awb-padding-left:19px;--awb-bg-size:cover;width:33.333333333333%;width:calc(33.333333333333% - ( ( 4% + 4% ) * 0.33333333333333 ) );margin-right: 4%;\"><div class=\"fusion-column-wrapper fusion-column-has-shadow fusion-flex-column-wrapper-legacy\"><ul style=\"--awb-iconcolor:#f44336;--awb-line-height:23.8px;--awb-icon-width:23.8px;--awb-icon-height:23.8px;--awb-icon-margin:9.8px;--awb-content-margin:33.6px;\" class=\"fusion-checklist fusion-checklist-1 fusion-checklist-default type-icons\"><li class=\"fusion-li-item\" style=\"\"><span class=\"icon-wrapper circle-no\"><i class=\"fusion-li-icon fa-angle-double-right fas\" aria-hidden=\"true\"><\/i><\/span><div class=\"fusion-li-item-content\">\n<p class=\"Body\" style=\"text-align: justify; line-height: 150%; margin: 0cm 0cm .0001pt 2.25pt;\"><span style=\"font-family: 'Arial',sans-serif; color: windowtext;\">ERP aplikacije (Enterprise Resource Planning Applications)<\/span><\/p>\n<\/div><\/li><li class=\"fusion-li-item\" style=\"\"><span class=\"icon-wrapper circle-no\"><i class=\"fusion-li-icon fa-angle-double-right fas\" aria-hidden=\"true\"><\/i><\/span><div class=\"fusion-li-item-content\">\n<p class=\"Body\" style=\"text-align: justify; line-height: 150%; margin: 0cm 0cm .0001pt 2.25pt;\"><span style=\"font-family: 'Arial',sans-serif; color: windowtext;\">LOB aplikacije (Line Of Business Applications)<\/span><\/p>\n<\/div><\/li><li class=\"fusion-li-item\" style=\"\"><span class=\"icon-wrapper circle-no\"><i class=\"fusion-li-icon fa-angle-double-right fas\" aria-hidden=\"true\"><\/i><\/span><div class=\"fusion-li-item-content\">\n<p class=\"Body\" style=\"text-align: justify; line-height: 150%; margin: 0cm 0cm .0001pt 2.25pt;\"><span style=\"font-family: 'Arial',sans-serif; color: windowtext;\">BPM (Business Process Management)<\/span><\/p>\n<\/div><\/li><li class=\"fusion-li-item\" style=\"\"><span class=\"icon-wrapper circle-no\"><i class=\"fusion-li-icon fa-angle-double-right fas\" aria-hidden=\"true\"><\/i><\/span><div class=\"fusion-li-item-content\">\n<p>ECM (Enterprise Content Management)<\/p>\n<\/div><\/li><\/ul><div class=\"fusion-clearfix\"><\/div><\/div><\/div><div class=\"fusion-layout-column fusion_builder_column fusion-builder-column-5 fusion_builder_column_1_3 1_3 fusion-one-third\" style=\"--awb-padding-left:19px;--awb-bg-size:cover;width:33.333333333333%;width:calc(33.333333333333% - ( ( 4% + 4% ) * 0.33333333333333 ) );margin-right: 4%;\"><div class=\"fusion-column-wrapper fusion-column-has-shadow fusion-flex-column-wrapper-legacy\"><ul style=\"--awb-iconcolor:#f44336;--awb-line-height:23.8px;--awb-icon-width:23.8px;--awb-icon-height:23.8px;--awb-icon-margin:9.8px;--awb-content-margin:33.6px;\" class=\"fusion-checklist fusion-checklist-2 fusion-checklist-default type-icons\"><li class=\"fusion-li-item\" style=\"\"><span class=\"icon-wrapper circle-no\"><i class=\"fusion-li-icon fa-angle-double-right fas\" aria-hidden=\"true\"><\/i><\/span><div class=\"fusion-li-item-content\">\n<p>DM (Document Management)<\/p>\n<\/div><\/li><li class=\"fusion-li-item\" style=\"\"><span class=\"icon-wrapper circle-no\"><i class=\"fusion-li-icon fa-angle-double-right fas\" aria-hidden=\"true\"><\/i><\/span><div class=\"fusion-li-item-content\">\n<p>ERM (Electronic Records Management)<\/p>\n<\/div><\/li><li class=\"fusion-li-item\" style=\"\"><span class=\"icon-wrapper circle-no\"><i class=\"fusion-li-icon fa-angle-double-right fas\" aria-hidden=\"true\"><\/i><\/span><div class=\"fusion-li-item-content\">\n<p>EMM (Email Management)<\/p>\n<\/div><\/li><li class=\"fusion-li-item\" style=\"\"><span class=\"icon-wrapper circle-no\"><i class=\"fusion-li-icon fa-angle-double-right fas\" aria-hidden=\"true\"><\/i><\/span><div class=\"fusion-li-item-content\">\n<p>KM (Knowledge Management)<\/p>\n<\/div><\/li><\/ul><div class=\"fusion-clearfix\"><\/div><\/div><\/div><div class=\"fusion-layout-column fusion_builder_column fusion-builder-column-6 fusion_builder_column_1_3 1_3 fusion-one-third fusion-column-last\" style=\"--awb-padding-left:19px;--awb-bg-size:cover;width:33.333333333333%;width:calc(33.333333333333% - ( ( 4% + 4% ) * 0.33333333333333 ) );\"><div class=\"fusion-column-wrapper fusion-column-has-shadow fusion-flex-column-wrapper-legacy\"><ul style=\"--awb-iconcolor:#f44336;--awb-line-height:23.8px;--awb-icon-width:23.8px;--awb-icon-height:23.8px;--awb-icon-margin:9.8px;--awb-content-margin:33.6px;\" class=\"fusion-checklist fusion-checklist-3 fusion-checklist-default type-icons\"><li class=\"fusion-li-item\" style=\"\"><span class=\"icon-wrapper circle-no\"><i class=\"fusion-li-icon fa-angle-double-right fas\" aria-hidden=\"true\"><\/i><\/span><div class=\"fusion-li-item-content\">\n<p>WCM (Web Content Management)<\/p>\n<\/div><\/li><li class=\"fusion-li-item\" style=\"\"><span class=\"icon-wrapper circle-no\"><i class=\"fusion-li-icon fa-angle-double-right fas\" aria-hidden=\"true\"><\/i><\/span><div class=\"fusion-li-item-content\">\n<p>CMS (Case Management Systems)<\/p>\n<\/div><\/li><li class=\"fusion-li-item\" style=\"\"><span class=\"icon-wrapper circle-no\"><i class=\"fusion-li-icon fa-angle-double-right fas\" aria-hidden=\"true\"><\/i><\/span><div class=\"fusion-li-item-content\">\n<p>MA (Mobile Applications)<\/p>\n<\/div><\/li><\/ul><div class=\"fusion-clearfix\"><\/div><\/div><\/div><\/div><\/div><div class=\"fusion-fullwidth fullwidth-box fusion-builder-row-5 nonhundred-percent-fullwidth non-hundred-percent-height-scrolling\" style=\"--awb-border-radius-top-left:0px;--awb-border-radius-top-right:0px;--awb-border-radius-bottom-right:0px;--awb-border-radius-bottom-left:0px;--awb-flex-wrap:wrap;\" ><div class=\"fusion-builder-row fusion-row\"><div class=\"fusion-layout-column fusion_builder_column fusion-builder-column-7 fusion_builder_column_1_1 1_1 fusion-one-full fusion-column-first fusion-column-last\" style=\"--awb-bg-size:cover;--awb-margin-top:15px;\"><div class=\"fusion-column-wrapper fusion-column-has-shadow fusion-flex-column-wrapper-legacy\"><div class=\"fusion-text fusion-text-4\"><p>Na\u0161e dugogodi\u0161nje iskustvo usmjereno je razvoju rje\u0161enja za upravljanje poslovnom dokumentacijom, sadr\u017eajem i informacijama tijekom cijelog uporabnog radnog vijeka, zatim sigurno izlu\u010divanje, pohranu i arhiviranje, u\u010dinkovito pra\u0107enje i upravljanje pravima pristupa informacijama i sustavima, uz primjenu sigurnosti na razini koda, aplikacije i komunikacije.<\/p>\n<p>Razvojni odjel osnovali smo 2002.godine, kako bismo samostalno podr\u017eali sve ve\u0107e potrebe korisnika za implementaciju sustava za upravljanje dokumentacijom u poslovanju. Otada je razvijen \u0161irok spektar korisni\u010dkih aplikacija, temeljenih na tehnologijama vode\u0107ih svjetskih brendova kao \u0161to su MicroFocus,OpenText, Kofax i Microsoft.<\/p>\n<p>Na\u0161i korisnici su proizvodne tvrtke, gradski uredi, poduze\u0107a i javne institucije, a od zna\u010dajnijih izdvajamo INA Industrija nafte, HRT Hrvatska radiotelevizija, AZTN Hrvatska agencije za za\u0161titu tr\u017ei\u0161nog natjecanja, Vrhovni sud Republike Hrvatske, Grad Zagreb, DokING, i drugi.<\/p>\n<\/div><div class=\"fusion-text fusion-text-5\"><p><strong>Glavne karakteristike BCC aplikativnih sustava:<\/strong><\/p>\n<\/div><div class=\"fusion-builder-row fusion-builder-row-inner fusion-row\"><div class=\"fusion-layout-column fusion_builder_column_inner fusion-builder-nested-column-2 fusion_builder_column_inner_1_3 1_3 fusion-one-third fusion-column-first\" style=\"--awb-bg-size:cover;width:33.333333333333%;width:calc(33.333333333333% - ( ( 4% ) * 0.33333333333333 ) );margin-right: 4%;\"><div class=\"fusion-column-wrapper fusion-column-has-shadow fusion-flex-column-wrapper-legacy\"><div class=\"fusion-text fusion-text-6\"><ul>\n<li>visoke performanse i dostupnost<\/li>\n<li>skalabilnost, pro\u0161irivost bez prakti\u010dnih ograni\u010denja (broj lokacija, dokumenata, procesa, korisnike i dr.)<\/li>\n<li>neovisnost o geografskoj razmje\u0161tenosti<\/li>\n<li>bogata funkcionalnost<\/li>\n<li>jednostavnost kori\u0161tenja i implementacije<\/li>\n<\/ul>\n<\/div><div class=\"fusion-clearfix\"><\/div><\/div><\/div><div class=\"fusion-layout-column fusion_builder_column_inner fusion-builder-nested-column-3 fusion_builder_column_inner_1_2 1_2 fusion-one-half fusion-column-last\" style=\"--awb-bg-size:cover;width:50%;width:calc(50% - ( ( 4% ) * 0.5 ) );\"><div class=\"fusion-column-wrapper fusion-column-has-shadow fusion-flex-column-wrapper-legacy\"><div class=\"fusion-text fusion-text-7\"><ul>\n<li>jedinstveni repozitorij za sav vanjski sadr\u017eaj, za sadr\u017eaj koji je kreiran u ERP sustavu (SAP, Navision) te za ostali sadr\u017eaj koji je stvoren u razli\u010ditim sustavima<\/li>\n<li>specijalizirani repozitorij sadr\u017eaja certificiran od strane SAP-a za upravljanje velikom koli\u010dinom nestrukturiranih sadr\u017eaja<\/li>\n<li>mogu\u0107nost razvoja dodatnih rje\u0161enja i modula unutar i izvan ERP okru\u017eenja (SAP, Navision)<\/li>\n<li>mogu\u0107nost za pristup sadr\u017eaju izravno ili preko ERP sustava ili drugih vanjskih sustava.<\/li>\n<\/ul>\n<\/div><div class=\"fusion-clearfix\"><\/div><\/div><\/div><\/div><div class=\"fusion-clearfix\"><\/div><\/div><\/div><\/div><\/div><div class=\"fusion-fullwidth fullwidth-box fusion-builder-row-6 nonhundred-percent-fullwidth non-hundred-percent-height-scrolling\" style=\"--awb-border-radius-top-left:0px;--awb-border-radius-top-right:0px;--awb-border-radius-bottom-right:0px;--awb-border-radius-bottom-left:0px;--awb-flex-wrap:wrap;\" ><div class=\"fusion-builder-row fusion-row\"><div class=\"fusion-layout-column fusion_builder_column fusion-builder-column-8 fusion_builder_column_1_1 1_1 fusion-one-full fusion-column-first fusion-column-last\" style=\"--awb-bg-size:cover;\"><div class=\"fusion-column-wrapper fusion-column-has-shadow fusion-flex-column-wrapper-legacy\"><div class=\"fusion-text fusion-text-8\"><p><strong>Procesi i vrste sadr\u017eaja koji su podr\u017eani:<\/strong><\/p>\n<ul>\n<li>Ulazna po\u0161ta<\/li>\n<li>Izlazna po\u0161ta<\/li>\n<li>Interna po\u0161ta<\/li>\n<li>Ulazni ra\u010duni &#8211; papirnati i elektroni\u010dki<\/li>\n<li>Izlazni ra\u010duni<\/li>\n<li>Elektroni\u010dka razmjena dokumenata, EDI<\/li>\n<li>Pohrana svih ugovora i prate\u0107e dokumentacije<\/li>\n<li>Vo\u0111enje dokumentacije nabave<\/li>\n<li>Tehni\u010dka dokumentacija<\/li>\n<li>Putni nalozi<\/li>\n<li>Dokumentacija za potrebe Interne revizije &#8211; plan revizije, izvje\u0161\u0107a, vezana dokumentacija<\/li>\n<li>HR dokumenti &#8211; dokumenti osobnih mapa, platne liste, evidencija radnog vremena, dokumenti vezani uz putne naloge<\/li>\n<li>Ostali elektroni\u010dki sadr\u017eaj i dokumentacija<\/li>\n<\/ul>\n<p><strong>Aplikativna rje\u0161enja:<\/strong><\/p>\n<ul>\n<li>EUZ \u2013 Elektroni\u010dki urud\u017ebeni zapisnik<\/li>\n<li>ISAS \u2013 Zaprimanje i odobrenje ulaznih ra\u010duna<\/li>\n<li>Pra\u0107enje i priprema ugovora<\/li>\n<li>Aplikacija za podr\u0161ku procesima interne revizije<\/li>\n<li>B2B &#8211; Business-to-Business<\/li>\n<li>EDI &#8211; Electronic Data Interchange<\/li>\n<li>COMAN \u2013 Upravljanje ugovorima<\/li>\n<li>BMS \u2013 Podr\u0161ka poslovnom upravljanju<\/li>\n<li>Interna baza znanja<\/li>\n<li>Upravljanje putnim nalozima<\/li>\n<li>Arhiviranje HR dokumentacije<\/li>\n<li>Arhiviranje ra\u010duna maloprodajnih trgovina INA-e<\/li>\n<li>Arhiviranje izlaznih faktura<\/li>\n<li>Arhiviranje tehni\u010dke dokumentacije INA-e<\/li>\n<li>Arhiviranje produkcijskog televizijskog sadr\u017eaja HRT-a<\/li>\n<li>Repozitorij audio-video medijskog sadr\u017eaja<\/li>\n<li>Arhiviranje glazbenog i foto sadr\u017eaja<\/li>\n<li>Upravljanje procesom nabave<\/li>\n<li>Upravljanje voznim parkom<\/li>\n<li>Arhiva ra\u010duna i financijskih zapisa<\/li>\n<li>Upravljanje prodajnom dokumentacijom poslovanja<\/li>\n<li>Priprema, ovjera i arhiviranje poslovnih ugovora<\/li>\n<li>Objava sudskih presuda<\/li>\n<li>Sustav pra\u0107enja i upravljanja predmetima<\/li>\n<li>Ovjera ulaznih ra\u010duna<\/li>\n<li>Ovjera poslovne dokumentacije<\/li>\n<li>GDPR rje\u0161enje za discovery i za\u0161titu osobnih podataka iz strukturiranih i nestrukturiranih izvora podataka<\/li>\n<li>Cognitive rje\u0161enje za automatsku ekstraciju podataka s ulazne dokumentacije<\/li>\n<\/ul>\n<\/div><ul style=\"--awb-size:20px;--awb-iconcolor:#fb0000;--awb-line-height:34px;--awb-icon-width:34px;--awb-icon-height:34px;--awb-icon-margin:14px;--awb-content-margin:48px;\" class=\"fusion-checklist fusion-checklist-4 fusion-checklist-default type-icons\"><li class=\"fusion-li-item\" style=\"\"><span class=\"icon-wrapper circle-no\"><i class=\"fusion-li-icon fa-splotch fas\" aria-hidden=\"true\"><\/i><\/span><div class=\"fusion-li-item-content\">\n<p><a href=\"https:\/\/www.bccservices.com\/hr\/softverska-rjesenja\/portfolio\/\">Provjerite na\u0161 portfelj aplikativnih rje\u0161enja\u2026<\/a><\/p>\n<\/div><\/li><\/ul><div class=\"fusion-clearfix\"><\/div><\/div><\/div><\/div><\/div><\/p>\n","protected":false},"excerpt":{"rendered":"","protected":false},"author":1,"featured_media":0,"parent":0,"menu_order":0,"comment_status":"closed","ping_status":"closed","template":"100-width.php","meta":{"footnotes":""},"class_list":["post-1107","page","type-page","status-publish","hentry"],"yoast_head":"<!-- This site is optimized with the Yoast SEO plugin v25.6 - https:\/\/yoast.com\/wordpress\/plugins\/seo\/ -->\r\n<title>Softverska rje\u0161enja - BCC Services<\/title>\r\n<meta name=\"robots\" content=\"index, follow, max-snippet:-1, max-image-preview:large, max-video-preview:-1\" \/>\r\n<link rel=\"canonical\" href=\"https:\/\/www.bccservices.com\/hr\/softverska-rjesenja\/\" \/>\r\n<meta property=\"og:locale\" content=\"hr_HR\" \/>\r\n<meta property=\"og:type\" content=\"article\" \/>\r\n<meta property=\"og:title\" content=\"Softverska rje\u0161enja - BCC Services\" \/>\r\n<meta property=\"og:url\" content=\"https:\/\/www.bccservices.com\/hr\/softverska-rjesenja\/\" \/>\r\n<meta property=\"og:site_name\" content=\"BCC Services\" \/>\r\n<meta property=\"article:publisher\" content=\"https:\/\/www.facebook.com\/BCCServiceshr\/\" \/>\r\n<meta property=\"article:modified_time\" content=\"2023-12-28T11:03:31+00:00\" \/>\r\n<meta name=\"twitter:card\" content=\"summary_large_image\" \/>\r\n<meta name=\"twitter:label1\" content=\"Procijenjeno vrijeme \u010ditanja\" \/>\n\t<meta name=\"twitter:data1\" content=\"10 minuta\" \/>\r\n<script type=\"application\/ld+json\" class=\"yoast-schema-graph\">{\"@context\":\"https:\/\/schema.org\",\"@graph\":[{\"@type\":\"WebPage\",\"@id\":\"https:\/\/www.bccservices.com\/hr\/softverska-rjesenja\/\",\"url\":\"https:\/\/www.bccservices.com\/hr\/softverska-rjesenja\/\",\"name\":\"Softverska rje\u0161enja - BCC Services\",\"isPartOf\":{\"@id\":\"https:\/\/www.bccservices.com\/hr\/#website\"},\"datePublished\":\"2020-10-13T13:13:13+00:00\",\"dateModified\":\"2023-12-28T11:03:31+00:00\",\"breadcrumb\":{\"@id\":\"https:\/\/www.bccservices.com\/hr\/softverska-rjesenja\/#breadcrumb\"},\"inLanguage\":\"hr\",\"potentialAction\":[{\"@type\":\"ReadAction\",\"target\":[\"https:\/\/www.bccservices.com\/hr\/softverska-rjesenja\/\"]}]},{\"@type\":\"BreadcrumbList\",\"@id\":\"https:\/\/www.bccservices.com\/hr\/softverska-rjesenja\/#breadcrumb\",\"itemListElement\":[{\"@type\":\"ListItem\",\"position\":1,\"name\":\"Home\",\"item\":\"https:\/\/www.bccservices.com\/hr\/\"},{\"@type\":\"ListItem\",\"position\":2,\"name\":\"Softverska rje\u0161enja\"}]},{\"@type\":\"WebSite\",\"@id\":\"https:\/\/www.bccservices.com\/hr\/#website\",\"url\":\"https:\/\/www.bccservices.com\/hr\/\",\"name\":\"BCC Services\",\"description\":\"\",\"publisher\":{\"@id\":\"https:\/\/www.bccservices.com\/hr\/#organization\"},\"potentialAction\":[{\"@type\":\"SearchAction\",\"target\":{\"@type\":\"EntryPoint\",\"urlTemplate\":\"https:\/\/www.bccservices.com\/hr\/?s={search_term_string}\"},\"query-input\":{\"@type\":\"PropertyValueSpecification\",\"valueRequired\":true,\"valueName\":\"search_term_string\"}}],\"inLanguage\":\"hr\"},{\"@type\":\"Organization\",\"@id\":\"https:\/\/www.bccservices.com\/hr\/#organization\",\"name\":\"BCC Services\",\"url\":\"https:\/\/www.bccservices.com\/hr\/\",\"logo\":{\"@type\":\"ImageObject\",\"inLanguage\":\"hr\",\"@id\":\"https:\/\/www.bccservices.com\/hr\/#\/schema\/logo\/image\/\",\"url\":\"http:\/\/172.19.41.139\/hr\/wp-content\/uploads\/2022\/05\/BCC-Services_square-01.png\",\"contentUrl\":\"http:\/\/172.19.41.139\/hr\/wp-content\/uploads\/2022\/05\/BCC-Services_square-01.png\",\"width\":354,\"height\":354,\"caption\":\"BCC Services\"},\"image\":{\"@id\":\"https:\/\/www.bccservices.com\/hr\/#\/schema\/logo\/image\/\"},\"sameAs\":[\"https:\/\/www.facebook.com\/BCCServiceshr\/\"]}]}<\/script>\r\n<!-- \/ Yoast SEO plugin. -->","yoast_head_json":{"title":"Softverska rje\u0161enja - BCC Services","robots":{"index":"index","follow":"follow","max-snippet":"max-snippet:-1","max-image-preview":"max-image-preview:large","max-video-preview":"max-video-preview:-1"},"canonical":"https:\/\/www.bccservices.com\/hr\/softverska-rjesenja\/","og_locale":"hr_HR","og_type":"article","og_title":"Softverska rje\u0161enja - BCC Services","og_url":"https:\/\/www.bccservices.com\/hr\/softverska-rjesenja\/","og_site_name":"BCC Services","article_publisher":"https:\/\/www.facebook.com\/BCCServiceshr\/","article_modified_time":"2023-12-28T11:03:31+00:00","twitter_card":"summary_large_image","twitter_misc":{"Procijenjeno vrijeme \u010ditanja":"10 minuta"},"schema":{"@context":"https:\/\/schema.org","@graph":[{"@type":"WebPage","@id":"https:\/\/www.bccservices.com\/hr\/softverska-rjesenja\/","url":"https:\/\/www.bccservices.com\/hr\/softverska-rjesenja\/","name":"Softverska rje\u0161enja - BCC Services","isPartOf":{"@id":"https:\/\/www.bccservices.com\/hr\/#website"},"datePublished":"2020-10-13T13:13:13+00:00","dateModified":"2023-12-28T11:03:31+00:00","breadcrumb":{"@id":"https:\/\/www.bccservices.com\/hr\/softverska-rjesenja\/#breadcrumb"},"inLanguage":"hr","potentialAction":[{"@type":"ReadAction","target":["https:\/\/www.bccservices.com\/hr\/softverska-rjesenja\/"]}]},{"@type":"BreadcrumbList","@id":"https:\/\/www.bccservices.com\/hr\/softverska-rjesenja\/#breadcrumb","itemListElement":[{"@type":"ListItem","position":1,"name":"Home","item":"https:\/\/www.bccservices.com\/hr\/"},{"@type":"ListItem","position":2,"name":"Softverska rje\u0161enja"}]},{"@type":"WebSite","@id":"https:\/\/www.bccservices.com\/hr\/#website","url":"https:\/\/www.bccservices.com\/hr\/","name":"BCC Services","description":"","publisher":{"@id":"https:\/\/www.bccservices.com\/hr\/#organization"},"potentialAction":[{"@type":"SearchAction","target":{"@type":"EntryPoint","urlTemplate":"https:\/\/www.bccservices.com\/hr\/?s={search_term_string}"},"query-input":{"@type":"PropertyValueSpecification","valueRequired":true,"valueName":"search_term_string"}}],"inLanguage":"hr"},{"@type":"Organization","@id":"https:\/\/www.bccservices.com\/hr\/#organization","name":"BCC Services","url":"https:\/\/www.bccservices.com\/hr\/","logo":{"@type":"ImageObject","inLanguage":"hr","@id":"https:\/\/www.bccservices.com\/hr\/#\/schema\/logo\/image\/","url":"http:\/\/172.19.41.139\/hr\/wp-content\/uploads\/2022\/05\/BCC-Services_square-01.png","contentUrl":"http:\/\/172.19.41.139\/hr\/wp-content\/uploads\/2022\/05\/BCC-Services_square-01.png","width":354,"height":354,"caption":"BCC Services"},"image":{"@id":"https:\/\/www.bccservices.com\/hr\/#\/schema\/logo\/image\/"},"sameAs":["https:\/\/www.facebook.com\/BCCServiceshr\/"]}]}},"_links":{"self":[{"href":"https:\/\/www.bccservices.com\/hr\/wp-json\/wp\/v2\/pages\/1107"}],"collection":[{"href":"https:\/\/www.bccservices.com\/hr\/wp-json\/wp\/v2\/pages"}],"about":[{"href":"https:\/\/www.bccservices.com\/hr\/wp-json\/wp\/v2\/types\/page"}],"author":[{"embeddable":true,"href":"https:\/\/www.bccservices.com\/hr\/wp-json\/wp\/v2\/users\/1"}],"replies":[{"embeddable":true,"href":"https:\/\/www.bccservices.com\/hr\/wp-json\/wp\/v2\/comments?post=1107"}],"version-history":[{"count":2,"href":"https:\/\/www.bccservices.com\/hr\/wp-json\/wp\/v2\/pages\/1107\/revisions"}],"predecessor-version":[{"id":6213,"href":"https:\/\/www.bccservices.com\/hr\/wp-json\/wp\/v2\/pages\/1107\/revisions\/6213"}],"wp:attachment":[{"href":"https:\/\/www.bccservices.com\/hr\/wp-json\/wp\/v2\/media?parent=1107"}],"curies":[{"name":"wp","href":"https:\/\/api.w.org\/{rel}","templated":true}]}}